{"id":914,"date":"2016-07-18T12:46:26","date_gmt":"2016-07-18T10:46:26","guid":{"rendered":"http:\/\/ekongkar.yoga\/?page_id=914"},"modified":"2024-06-23T13:07:48","modified_gmt":"2024-06-23T11:07:48","slug":"principaux-muscles-squelettiques","status":"publish","type":"page","link":"https:\/\/ekongkar.yoga\/?page_id=914","title":{"rendered":"Principaux muscles squelettiques"},"content":{"rendered":"<p><span style=\"color: #8c282c;\"><span style=\"font-size: 18pt;\">Principaux muscles squelettiques<\/span><\/span><\/p>\n<p>Le corps humain compte plus de <strong><span style=\"color: #008080;\">600 muscles<\/span><\/strong>. Ils peuvent \u00eatre r\u00e9partis de diverses mani\u00e8res et par groupes, selon leur localisation, l\u2019action commune qu\u2019ils effectuent, la r\u00e9gion du corps sur laquelle ils agissent, leurs origines et leurs insertions, leur innervation, etc.<\/p>\n<p><strong><span style=\"color: #008080;\"><span style=\"text-decoration: underline;\">Voici une \u00e9num\u00e9ration tr\u00e8s sommaire<\/span> :<\/span><\/strong><\/p>\n<p>Les <strong><span style=\"color: #008080;\">muscles de l\u2019expression faciale<\/span><\/strong>, qui entourent les orifices des yeux, de la bouche et du nez. Ils permettent de communiquer et d\u2019exprimer une grande diversit\u00e9 d\u2019\u00e9motions. Leurs particularit\u00e9 est d\u2019imprimer un mouvement \u00e0 la peau plut\u00f4t qu\u2019\u00e0 une articulation<\/p>\n<p>Les <strong><span style=\"color: #008080;\">muscles des mouvements des yeux<\/span><\/strong> (des globes oculaires), qui se caract\u00e9risent par une capacit\u00e9 \u00e0 se contracter avec rapidit\u00e9 et font partie des muscles squelettique qui sont command\u00e9s avec la plus grande pr\u00e9cision.<\/p>\n<p>Les <strong><span style=\"color: #008080;\">muscles des mouvements de la langue<\/span><\/strong> dont la mobilit\u00e9 est essentielle pour la locution, la mastication, la gustation et la d\u00e9glutition.<\/p>\n<p>Les <strong><span style=\"color: #008080;\">muscles des mouvements de la m\u00e2choire inf\u00e9rieure<\/span><\/strong>, \u00e9galement appel\u00e9s muscles masticateurs car c\u2019est par leur action que la nourriture est m\u00e2ch\u00e9e.Ils font partie des muscles les plus puissant du corps, ces muscles \u0153uvrant ensemble, la force de la m\u00e2choire peut atteindre 25 kg sur les incisives et plus de 90 kg sur les molaires.<\/p>\n<p>Les <strong><span style=\"color: #008080;\">muscles des mouvements de la t\u00eate<\/span><\/strong>, ainsi que son maintien en \u00e9quilibre sur la colonne vert\u00e9brale, qui permettent les mouvements de flexion, extension, inclinaisons lat\u00e9rales et rotations.<\/p>\n<p>Les <strong><span style=\"color: #008080;\">muscles de la respiration<\/span><\/strong>, \u00e0 savoir ceux qui modifient la taille de la cavit\u00e9 thoracique et permettent le mouvement de ventilation. Le plus volumineux et le plus important de ces muscles est le diaphragme qui par sa contraction produit l&rsquo;inspiration. D&rsquo;autres muscles, nombreux, participent \u00e0 la respiration. Les muscles dits \u00ab inspirateurs costaux \u00bb qui visent \u00e0 ouvrir la cage thoracique en tractant les c\u00f4tes et le sternum et les muscles expirateurs, tels les abdominaux qui lorsqu&rsquo;ils se contractent repoussent les visc\u00e8res qui \u00e0 leur tour repoussent le diaphragme, diminuant ainsi la dimension de la cavit\u00e9 thoracique et entrainant une compression des poumons et une expulsion de l\u2019air. (voir: <a href=\"http:\/\/ekongkar.yoga\/?page_id=850\">ventilation pulmonaire<\/a>)<\/p>\n<p>Les <strong><span style=\"color: #008080;\">muscles abdominaux<\/span><\/strong> sont constitu\u00e9s du transverse, du droit de l\u2019abdomen, de l\u2019oblique externe et interne. Ces muscles s\u2019\u00e9tendent du thorax et de la colonne vert\u00e9brale \u00e0 la partie sup\u00e9rieure du bassin. Ils contribuent \u00e0 contenir et prot\u00e9ger les visc\u00e8res et la colonne vert\u00e9brale, interviennent dans la respiration et jouent un r\u00f4le dans les mouvements de flexion, flexion lat\u00e9rale et rotation de la colonne vert\u00e9brale. Ils participent \u00e9galement \u00e0 la d\u00e9f\u00e9cation, \u00e0 la miction et produisent la force n\u00e9cessaire \u00e0 l\u2019accouchement.<\/p>\n<p>Les <strong><span style=\"color: #008080;\">muscles du plancher pelvien et du p\u00e9rin\u00e9e<\/span><\/strong> qui ferment la partie inf\u00e9rieure du bassin. Ils soutiennent et maintiennent en place les visc\u00e8res, aide \u00e0 la miction, maintient le canal anal et l\u2019anus ferm\u00e9s, etc.<\/p>\n<p>Les <strong><span style=\"color: #008080;\">muscles des mouvements de la colonne vert\u00e9brale<\/span><\/strong>, tr\u00e8s nombreux, forment une architecture complexe. Ils constituent la plus grande masse musculaire du corps, ils pr\u00e9sentent une grande diversit\u00e9 de formes, en de nombreux endroits ils se chevauchent (certains sont superficiels, d&rsquo;autres profonds) et leurs lieux d\u2019origine et leurs insertions sont tr\u00e8s diversifi\u00e9es. Gr\u00e2ce aux mobilit\u00e9s de la t\u00eate et de la colonne vert\u00e9brale, l\u2019action de ces muscles se d\u00e9cline en flexion, extension, flexion lat\u00e9rale, rotation, translation et surtout stabilisation du tronc. Selon leur action sur les c\u00f4tes, certains de ces muscles permettent \u00e9galement l\u2019\u00e9l\u00e9vation des c\u00f4tes au cours de l\u2019inspiration.<\/p>\n<p>Les <strong><span style=\"color: #008080;\">muscle des mouvements de la ceinture scapulaire<\/span><\/strong> qui permettent les mouvements de l\u2019omoplate et de la clavicule. Pour l\u2019essentiel ces muscles visent \u00e0 stabiliser l\u2019omoplate de telle sorte qu\u2019elle serve de point d\u2018ancrage stable \u00e0 la plupart des muscles qui mobilisent le bras.<\/p>\n<p>Les <strong><span style=\"color: #008080;\">muscles des mouvements de l\u2019hum\u00e9rus<\/span><\/strong>. La plupart de ces muscles trouvent leur origine sur l\u2019omoplate, ce sont les muscles scapulaires. Les autres, qui sont fix\u00e9s au squelette du thorax, tel le grand pectoral et le grand dorsal, sont appel\u00e9s muscles axiaux. Ces muscles (en particulier les muscles profonds) renforcent et stabilisent l\u2019articulation de l\u2019\u00e9paule, et engendrent l\u2019ensemble des nombreuses possibilit\u00e9s de mouvements du bras par rapport \u00e0 l\u2019omoplate : l\u2019ant\u00e9pulsion, la r\u00e9tropulsion, l\u2019abduction, l\u2019adduction et la rotation interne ou externe.<\/p>\n<p>Les <strong><span style=\"color: #008080;\">muscles des mouvements du radius et du cubitus<\/span><\/strong> qui pour la plupart participent \u00e0 la flexion et l\u2019extension du coude. Certains muscles assurent \u00e9galement la pronation et la supination.<\/p>\n<p>Les <strong><span style=\"color: #008080;\">muscles des mouvements du poignet, de la main et des doigts<\/span><\/strong>. Ces muscles sont tr\u00e8s nombreux et diversifi\u00e9s car les capacit\u00e9s motrices (pr\u00e9hension etc) de la main et des doigts en particulier sont tr\u00e8s sophistiqu\u00e9es et d&rsquo;une extr\u00eame finesse.<\/p>\n<p>Les <strong><span style=\"color: #008080;\">muscles des mouvements du f\u00e9mur<\/span><\/strong> ont pour la plupart leur origine sur la ceinture pelvienne et leur insertion sur le f\u00e9mur. Parmi les plus connus, on compte le psoas, les fessiers et les adducteurs. Compte tenu de sa forme articulaire, l\u2019articulation de la hanche peut effectuer des mouvements dans de nombreuses directions : flexion, extension, abduction, adduction et rotations.<\/p>\n<p>Les <strong><span style=\"color: #008080;\">muscles qui agissent sur le f\u00e9mur, la rotule et le tibia<\/span><\/strong>. Certains assurent l\u2019extension de la jambe (et participent aussi \u00e0 la flexion de la cuisse) dont le quadriceps f\u00e9moral qui est un des plus gros muscles du corps ; d\u2019autres, \u00e0 l\u2019arri\u00e8re de la cuisse, assurent la flexion de la jambe.<\/p>\n<p>Les <strong><span style=\"color: #008080;\">muscles des mouvements du pied et des orteils<\/span><\/strong>. Ces muscles sont nombreux et diversifi\u00e9s et permettent une grande vari\u00e9t\u00e9 de mouvements du pied (flexion, extension, supination, pronation, abduction, adduction, \u00e9version et inversion) et des orteils (flexion, extension, abduction, adduction).<\/p>\n<p style=\"text-align: center;\"><strong><span style=\"color: #008080;\"><span style=\"color: #800000;\">A lire \u00e9galement:<\/span><br \/>\n<\/span><\/strong><strong><span style=\"color: #008080;\"><a href=\"http:\/\/ekongkar.yoga\/?page_id=892\">Le squelette<br \/>\n<\/a><\/span><\/strong><a href=\"http:\/\/ekongkar.yoga\/?page_id=894\">Les os de la t\u00eate<\/a>\u00a0\/\u00a0<a href=\"http:\/\/ekongkar.yoga\/?page_id=896\">Les os du tronc<\/a>\u00a0\/\u00a0<a href=\"http:\/\/ekongkar.yoga\/?page_id=898\">Les membres sup\u00e9rieurs<\/a>\u00a0\/\u00a0<a href=\"http:\/\/ekongkar.yoga\/?page_id=900\">Les membres inf\u00e9rieurs<br \/>\n<\/a><strong><span style=\"color: #008080;\"><a href=\"http:\/\/ekongkar.yoga\/?page_id=902\">Les articulations<br \/>\n<\/a><\/span><\/strong><a href=\"http:\/\/ekongkar.yoga\/?page_id=903\">Classification des articulations<\/a>\u00a0\/\u00a0<a href=\"http:\/\/ekongkar.yoga\/?page_id=906\">Diff\u00e9rents types d\u2019articulations synoviales<\/a>\u00a0\/\u00a0<a href=\"http:\/\/ekongkar.yoga\/?page_id=907\">Les mouvements permis par les articulations synoviales<br \/>\n<\/a><strong><span style=\"color: #008080;\"><a href=\"http:\/\/ekongkar.yoga\/?page_id=910\">Les muscles<br \/>\n<\/a><\/span><\/strong><a href=\"http:\/\/ekongkar.yoga\/?page_id=911\">Comment sont produits les mouvements<\/a>\u00a0\/\u00a0Principaux muscles squelettiques\u00a0\/\u00a0<a href=\"http:\/\/ekongkar.yoga\/?page_id=916\">Coordination des groupes musculaires<\/a>\u00a0\/\u00a0<a href=\"http:\/\/ekongkar.yoga\/?page_id=918\">Les noms des muscles<\/a><\/p>\n","protected":false},"excerpt":{"rendered":"<p>Principaux muscles squelettiques Le corps humain compte plus de 600 muscles. Ils peuvent \u00eatre r\u00e9partis de diverses mani\u00e8res et par groupes, selon leur localisation, l\u2019action commune qu\u2019ils effectuent, la r\u00e9gion du corps sur laquelle ils agissent, leurs origines et leurs insertions, leur innervation, etc. Voici une \u00e9num\u00e9ration tr\u00e8s sommaire :&#8230;<\/p>\n<p> <a class=\"continue-reading-link\" href=\"https:\/\/ekongkar.yoga\/?page_id=914\"><span>Lire la suite&#8230;<\/span><i class=\"crycon-right-dir\"><\/i><\/a> <\/p>\n","protected":false},"author":1,"featured_media":0,"parent":910,"menu_order":1,"comment_status":"closed","ping_status":"closed","template":"","meta":{"footnotes":""},"class_list":["post-914","page","type-page","status-publish","hentry"],"_links":{"self":[{"href":"https:\/\/ekongkar.yoga\/index.php?rest_route=\/wp\/v2\/pages\/914","targetHints":{"allow":["GET"]}}],"collection":[{"href":"https:\/\/ekongkar.yoga\/index.php?rest_route=\/wp\/v2\/pages"}],"about":[{"href":"https:\/\/ekongkar.yoga\/index.php?rest_route=\/wp\/v2\/types\/page"}],"author":[{"embeddable":true,"href":"https:\/\/ekongkar.yoga\/index.php?rest_route=\/wp\/v2\/users\/1"}],"replies":[{"embeddable":true,"href":"https:\/\/ekongkar.yoga\/index.php?rest_route=%2Fwp%2Fv2%2Fcomments&post=914"}],"version-history":[{"count":1,"href":"https:\/\/ekongkar.yoga\/index.php?rest_route=\/wp\/v2\/pages\/914\/revisions"}],"predecessor-version":[{"id":37713,"href":"https:\/\/ekongkar.yoga\/index.php?rest_route=\/wp\/v2\/pages\/914\/revisions\/37713"}],"up":[{"embeddable":true,"href":"https:\/\/ekongkar.yoga\/index.php?rest_route=\/wp\/v2\/pages\/910"}],"wp:attachment":[{"href":"https:\/\/ekongkar.yoga\/index.php?rest_route=%2Fwp%2Fv2%2Fmedia&parent=914"}],"curies":[{"name":"wp","href":"https:\/\/api.w.org\/{rel}","templated":true}]}}