{"id":910,"date":"2016-07-20T12:44:36","date_gmt":"2016-07-20T10:44:36","guid":{"rendered":"http:\/\/ekongkar.yoga\/?page_id=910"},"modified":"2024-06-23T13:04:51","modified_gmt":"2024-06-23T11:04:51","slug":"les-muscles","status":"publish","type":"page","link":"https:\/\/ekongkar.yoga\/?page_id=910","title":{"rendered":"Les muscles"},"content":{"rendered":"<p><span style=\"color: #8c282c;\"><span style=\"font-size: 18pt;\">Les muscles<\/span><\/span><\/p>\n<p>Le corps humain compte quelques <strong><span style=\"color: #008080;\">650 muscles<\/span><\/strong> : une cinquantaine animent chacun des membres, environ 150 se situe au niveau de la t\u00eate et du cou, 200 dans la r\u00e9gion du tronc et une autre centaine sont annex\u00e9s \u00e0 divers organes.<\/p>\n<ul>\n<li><a href=\"http:\/\/ekongkar.yoga\/?page_id=911\">Comment sont produits les mouvements<\/a><\/li>\n<li><a href=\"http:\/\/ekongkar.yoga\/?page_id=914\">Principaux muscles squelettiques<\/a><\/li>\n<li><a href=\"http:\/\/ekongkar.yoga\/?page_id=916\">Coordination des groupes musculaires<\/a><\/li>\n<li><a href=\"http:\/\/ekongkar.yoga\/?page_id=918\">Les noms des muscles<\/a><\/li>\n<\/ul>\n<p>On appelle<strong><span style=\"color: #008080;\"> syst\u00e8me musculaire squelettique<\/span><\/strong> l&rsquo;ensemble des muscles qui, sous le contr\u00f4le du syst\u00e8me nerveux, assurent la motricit\u00e9 (marche, maintien et changement de posture, parole, mouvements du visage, pr\u00e9hensions et manipulations d\u2019objets, etc).<\/p>\n<p><strong><span style=\"color: #008080;\">Le muscle est dit \u00ab\u00a0squelettique\u00a0\u00bb<\/span><\/strong> lorsqu&rsquo;il s&rsquo;ins\u00e8re sur les os et mobilise ceux-ci en se contractant. Il est d&rsquo;autres types de tissu musculaire dont on ne traitera pas dans cette section: le tissu musculaire cardiaque (qu&rsquo;on retrouve uniquement dans les parois du coeur) et le tissu musculaire lisse (qu&rsquo;on retrouve dans tous les organes creux, sauf le coeur.<\/p>\n<p>La <strong><span style=\"color: #008080;\">masse musculaire<\/span><\/strong> repr\u00e9sente environ 40% du poids du corps. Le muscle quadriceps de la cuisse p\u00e8se 2 \u00e0 3 kg tandis que les plus petits muscles, en particulier ceux qui sont associ\u00e9s aux osselets de l\u2019oreille, p\u00e8sent quelques grammes seulement.<\/p>\n<p><strong><span style=\"color: #008080;\">Pour comprendre et analyser les mouvements<\/span><\/strong> r\u00e9alis\u00e9s par chaque membre et chaque articulation, il est utile de pouvoir identifier les principaux groupes musculaires du corps, de conna\u00eetre les origines et les insertions de chaque muscle ainsi que le ou les nerfs qui stimulent leur contraction.<\/p>\n<p style=\"text-align: center;\"><strong><span style=\"color: #008080;\"><span style=\"color: #800000;\">A lire \u00e9galement:<\/span><br \/>\n<\/span><\/strong><strong><span style=\"color: #008080;\"><a href=\"http:\/\/ekongkar.yoga\/?page_id=892\">Le squelette<br \/>\n<\/a><\/span><\/strong><a href=\"http:\/\/ekongkar.yoga\/?page_id=894\">Les os de la t\u00eate<\/a>\u00a0\/\u00a0<a href=\"http:\/\/ekongkar.yoga\/?page_id=896\">Les os du tronc<\/a>\u00a0\/\u00a0<a href=\"http:\/\/ekongkar.yoga\/?page_id=898\">Les membres sup\u00e9rieurs<\/a>\u00a0\/\u00a0<a href=\"http:\/\/ekongkar.yoga\/?page_id=900\">Les membres inf\u00e9rieurs<br \/>\n<\/a><strong><span style=\"color: #008080;\"><a href=\"http:\/\/ekongkar.yoga\/?page_id=902\">Les articulations<br \/>\n<\/a><\/span><\/strong><a href=\"http:\/\/ekongkar.yoga\/?page_id=903\">Classification des articulations<\/a>\u00a0\/\u00a0<a href=\"http:\/\/ekongkar.yoga\/?page_id=906\">Diff\u00e9rents types d\u2019articulations synoviales<\/a>\u00a0\/\u00a0<a href=\"http:\/\/ekongkar.yoga\/?page_id=907\">Les mouvements permis par les articulations synoviales<br \/>\n<\/a><strong><span style=\"color: #008080;\">Les muscles<br \/>\n<\/span><\/strong><a href=\"http:\/\/ekongkar.yoga\/?page_id=911\">Comment sont produits les mouvements<\/a>\u00a0\/\u00a0<a href=\"http:\/\/ekongkar.yoga\/?page_id=914\">Principaux muscles squelettiques<\/a>\u00a0\/\u00a0<a href=\"http:\/\/ekongkar.yoga\/?page_id=916\">Coordination des groupes musculaires<\/a>\u00a0\/\u00a0<a href=\"http:\/\/ekongkar.yoga\/?page_id=918\">Les noms des muscles<\/a><\/p>\n","protected":false},"excerpt":{"rendered":"<p>Les muscles Le corps humain compte quelques 650 muscles : une cinquantaine animent chacun des membres, environ 150 se situe au niveau de la t\u00eate et du cou, 200 dans la r\u00e9gion du tronc et une autre centaine sont annex\u00e9s \u00e0 divers organes. Comment sont produits les mouvements Principaux muscles&#8230;<\/p>\n<p> <a class=\"continue-reading-link\" href=\"https:\/\/ekongkar.yoga\/?page_id=910\"><span>Lire la suite&#8230;<\/span><i class=\"crycon-right-dir\"><\/i><\/a> <\/p>\n","protected":false},"author":1,"featured_media":0,"parent":886,"menu_order":2,"comment_status":"closed","ping_status":"closed","template":"","meta":{"footnotes":""},"class_list":["post-910","page","type-page","status-publish","hentry"],"_links":{"self":[{"href":"https:\/\/ekongkar.yoga\/index.php?rest_route=\/wp\/v2\/pages\/910","targetHints":{"allow":["GET"]}}],"collection":[{"href":"https:\/\/ekongkar.yoga\/index.php?rest_route=\/wp\/v2\/pages"}],"about":[{"href":"https:\/\/ekongkar.yoga\/index.php?rest_route=\/wp\/v2\/types\/page"}],"author":[{"embeddable":true,"href":"https:\/\/ekongkar.yoga\/index.php?rest_route=\/wp\/v2\/users\/1"}],"replies":[{"embeddable":true,"href":"https:\/\/ekongkar.yoga\/index.php?rest_route=%2Fwp%2Fv2%2Fcomments&post=910"}],"version-history":[{"count":1,"href":"https:\/\/ekongkar.yoga\/index.php?rest_route=\/wp\/v2\/pages\/910\/revisions"}],"predecessor-version":[{"id":37711,"href":"https:\/\/ekongkar.yoga\/index.php?rest_route=\/wp\/v2\/pages\/910\/revisions\/37711"}],"up":[{"embeddable":true,"href":"https:\/\/ekongkar.yoga\/index.php?rest_route=\/wp\/v2\/pages\/886"}],"wp:attachment":[{"href":"https:\/\/ekongkar.yoga\/index.php?rest_route=%2Fwp%2Fv2%2Fmedia&parent=910"}],"curies":[{"name":"wp","href":"https:\/\/api.w.org\/{rel}","templated":true}]}}