{"id":907,"date":"2016-07-21T12:43:50","date_gmt":"2016-07-21T10:43:50","guid":{"rendered":"http:\/\/ekongkar.yoga\/?page_id=907"},"modified":"2024-06-23T13:04:13","modified_gmt":"2024-06-23T11:04:13","slug":"les-mouvements-permis-par-les-articulations-synoviales","status":"publish","type":"page","link":"https:\/\/ekongkar.yoga\/?page_id=907","title":{"rendered":"Les mouvements permis par les articulations synoviales"},"content":{"rendered":"<p><span style=\"color: #8c282c;\"><span style=\"font-size: 18pt;\">Les mouvements permis par les articulations synoviales<\/span><\/span><\/p>\n<p>Le corps humain poss\u00e8de une <strong><span style=\"color: #008080;\">grande diversit\u00e9 de mouvements articulaires<\/span><\/strong>. Ceux-ci d\u00e9pendent de l&rsquo;articulation et de sa forme anatomique. Des <strong><span style=\"color: #008080;\">termes pr\u00e9cis<\/span><\/strong> sont utilis\u00e9s pour d\u00e9crire ces mouvements.<\/p>\n<p><span style=\"text-decoration: underline;\"><strong><span style=\"color: #008080; text-decoration: underline;\">Flexion \/ Extension<\/span><\/strong><\/span><\/p>\n<p>La flexion et l&rsquo;extension sont des mouvements oppos\u00e9s l&rsquo;un \u00e0 l&rsquo;autre. La <strong><span style=\"color: #008080;\">flexion<\/span> <\/strong>est le mouvement qui rapproche les uns des autres les segments d&rsquo;un membre entra\u00eenant une diminution de l&rsquo;angle entre ces segments. A l&rsquo;inverse, l&rsquo;<strong><span style=\"color: #008080;\">extension<\/span><\/strong> augmente l&rsquo;angle entre les os, souvent en alignant les segments d&rsquo;un membre. Exemple: flexion \/extension du coude, de la hanche ou du genou.<\/p>\n<p>Quelques particularit\u00e9s sont \u00e0 noter. Souvent, on parle d&rsquo;ant\u00e9pulsion pour d\u00e9signer la flexion de l&rsquo;\u00e9paule et de r\u00e9tropulsion pour son extension. Au niveau de la cheville, on parle de dorsiflexion pour la flexion du pied sur la jambe et de flexion plantaire pour le mouvement inverse lorsque l&rsquo;on tend le pied pour l&rsquo;aligner avec la jambe. Il est \u00e9galement question de flexion lat\u00e9rale pour d\u00e9signer le mouvement du tronc vers la droite ou la gauche.<\/p>\n<p>Le mouvement qui consiste \u00e0 prolonger une extension au-del\u00e0 de la position anatomique est appel\u00e9 <strong><span style=\"color: #008080;\">hyperextension<\/span><\/strong>.<\/p>\n<p><span style=\"text-decoration: underline;\"><strong><span style=\"color: #008080; text-decoration: underline;\">Adduction \/ abduction<\/span><\/strong><\/span><\/p>\n<p>L\u2019<strong><span style=\"color: #008080;\">abduction<\/span><\/strong> est le mouvement qui \u00e9loigne un os de la ligne m\u00e9diane du corps tandis que l\u2019<strong><span style=\"color: #008080;\">adduction<\/span><\/strong> est le mouvement qui rapproche un os de la ligne m\u00e9diane du corps.<\/p>\n<p><span style=\"text-decoration: underline;\"><strong><span style=\"color: #008080; text-decoration: underline;\">Rotation<\/span><\/strong><\/span><\/p>\n<p>La <strong><span style=\"color: #008080;\">rotation<\/span> <\/strong>est le mouvement d\u2019un os autour de son axe longitudinal.<\/p>\n<p><span style=\"text-decoration: underline;\"><strong><span style=\"color: #008080; text-decoration: underline;\">Mouvements sp\u00e9ciaux<\/span><\/strong><\/span><\/p>\n<p>Il est d\u2019autres mouvements plus particuliers qui ne sont permis que par certaines articulations seulement :<\/p>\n<ul>\n<li>La <strong><span style=\"color: #008080;\">circumduction<\/span> <\/strong>d\u00e9signe le mouvement au cours duquel l\u2019extr\u00e9mit\u00e9 d\u2019une partie du corps d\u00e9crit un cercle. Ce n&rsquo;est pas un mouvement isol\u00e9, mais plut\u00f4t une s\u00e9quence continue de mouvements de flexion, d&rsquo;abduction, d&rsquo;extension et d&rsquo;adduction.<\/li>\n<li>La <strong><span style=\"color: #008080;\">pronation<\/span> <\/strong>et la <strong><span style=\"color: #008080;\">supination<\/span><\/strong>, au niveau de l&rsquo;avant-bras, d\u00e9signent la position relative du radius et de l&rsquo;ulna (les 2 os de l&rsquo;avant-bras). Ces mouvements s&rsquo;observent ais\u00e9ment coude fl\u00e9chi. La supination am\u00e8ne la paume de la main \u00e0 se tourner vers le ciel, et le mouvement inverse de pronation, am\u00e8ne la paume \u00e0 se tourner vers le sol.<\/li>\n<li>L\u2019<strong><span style=\"color: #008080;\">inversion<\/span><\/strong> et l\u2019<strong><span style=\"color: #008080;\">\u00e9version<\/span><\/strong> sont des mouvements sp\u00e9cifiques \u00e0 l&rsquo;articulation de la cheville. L&rsquo;inversion des chevilles am\u00e8ne les 2 plantes de pieds \u00e0 se faire face tandis que l&rsquo;\u00e9version les oriente dans des directions oppos\u00e9es.<\/li>\n<li>L\u2019<strong><span style=\"color: #008080;\">\u00e9l\u00e9vation<\/span><\/strong> et l\u2019<strong><span style=\"color: #008080;\">abaissement<\/span><\/strong> d\u00e9signent l\u2019\u00e9l\u00e9vation d\u2019une partie du corps en position sup\u00e9rieure ou inf\u00e9rieure. Lorsque l\u2019on hausse les \u00e9paules, l\u2019omoplate r\u00e9alise une \u00e9l\u00e9vation et inversement, lorsque l\u2019on replace les \u00e9paules soulev\u00e9es dans la position anatomique, l\u2019omoplate est abaiss\u00e9e.<\/li>\n<li>L\u2019<strong><span style=\"color: #008080;\">opposition<\/span><\/strong> est un mouvement propre au pouce qui lui permet de croiser la paume pour aller toucher les bouts des doigts de la m\u00eame main. Ce mouvement est propre aux humains et aux primates, il leur permet de saisir et de manipuler des objets avec une grande pr\u00e9cision.<\/li>\n<\/ul>\n<p style=\"text-align: center;\"><strong><span style=\"color: #008080;\"><span style=\"color: #800000;\">A lire \u00e9galement:<\/span><br \/>\n<\/span><\/strong><strong><span style=\"color: #008080;\"><a href=\"http:\/\/ekongkar.yoga\/?page_id=892\">Le squelette<br \/>\n<\/a><\/span><\/strong><a href=\"http:\/\/ekongkar.yoga\/?page_id=894\">Les os de la t\u00eate<\/a>\u00a0\/\u00a0<a href=\"http:\/\/ekongkar.yoga\/?page_id=896\">Les os du tronc<\/a>\u00a0\/\u00a0<a href=\"http:\/\/ekongkar.yoga\/?page_id=898\">Les membres sup\u00e9rieurs<\/a>\u00a0\/\u00a0<a href=\"http:\/\/ekongkar.yoga\/?page_id=900\">Les membres inf\u00e9rieurs<br \/>\n<\/a><strong><span style=\"color: #008080;\"><a href=\"http:\/\/ekongkar.yoga\/?page_id=902\">Les articulations<br \/>\n<\/a><\/span><\/strong><a href=\"http:\/\/ekongkar.yoga\/?page_id=903\">Classification des articulations<\/a>\u00a0\/\u00a0<a href=\"http:\/\/ekongkar.yoga\/?page_id=906\">Diff\u00e9rents types d\u2019articulations synoviales<\/a>\u00a0\/\u00a0Les mouvements permis par les articulations synoviales<br \/>\n<strong><span style=\"color: #008080;\"><a href=\"http:\/\/ekongkar.yoga\/?page_id=910\">Les muscles<br \/>\n<\/a><\/span><\/strong><a href=\"http:\/\/ekongkar.yoga\/?page_id=911\">Comment sont produits les mouvements<\/a>\u00a0\/\u00a0<a href=\"http:\/\/ekongkar.yoga\/?page_id=914\">Principaux muscles squelettiques<\/a>\u00a0\/\u00a0<a href=\"http:\/\/ekongkar.yoga\/?page_id=916\">Coordination des groupes musculaires<\/a>\u00a0\/\u00a0<a href=\"http:\/\/ekongkar.yoga\/?page_id=918\">Les noms des muscles<\/a><\/p>\n","protected":false},"excerpt":{"rendered":"<p>Les mouvements permis par les articulations synoviales Le corps humain poss\u00e8de une grande diversit\u00e9 de mouvements articulaires. Ceux-ci d\u00e9pendent de l&rsquo;articulation et de sa forme anatomique. Des termes pr\u00e9cis sont utilis\u00e9s pour d\u00e9crire ces mouvements. Flexion \/ Extension La flexion et l&rsquo;extension sont des mouvements oppos\u00e9s l&rsquo;un \u00e0 l&rsquo;autre. La&#8230;<\/p>\n<p> <a class=\"continue-reading-link\" href=\"https:\/\/ekongkar.yoga\/?page_id=907\"><span>Lire la suite&#8230;<\/span><i class=\"crycon-right-dir\"><\/i><\/a> <\/p>\n","protected":false},"author":1,"featured_media":0,"parent":902,"menu_order":2,"comment_status":"closed","ping_status":"closed","template":"","meta":{"footnotes":""},"class_list":["post-907","page","type-page","status-publish","hentry"],"_links":{"self":[{"href":"https:\/\/ekongkar.yoga\/index.php?rest_route=\/wp\/v2\/pages\/907","targetHints":{"allow":["GET"]}}],"collection":[{"href":"https:\/\/ekongkar.yoga\/index.php?rest_route=\/wp\/v2\/pages"}],"about":[{"href":"https:\/\/ekongkar.yoga\/index.php?rest_route=\/wp\/v2\/types\/page"}],"author":[{"embeddable":true,"href":"https:\/\/ekongkar.yoga\/index.php?rest_route=\/wp\/v2\/users\/1"}],"replies":[{"embeddable":true,"href":"https:\/\/ekongkar.yoga\/index.php?rest_route=%2Fwp%2Fv2%2Fcomments&post=907"}],"version-history":[{"count":1,"href":"https:\/\/ekongkar.yoga\/index.php?rest_route=\/wp\/v2\/pages\/907\/revisions"}],"predecessor-version":[{"id":37710,"href":"https:\/\/ekongkar.yoga\/index.php?rest_route=\/wp\/v2\/pages\/907\/revisions\/37710"}],"up":[{"embeddable":true,"href":"https:\/\/ekongkar.yoga\/index.php?rest_route=\/wp\/v2\/pages\/902"}],"wp:attachment":[{"href":"https:\/\/ekongkar.yoga\/index.php?rest_route=%2Fwp%2Fv2%2Fmedia&parent=907"}],"curies":[{"name":"wp","href":"https:\/\/api.w.org\/{rel}","templated":true}]}}