{"id":903,"date":"2016-07-23T12:42:09","date_gmt":"2016-07-23T10:42:09","guid":{"rendered":"http:\/\/ekongkar.yoga\/?page_id=903"},"modified":"2024-06-23T13:01:42","modified_gmt":"2024-06-23T11:01:42","slug":"classification-des-articulations","status":"publish","type":"page","link":"https:\/\/ekongkar.yoga\/?page_id=903","title":{"rendered":"Classification des articulations"},"content":{"rendered":"<p><span style=\"color: #8c282c;\"><span style=\"font-size: 18pt;\">Classification des articulations<\/span><\/span><\/p>\n<p>Les articulations sont class\u00e9es de diff\u00e9rentes mani\u00e8res: selon leur caract\u00e9ristiques anatomiques ou selon l&rsquo;amplitude des mouvements qu&rsquo;elles permettent.<\/p>\n<p>Selon leurs <em>caract\u00e9ristiques anatomiques<\/em>, on parle d&rsquo;articulations <strong><span style=\"color: #008080;\">fibreuses<\/span><\/strong>, d&rsquo;articulations <strong><span style=\"color: #008080;\">cartilagineuses<\/span> <\/strong>et d&rsquo;articulations <strong><span style=\"color: #008080;\">synoviales<\/span><\/strong>.<\/p>\n<p>Selon le <em>degr\u00e9 de mouvements qu&rsquo;elles permettent<\/em> on identifie les articulations <strong><span style=\"color: #008080;\">fixes<\/span> <\/strong>(qui unissent plusieurs os du cr\u00e2ne), les articulations <strong><span style=\"color: #008080;\">semi-mobiles<\/span><\/strong> (entre les vert\u00e8bres) et les articulations <strong><span style=\"color: #008080;\">mobiles<\/span> <\/strong>(telle que les genoux, les \u00e9paules, etc).<\/p>\n<p>Toutes les articulations mobiles sont des articulations synoviales. Dans les articulations synoviales, il y a un espace, appel\u00e9 <strong><span style=\"color: #008080;\">cavit\u00e9 articulaire<\/span><\/strong>, entre les os qui s\u2019articulent. L&rsquo;extr\u00e9mit\u00e9 de ces os est recouverte de <strong><span style=\"color: #008080;\">cartilage articulaire<\/span><\/strong> et baigne dans un liquide visqueux, le <strong><span style=\"color: #008080;\">liquide synovial<\/span><\/strong>, qui facilite le mouvement. Cet ensemble est entour\u00e9 par une <strong><span style=\"color: #008080;\">capsule articulaire<\/span><\/strong> et des <strong><span style=\"color: #008080;\">ligaments<\/span> <\/strong>qui tout en permettant une certaine amplitude de mouvement, assurent l&rsquo;union des os et les prot\u00e8gent des luxations.<\/p>\n<p style=\"text-align: center;\"><strong><span style=\"color: #008080;\"><span style=\"color: #800000;\">A lire \u00e9galement:<\/span><br \/>\n<\/span><\/strong><strong><span style=\"color: #008080;\"><a href=\"http:\/\/ekongkar.yoga\/?page_id=892\">Le squelette<br \/>\n<\/a><\/span><\/strong><a href=\"http:\/\/ekongkar.yoga\/?page_id=894\">Les os de la t\u00eate<\/a>\u00a0\/\u00a0<a href=\"http:\/\/ekongkar.yoga\/?page_id=896\">Les os du tronc<\/a>\u00a0\/\u00a0<a href=\"http:\/\/ekongkar.yoga\/?page_id=898\">Les membres sup\u00e9rieurs<\/a>\u00a0\/\u00a0<a href=\"http:\/\/ekongkar.yoga\/?page_id=900\">Les membres inf\u00e9rieurs<br \/>\n<\/a><strong><span style=\"color: #008080;\"><a href=\"http:\/\/ekongkar.yoga\/?page_id=902\">Les articulations<br \/>\n<\/a><\/span><\/strong><a href=\"http:\/\/ekongkar.yoga\/?page_id=903\">Classification des articulations<\/a>\u00a0\/\u00a0<a href=\"http:\/\/ekongkar.yoga\/?page_id=906\">Diff\u00e9rents types d\u2019articulations synoviales<\/a>\u00a0\/\u00a0<a href=\"http:\/\/ekongkar.yoga\/?page_id=907\">Les mouvements permis par les articulations synoviales<br \/>\n<\/a><strong><span style=\"color: #008080;\"><a href=\"http:\/\/ekongkar.yoga\/?page_id=910\">Les muscles<br \/>\n<\/a><\/span><\/strong><a href=\"http:\/\/ekongkar.yoga\/?page_id=911\">Comment sont produits les mouvements<\/a>\u00a0\/\u00a0<a href=\"http:\/\/ekongkar.yoga\/?page_id=914\">Principaux muscles squelettiques<\/a>\u00a0\/\u00a0<a href=\"http:\/\/ekongkar.yoga\/?page_id=916\">Coordination des groupes musculaires<\/a>\u00a0\/\u00a0<a href=\"http:\/\/ekongkar.yoga\/?page_id=918\">Les noms des muscles<\/a><\/p>\n","protected":false},"excerpt":{"rendered":"<p>Classification des articulations Les articulations sont class\u00e9es de diff\u00e9rentes mani\u00e8res: selon leur caract\u00e9ristiques anatomiques ou selon l&rsquo;amplitude des mouvements qu&rsquo;elles permettent. Selon leurs caract\u00e9ristiques anatomiques, on parle d&rsquo;articulations fibreuses, d&rsquo;articulations cartilagineuses et d&rsquo;articulations synoviales. Selon le degr\u00e9 de mouvements qu&rsquo;elles permettent on identifie les articulations fixes (qui unissent plusieurs os&#8230;<\/p>\n<p> <a class=\"continue-reading-link\" href=\"https:\/\/ekongkar.yoga\/?page_id=903\"><span>Lire la suite&#8230;<\/span><i class=\"crycon-right-dir\"><\/i><\/a> <\/p>\n","protected":false},"author":1,"featured_media":0,"parent":902,"menu_order":0,"comment_status":"closed","ping_status":"closed","template":"","meta":{"footnotes":""},"class_list":["post-903","page","type-page","status-publish","hentry"],"_links":{"self":[{"href":"https:\/\/ekongkar.yoga\/index.php?rest_route=\/wp\/v2\/pages\/903","targetHints":{"allow":["GET"]}}],"collection":[{"href":"https:\/\/ekongkar.yoga\/index.php?rest_route=\/wp\/v2\/pages"}],"about":[{"href":"https:\/\/ekongkar.yoga\/index.php?rest_route=\/wp\/v2\/types\/page"}],"author":[{"embeddable":true,"href":"https:\/\/ekongkar.yoga\/index.php?rest_route=\/wp\/v2\/users\/1"}],"replies":[{"embeddable":true,"href":"https:\/\/ekongkar.yoga\/index.php?rest_route=%2Fwp%2Fv2%2Fcomments&post=903"}],"version-history":[{"count":1,"href":"https:\/\/ekongkar.yoga\/index.php?rest_route=\/wp\/v2\/pages\/903\/revisions"}],"predecessor-version":[{"id":37708,"href":"https:\/\/ekongkar.yoga\/index.php?rest_route=\/wp\/v2\/pages\/903\/revisions\/37708"}],"up":[{"embeddable":true,"href":"https:\/\/ekongkar.yoga\/index.php?rest_route=\/wp\/v2\/pages\/902"}],"wp:attachment":[{"href":"https:\/\/ekongkar.yoga\/index.php?rest_route=%2Fwp%2Fv2%2Fmedia&parent=903"}],"curies":[{"name":"wp","href":"https:\/\/api.w.org\/{rel}","templated":true}]}}