{"id":896,"date":"2016-07-27T12:38:25","date_gmt":"2016-07-27T10:38:25","guid":{"rendered":"http:\/\/ekongkar.yoga\/?page_id=896"},"modified":"2024-06-23T12:47:46","modified_gmt":"2024-06-23T10:47:46","slug":"les-os-du-tronc","status":"publish","type":"page","link":"https:\/\/ekongkar.yoga\/?page_id=896","title":{"rendered":"Les os du tronc"},"content":{"rendered":"<p><span style=\"color: #8c282c;\"><span style=\"font-size: 18pt;\">Les os du tronc<\/span><\/span><\/p>\n<p>Les os du tronc regroupent ceux de la <strong><span style=\"color: #008080;\">cage thoracique<\/span><\/strong> et ceux qui forment la <strong><span style=\"color: #008080;\">colonne vert\u00e9brale<\/span><\/strong>.<\/p>\n<p>La <strong><span style=\"color: #008080;\">cage thoracique<\/span><\/strong> (v\u00e9ritable cage osseuse avec les c\u00f4tes en guise de barreaux) est compos\u00e9e des vert\u00e8bres dorsales en arri\u00e8re, de 12 paires de c\u00f4tes (soit 24 c\u00f4tes en tout) et du sternum en avant.<\/p>\n<p>Elle prot\u00e8ge les organes des cavit\u00e9s thoracique (c\u0153ur, poumons, etc) et abdominale sup\u00e9rieure. Elle soutient \u00e9galement les os de la ceinture scapulaire (omoplates et clavicules) et des membres sup\u00e9rieurs.<\/p>\n<p><span style=\"text-decoration: underline;\"><strong><span style=\"color: #008080; text-decoration: underline;\">Le sternum<\/span><\/strong><\/span><\/p>\n<p>Le <strong><span style=\"color: #008080;\">sternum<\/span> <\/strong>est un os plat et \u00e9troit d\u2019environ 15 cm situ\u00e9 \u00e0 l\u2019avant du thorax.<\/p>\n<p><em>Dans sa partie sup\u00e9rieure<\/em> il s\u2019articule avec les clavicules et la premi\u00e8re paire de c\u00f4tes.\u00a0<em>Sur sa hauteur<\/em>, le corps du sternum s\u2019articule directement ou indirectement avec les cartilages costaux des 2\u00e8me aux 10\u00e8me c\u00f4tes.\u00a0<em>Dans sa partie inf\u00e9rieure<\/em>, il pr\u00e9sente une pointe \u00ab en forme d\u2019\u00e9p\u00e9e \u00bb appel\u00e9 le processus xipho\u00efde, facilement palpable, qui se compose de cartilage pendant l\u2019enfance et ne s\u2019ossifie compl\u00e8tement que vers l\u2019\u00e2ge de 40 ans.<\/p>\n<p><span style=\"text-decoration: underline;\"><strong><span style=\"color: #008080; text-decoration: underline;\">Les<\/span> <span style=\"color: #008080; text-decoration: underline;\">c\u00f4tes<\/span><\/strong><\/span><\/p>\n<p>Les <strong><span style=\"color: #008080;\">c\u00f4tes<\/span> <\/strong>sont des os allong\u00e9s, aplatis et courb\u00e9s. Chaque c\u00f4te s\u2019articule en arri\u00e8re avec la vert\u00e8bre thoracique correspondante. En avant, les c\u00f4tes s\u2019attachent soit <em>directement<\/em> au sternum, soit <em>indirectement<\/em> ou <em>pas du tout<\/em>.<\/p>\n<p>Les 7 premi\u00e8res c\u00f4tes <strong><span style=\"color: #008080;\">(c\u00f4tes vraies)<\/span><\/strong> se rattachent directement au sternum par un cartilage. La pr\u00e9sence de ce cartilage augmente l\u2019\u00e9lasticit\u00e9 de la cage thoracique. Les cartilages des 8\u00e8me, 9\u00e8me et 10\u00e8me paires de c\u00f4tes <strong><span style=\"color: #008080;\">(fausses c\u00f4tes)<\/span><\/strong> sont reli\u00e9s les uns aux autres et se rassemblent sur celui de la 7\u00e8me c\u00f4te. Les 2 derni\u00e8res paires de c\u00f4tes <strong><span style=\"color: #008080;\">(c\u00f4tes flottantes)<\/span><\/strong> n\u2019ont pas de cartilage et ne poss\u00e8dent aucun point d\u2019ancrage sur le sternum.<\/p>\n<p>Les <strong><span style=\"color: #008080;\">mouvements des c\u00f4tes<\/span><\/strong> sont comparables \u00e0 ceux d\u2019une anse de seau.<br \/>\nDurant certains types d\u2019inspiration, les c\u00f4tes s\u2019\u00e9l\u00e8vent et augmentent ainsi le volume de la cage thoracique, et lors de l\u2019expiration, c\u2019est l\u2019inverse, les c\u00f4tes s\u2019abaissent diminuant les diam\u00e8tres du thorax (lire : v<a href=\"http:\/\/ekongkar.yoga\/?page_id=850\">entilation pulmonaire &gt; muscles inspiratoires costaux<\/a>).<\/p>\n<p><span style=\"text-decoration: underline;\"><strong><span style=\"color: #008080; text-decoration: underline;\">La<\/span> <span style=\"color: #008080; text-decoration: underline;\">colonne vert\u00e9brale<\/span><\/strong><\/span><\/p>\n<p>La <strong><span style=\"color: #008080;\">colonne vert\u00e9brale<\/span><\/strong> forme une tige osseuse mobile form\u00e9e d\u2019un empilement de 26 os appel\u00e9s vert\u00e8bres. Elle pr\u00e9sente plusieurs r\u00e9gions : la r\u00e9gion cervicale, thoracique, lombaire et sacr\u00e9e, ainsi que le coccyx.<\/p>\n<p>Vue de profil, la colonne vert\u00e9brale pr\u00e9sente une s\u00e9rie de <strong><span style=\"color: #008080;\">courbures normales<\/span><\/strong>, tant\u00f4t convexes, tant\u00f4t concaves. Cette disposition particuli\u00e8re rend la colonne vert\u00e9brale plus r\u00e9sistante que si elle se dressait suivant un axe droit. En outre, ces courbures contribuent au maintien de l\u2019\u00e9quilibre en position debout et absorbent les chocs lors des mouvements, la marche en particulier.<br \/>\nLa colonne contient et prot\u00e8ge la moelle \u00e9pini\u00e8re (la partie du syst\u00e8me nerveux central qui se prolonge en dehors de la boite cr\u00e2nienne).<\/p>\n<p>Chaque <strong><span style=\"color: #008080;\">vert\u00e8bre<\/span> <\/strong>est unie \u00e0 la suivante par plusieurs articulations. Les <strong><span style=\"color: #008080;\">disques intervert\u00e9braux<\/span><\/strong> en particulier sont des articulations solides qui permettent \u00e0 la colonne de bouger et d\u2019absorber les chocs.<\/p>\n<p>L\u2019\u00e9tendue possible des <strong><span style=\"color: #008080;\">mouvements de la colonne vert\u00e9brale<\/span><\/strong> varie selon la r\u00e9gion (cervicale, thoracique ou lombaire) et selon les individus. On distingue les mouvements globaux suivants : la <em>flexion<\/em> (inclinaison vers l\u2019avant) et l\u2019<em>extension<\/em> (inclinaison vers l\u2019arri\u00e8re), l\u2019<em>inclinaison lat\u00e9rale<\/em> (vers la droite ou la gauche) et la <em>rotation<\/em> \u00e0 droite ou \u00e0 gauche, de la t\u00eate, mais \u00e9galement de la partie sup\u00e9rieure du tronc qui pivote sur lui-m\u00eame.<\/p>\n<p>Pour aller un peu plus loin&#8230; La colonne vert\u00e9brale (notions avanc\u00e9es)<\/p>\n<p style=\"text-align: center;\"><strong><span style=\"color: #008080;\"><span style=\"color: #800000;\">A lire \u00e9galement:<\/span><br \/>\n<\/span><\/strong><strong><span style=\"color: #008080;\"><a href=\"http:\/\/ekongkar.yoga\/?page_id=892\">Le squelette<br \/>\n<\/a><\/span><\/strong><a href=\"http:\/\/ekongkar.yoga\/?page_id=894\">Les os de la t\u00eate<\/a>\u00a0\/\u00a0Les os du tronc\u00a0\/\u00a0<a href=\"http:\/\/ekongkar.yoga\/?page_id=898\">Les membres sup\u00e9rieurs<\/a>\u00a0\/\u00a0<a href=\"http:\/\/ekongkar.yoga\/?page_id=900\">Les membres inf\u00e9rieurs<br \/>\n<\/a><strong><span style=\"color: #008080;\"><a href=\"http:\/\/ekongkar.yoga\/?page_id=902\">Les articulations<br \/>\n<\/a><\/span><\/strong><a href=\"http:\/\/ekongkar.yoga\/?page_id=903\">Classification des articulations<\/a>\u00a0\/\u00a0<a href=\"http:\/\/ekongkar.yoga\/?page_id=906\">Diff\u00e9rents types d\u2019articulations synoviales<\/a>\u00a0\/\u00a0<a href=\"http:\/\/ekongkar.yoga\/?page_id=907\">Les mouvements permis par les articulations synoviales<br \/>\n<\/a><strong><span style=\"color: #008080;\"><a href=\"http:\/\/ekongkar.yoga\/?page_id=910\">Les muscles<br \/>\n<\/a><\/span><\/strong><a href=\"http:\/\/ekongkar.yoga\/?page_id=911\">Comment sont produits les mouvements<\/a>\u00a0\/\u00a0<a href=\"http:\/\/ekongkar.yoga\/?page_id=914\">Principaux muscles squelettiques<\/a>\u00a0\/\u00a0<a href=\"http:\/\/ekongkar.yoga\/?page_id=916\">Coordination des groupes musculaires<\/a>\u00a0\/\u00a0<a href=\"http:\/\/ekongkar.yoga\/?page_id=918\">Les noms des muscles<\/a><\/p>\n","protected":false},"excerpt":{"rendered":"<p>Les os du tronc Les os du tronc regroupent ceux de la cage thoracique et ceux qui forment la colonne vert\u00e9brale. La cage thoracique (v\u00e9ritable cage osseuse avec les c\u00f4tes en guise de barreaux) est compos\u00e9e des vert\u00e8bres dorsales en arri\u00e8re, de 12 paires de c\u00f4tes (soit 24 c\u00f4tes en&#8230;<\/p>\n<p> <a class=\"continue-reading-link\" href=\"https:\/\/ekongkar.yoga\/?page_id=896\"><span>Lire la suite&#8230;<\/span><i class=\"crycon-right-dir\"><\/i><\/a> <\/p>\n","protected":false},"author":1,"featured_media":0,"parent":892,"menu_order":1,"comment_status":"closed","ping_status":"closed","template":"","meta":{"footnotes":""},"class_list":["post-896","page","type-page","status-publish","hentry"],"_links":{"self":[{"href":"https:\/\/ekongkar.yoga\/index.php?rest_route=\/wp\/v2\/pages\/896","targetHints":{"allow":["GET"]}}],"collection":[{"href":"https:\/\/ekongkar.yoga\/index.php?rest_route=\/wp\/v2\/pages"}],"about":[{"href":"https:\/\/ekongkar.yoga\/index.php?rest_route=\/wp\/v2\/types\/page"}],"author":[{"embeddable":true,"href":"https:\/\/ekongkar.yoga\/index.php?rest_route=\/wp\/v2\/users\/1"}],"replies":[{"embeddable":true,"href":"https:\/\/ekongkar.yoga\/index.php?rest_route=%2Fwp%2Fv2%2Fcomments&post=896"}],"version-history":[{"count":1,"href":"https:\/\/ekongkar.yoga\/index.php?rest_route=\/wp\/v2\/pages\/896\/revisions"}],"predecessor-version":[{"id":37704,"href":"https:\/\/ekongkar.yoga\/index.php?rest_route=\/wp\/v2\/pages\/896\/revisions\/37704"}],"up":[{"embeddable":true,"href":"https:\/\/ekongkar.yoga\/index.php?rest_route=\/wp\/v2\/pages\/892"}],"wp:attachment":[{"href":"https:\/\/ekongkar.yoga\/index.php?rest_route=%2Fwp%2Fv2%2Fmedia&parent=896"}],"curies":[{"name":"wp","href":"https:\/\/api.w.org\/{rel}","templated":true}]}}