{"id":886,"date":"2016-07-30T11:55:07","date_gmt":"2016-07-30T09:55:07","guid":{"rendered":"http:\/\/ekongkar.yoga\/?page_id=886"},"modified":"2016-07-30T11:55:07","modified_gmt":"2016-07-30T09:55:07","slug":"le-systeme-musculo-squelettique","status":"publish","type":"page","link":"https:\/\/ekongkar.yoga\/?page_id=886","title":{"rendered":"Le syst\u00e8me musculosquelettique"},"content":{"rendered":"<p><span style=\"color: #8c282c;\"><span style=\"font-size: 18pt;\">Le syst\u00e8me musculosquelettique<\/span><\/span><\/p>\n<p>Le <strong><span style=\"color: #008080;\">syst\u00e8me musculosquelettique<\/span><\/strong>, aussi appel\u00e9 appareil locomoteur, est l&rsquo;ensemble des organes qui fournissent la charpente du corps, qui interviennent dans le soutien et la protection des tissus mous et qui conf\u00e8re l&rsquo;aptitude \u00e0 se mouvoir.<\/p>\n<p>Ce syst\u00e8me comprend le <strong><span style=\"color: #008080;\">squelette <\/span><\/strong>(les os), les <strong><span style=\"color: #008080;\">articulations<\/span> <\/strong>et les <strong><span style=\"color: #008080;\">muscles<\/span><\/strong>.<\/p>\n<ul>\n<li><a href=\"http:\/\/ekongkar.yoga\/?page_id=892\"><strong><span style=\"color: #008080;\">Le squelette<\/span><\/strong><span style=\"color: #008080;\"> (introduction)<\/span><\/a>\n<ul>\n<li><a href=\"http:\/\/ekongkar.yoga\/?page_id=894\">Les os de la t\u00eate<\/a><\/li>\n<li><a href=\"http:\/\/ekongkar.yoga\/?page_id=896\">Les os du tronc (les c\u00f4tes, le sternum et les os de la colonne vert\u00e9brale)<\/a><\/li>\n<li><a href=\"http:\/\/ekongkar.yoga\/?page_id=898\">Les os des \u00e9paules et des membres sup\u00e9rieurs<\/a><\/li>\n<li><a href=\"http:\/\/ekongkar.yoga\/?page_id=900\">Les os du bassin et membres inf\u00e9rieurs<\/a><\/li>\n<\/ul>\n<\/li>\n<li><a href=\"http:\/\/ekongkar.yoga\/?page_id=902\"><strong><span style=\"color: #008080;\">Les articulations<\/span><\/strong><span style=\"color: #008080;\"> (introduction)<\/span><\/a>\n<ul>\n<li><a href=\"http:\/\/ekongkar.yoga\/?page_id=903\">Classification des articulations<\/a><\/li>\n<li><a href=\"http:\/\/ekongkar.yoga\/?page_id=906\">Diff\u00e9rents types d\u2019articulations synoviales<\/a><\/li>\n<li><a href=\"http:\/\/ekongkar.yoga\/?page_id=907\">Les mouvements permis par les articulations synoviales<\/a><\/li>\n<\/ul>\n<\/li>\n<li><a href=\"http:\/\/ekongkar.yoga\/?page_id=910\"><strong><span style=\"color: #008080;\">Les muscles<\/span><\/strong><span style=\"color: #008080;\"> (introduction)<\/span><\/a>\n<ul>\n<li><a href=\"http:\/\/ekongkar.yoga\/?page_id=911\">Comment sont produits les mouvements<\/a><\/li>\n<li><a href=\"http:\/\/ekongkar.yoga\/?page_id=914\">Principaux muscles squelettiques<\/a><\/li>\n<li><a href=\"http:\/\/ekongkar.yoga\/?page_id=916\">Coordination des groupes musculaires<\/a><\/li>\n<li><a href=\"http:\/\/ekongkar.yoga\/?page_id=918\">Les noms des muscles<\/a><\/li>\n<\/ul>\n<\/li>\n<\/ul>\n<p><img loading=\"lazy\" decoding=\"async\" class=\"alignleft\" src=\"http:\/\/ekongkar.yoga\/wp-content\/uploads\/2016\/07\/shutterstock_112275683-e1467550205125.jpg\" alt=\"\" width=\"350\" height=\"350\">L\u2019interaction entre les os et les muscles permet <strong><span style=\"color: #008080;\">des mouvements divers<\/span><\/strong>: la locomotion (marche, course, etc), la pr\u00e9hension (capacit\u00e9 \u00e0 saisir des objets), la communication verbale (par la production de sons propres \u00e0 la langue parl\u00e9e) ou non-verbale (mimique).<\/p>\n<p>Ce syst\u00e8me musculosquelettique, s&rsquo;il joue un r\u00f4le dans le mouvement, en joue un \u00e9galement dans le non-mouvement, <strong><span style=\"color: #008080;\">la stabilisation de la posture<\/span><\/strong> que nous prenons, comme la station debout ou assise, ou l&rsquo;immobilisation de certaines parties du corps comme la contraction continue des muscles du cou qui maintient la t\u00eate droite.<\/p>\n<p>Enfin, il remplit encore <strong><span style=\"color: #008080;\">d&rsquo;autres fonctions<\/span><\/strong>, certaines \u00e9tant vitales, comme la respiration (ventilation pulmonaire), le d\u00e9placement de substances dans l&rsquo;organisme (les contractions du muscle cardiaque qui propulse le sang dans les vaisseaux), la mastication et la d\u00e9glutition, la continence urinaire et f\u00e9cale, etc.<\/p>\n<p>&nbsp;<\/p>\n","protected":false},"excerpt":{"rendered":"<p>Le syst\u00e8me musculosquelettique Le syst\u00e8me musculosquelettique, aussi appel\u00e9 appareil locomoteur, est l&rsquo;ensemble des organes qui fournissent la charpente du corps, qui interviennent dans le soutien et la protection des tissus mous et qui conf\u00e8re l&rsquo;aptitude \u00e0 se mouvoir. Ce syst\u00e8me comprend le squelette (les os), les articulations et les muscles&#8230;.<\/p>\n<p> <a class=\"continue-reading-link\" href=\"https:\/\/ekongkar.yoga\/?page_id=886\"><span>Lire la suite&#8230;<\/span><i class=\"crycon-right-dir\"><\/i><\/a> <\/p>\n","protected":false},"author":1,"featured_media":956,"parent":725,"menu_order":0,"comment_status":"closed","ping_status":"closed","template":"","meta":{"footnotes":""},"class_list":["post-886","page","type-page","status-publish","has-post-thumbnail","hentry"],"_links":{"self":[{"href":"https:\/\/ekongkar.yoga\/index.php?rest_route=\/wp\/v2\/pages\/886","targetHints":{"allow":["GET"]}}],"collection":[{"href":"https:\/\/ekongkar.yoga\/index.php?rest_route=\/wp\/v2\/pages"}],"about":[{"href":"https:\/\/ekongkar.yoga\/index.php?rest_route=\/wp\/v2\/types\/page"}],"author":[{"embeddable":true,"href":"https:\/\/ekongkar.yoga\/index.php?rest_route=\/wp\/v2\/users\/1"}],"replies":[{"embeddable":true,"href":"https:\/\/ekongkar.yoga\/index.php?rest_route=%2Fwp%2Fv2%2Fcomments&post=886"}],"version-history":[{"count":0,"href":"https:\/\/ekongkar.yoga\/index.php?rest_route=\/wp\/v2\/pages\/886\/revisions"}],"up":[{"embeddable":true,"href":"https:\/\/ekongkar.yoga\/index.php?rest_route=\/wp\/v2\/pages\/725"}],"wp:featuredmedia":[{"embeddable":true,"href":"https:\/\/ekongkar.yoga\/index.php?rest_route=\/wp\/v2\/media\/956"}],"wp:attachment":[{"href":"https:\/\/ekongkar.yoga\/index.php?rest_route=%2Fwp%2Fv2%2Fmedia&parent=886"}],"curies":[{"name":"wp","href":"https:\/\/api.w.org\/{rel}","templated":true}]}}