{"id":850,"date":"2016-07-04T16:23:30","date_gmt":"2016-07-04T14:23:30","guid":{"rendered":"http:\/\/ekongkar.yoga\/?page_id=850"},"modified":"2025-12-19T13:49:13","modified_gmt":"2025-12-19T12:49:13","slug":"ventilation-pulmonaire","status":"publish","type":"page","link":"https:\/\/ekongkar.yoga\/?page_id=850","title":{"rendered":"Ventilation pulmonaire"},"content":{"rendered":"<p><span style=\"color: #8c282c;\"><span style=\"font-size: 18pt;\">Ventilation pulmonaire<\/span><\/span><\/p>\n<p>La <strong><span style=\"color: #008080;\">ventilation pulmonaire<\/span><\/strong>, ou respiration d\u00e9signe les processus assurant le renouvellement de l&rsquo;air dans les poumons. L&rsquo;air circule entre les poumons et l&rsquo;environnement ext\u00e9rieur car des diff\u00e9rences de pressions sont engendr\u00e9es, dans un sens puis dans l&rsquo;autre, gr\u00e2ce \u00e0 la contraction et au rel\u00e2chement des muscles respiratoires parmi lesquels figure notamment le diaphragme.<\/p>\n<p>Cette mobilisation de l&rsquo;air comprend deux temps. On parle d&rsquo;<strong><span style=\"color: #008080;\">inspiration<\/span><\/strong> (ou d&rsquo;inhalation) lorsque l&rsquo;air entre dans les poumons et d&rsquo;<strong><span style=\"color: #008080;\">expiration<\/span><\/strong> (ou d&rsquo;exhalaison) lorsque l&rsquo;air en est expuls\u00e9.<\/p>\n<p>Pour que l&rsquo;inspiration ait lieu, les poumons doivent se dilater. Cette expansion est principalement obtenue par la contraction du muscle inspiratoire le plus volumineux, le <strong><span style=\"color: #008080;\">diaphragme<\/span><\/strong>.<\/p>\n<p>Le diaphragme est un muscle en forme de d\u00f4me qui s\u00e9pare la cavit\u00e9 thoracique de la cavit\u00e9 abdominale. <strong><span style=\"color: #008080;\">Il s&rsquo;aplatit lorsqu&rsquo;il se contracte<\/span><\/strong>, repoussant les visc\u00e8res et augmentant la dimension de la cavit\u00e9 thoracique et par cons\u00e9quent des poumons. Cette augmentation de volume des poumons entra\u00eene une d\u00e9pression qui aspire l&rsquo;air. Il agit \u00e0 la mani\u00e8re d\u2019une <strong><span style=\"color: #008080;\">pompe situ\u00e9e \u00e0 la base des poumons<\/span><\/strong>. Pour donner un ordre d&rsquo;id\u00e9e, durant la respiration normale, au repos, le diaphragme s&rsquo;abaisse d&rsquo;environ 1 cm et permet ainsi l&rsquo;entr\u00e9e de 500 millilitres d&rsquo;air dans les poumons. Par ailleurs, il peut s&rsquo;abaisser de plus de 10 cm lors d&rsquo;une inspiration forc\u00e9e et entra\u00eener l&rsquo;entr\u00e9e de 2 \u00e0 3 litres d&rsquo;air.<\/p>\n<p>A l&rsquo;inverse, <strong><span style=\"color: #008080;\">le rel\u00e2chement du diaphragme permet l&rsquo;expiration<\/span><\/strong>. Contrairement \u00e0 l&rsquo;inspiration, l&rsquo;expiration normale (non forc\u00e9e) est un processus passif qui ne n\u00e9cessite aucune contraction musculaire. Elle est le r\u00e9sultat de la r\u00e9traction \u00e9lastique de la poitrine et en particulier des poumons qui reprennent naturellement leur forme apr\u00e8s avoir \u00e9t\u00e9 dilat\u00e9s.<\/p>\n<p>Les mouvements respiratoires sont cependant d\u2019une grande diversit\u00e9, <strong><span style=\"color: #008080;\">il est possible de respirer de nombreuses mani\u00e8res diff\u00e9rentes<\/span><\/strong>. Si de fa\u00e7on courante les inspirations sont r\u00e9alis\u00e9es par la contraction du diaphragme, on peut \u00e9galement inspirer tout autrement en faisant intervenir d\u2019autres muscles inspirateurs. Ces autres muscles, nombreux, n\u2019agissent pas comme des pistons (tel le d\u00f4me du diaphragme qui s\u2019aplatit) mais visent \u00e0 ouvrir la cage thoracique en tractant les c\u00f4tes et le sternum. Ces muscles inspirateurs sont ainsi appel\u00e9s \u00ab <strong><span style=\"color: #008080;\">muscles inspirateurs costaux<\/span> <\/strong>\u00bb : les scal\u00e8nes, le sterno-cl\u00e9ido-masto\u00efdien, les surcostaux, les petits dentel\u00e9s, le grand dentel\u00e9, le petit et le grand pectoral. Ils peuvent agir isol\u00e9ment ou en association avec le diaphragme.<\/p>\n<p>Nous l\u2019avons indiqu\u00e9, la premi\u00e8re force expiratoire est le retour \u00e9lastique du poumon qui intervient lorsque les muscles inspirateurs se rel\u00e2chent. Cette expiration passive, au repos peut cependant devenir un processus actif lors d\u2019une expiration forc\u00e9e, faisant intervenir diff\u00e9rents muscles, les principaux \u00e9tant les abdominaux. Les <strong><span style=\"color: #008080;\">abdominaux<\/span><\/strong>, en se contractant, augmentent la pression dans la cavit\u00e9 abdominale, repoussent les visc\u00e8res qui \u00e0 leur tour repoussent le diaphragme, diminuant ainsi la dimension de la cavit\u00e9 thoracique et entra\u00eenant une compression des poumons et une expulsion de l\u2019air.<\/p>\n<p>Voyez \u00e9galement cette courte vid\u00e9o de Roger Fiammetti qui nous\u00a0pr\u00e9sente <strong><span style=\"color: #008080;\">une respiration anim\u00e9e par 4 diaphragmes<\/span><\/strong>, le tout accompagn\u00e9 de belles mod\u00e9lisations anatomiques:<\/p>\n<p><iframe loading=\"lazy\" src=\"https:\/\/www.youtube.com\/embed\/JexU_-7PYCI\" width=\"560\" height=\"315\" frameborder=\"0\" allowfullscreen=\"allowfullscreen\"><\/iframe><\/p>\n<p style=\"text-align: center;\"><span style=\"color: #800000;\"><strong>A lire \u00e9galement:<\/strong><\/span><br \/>\n<a href=\"http:\/\/ekongkar.yoga\/?page_id=844\">Le syst\u00e8me respiratoire<\/a>\u00a0\/\u00a0<a href=\"http:\/\/ekongkar.yoga\/?page_id=846\">Anatomie du syst\u00e8me respiratoire<\/a> \/ Ventilation pulmonaire \/ <a href=\"http:\/\/ekongkar.yoga\/?page_id=855\">Perturbateurs du syst\u00e8me respiratoire<\/a> \/ <a href=\"http:\/\/ekongkar.yoga\/?page_id=857\">Yoga et syst\u00e8me respiratoire<\/a><\/p>\n","protected":false},"excerpt":{"rendered":"<p>Ventilation pulmonaire La ventilation pulmonaire, ou respiration d\u00e9signe les processus assurant le renouvellement de l&rsquo;air dans les poumons. L&rsquo;air circule entre les poumons et l&rsquo;environnement ext\u00e9rieur car des diff\u00e9rences de pressions sont engendr\u00e9es, dans un sens puis dans l&rsquo;autre, gr\u00e2ce \u00e0 la contraction et au rel\u00e2chement des muscles respiratoires parmi&#8230;<\/p>\n<p> <a class=\"continue-reading-link\" href=\"https:\/\/ekongkar.yoga\/?page_id=850\"><span>Lire la suite&#8230;<\/span><i class=\"crycon-right-dir\"><\/i><\/a> <\/p>\n","protected":false},"author":1,"featured_media":0,"parent":844,"menu_order":1,"comment_status":"closed","ping_status":"closed","template":"","meta":{"footnotes":""},"class_list":["post-850","page","type-page","status-publish","hentry"],"_links":{"self":[{"href":"https:\/\/ekongkar.yoga\/index.php?rest_route=\/wp\/v2\/pages\/850","targetHints":{"allow":["GET"]}}],"collection":[{"href":"https:\/\/ekongkar.yoga\/index.php?rest_route=\/wp\/v2\/pages"}],"about":[{"href":"https:\/\/ekongkar.yoga\/index.php?rest_route=\/wp\/v2\/types\/page"}],"author":[{"embeddable":true,"href":"https:\/\/ekongkar.yoga\/index.php?rest_route=\/wp\/v2\/users\/1"}],"replies":[{"embeddable":true,"href":"https:\/\/ekongkar.yoga\/index.php?rest_route=%2Fwp%2Fv2%2Fcomments&post=850"}],"version-history":[{"count":3,"href":"https:\/\/ekongkar.yoga\/index.php?rest_route=\/wp\/v2\/pages\/850\/revisions"}],"predecessor-version":[{"id":39870,"href":"https:\/\/ekongkar.yoga\/index.php?rest_route=\/wp\/v2\/pages\/850\/revisions\/39870"}],"up":[{"embeddable":true,"href":"https:\/\/ekongkar.yoga\/index.php?rest_route=\/wp\/v2\/pages\/844"}],"wp:attachment":[{"href":"https:\/\/ekongkar.yoga\/index.php?rest_route=%2Fwp%2Fv2%2Fmedia&parent=850"}],"curies":[{"name":"wp","href":"https:\/\/api.w.org\/{rel}","templated":true}]}}