{"id":844,"date":"2016-07-06T15:55:13","date_gmt":"2016-07-06T13:55:13","guid":{"rendered":"http:\/\/ekongkar.yoga\/?page_id=844"},"modified":"2016-07-06T15:55:13","modified_gmt":"2016-07-06T13:55:13","slug":"le-systeme-respiratoire","status":"publish","type":"page","link":"https:\/\/ekongkar.yoga\/?page_id=844","title":{"rendered":"Le syst\u00e8me respiratoire"},"content":{"rendered":"<p><span style=\"color: #8c282c;\"><span style=\"font-size: 18pt;\"><img loading=\"lazy\" decoding=\"async\" class=\"alignleft\" src=\"http:\/\/ekongkar.yoga\/wp-content\/uploads\/2016\/05\/Le-systeme-auto-sensoriel.jpg\" alt=\"\" width=\"350\" height=\"350\">Le syst\u00e8me respiratoire<\/span><\/span><\/p>\n<p>Le <strong><span style=\"color: #008080;\">syst\u00e8me respiratoire<\/span><\/strong> regroupe l&rsquo;ensemble des organes qui interviennent dans la respiration, c&rsquo;est \u00e0 dire dans les<strong><span style=\"color: #008080;\"> \u00e9changes gazeux<\/span><\/strong> entre l&rsquo;organisme et l&rsquo;environnement. Il permet d&rsquo;aspirer de l&rsquo;air frais, pour d\u00e9livrer de l&rsquo;oxyg\u00e8ne aux organes et aux tissus, puis de rejeter l&rsquo;air vici\u00e9, charg\u00e9 de gaz carbonique.<\/p>\n<p>Ce processus des \u00e9changes gazeux s&rsquo;effectue en plusieurs \u00e9tapes. D&rsquo;une part la <strong><span style=\"color: #008080;\">ventilation pulmonaire<\/span><\/strong> (qui permet le renouvellement de l&rsquo;air dans les poumons par l&rsquo;inspiration et l&rsquo;expiration), la <strong><span style=\"color: #008080;\">respiration externe<\/span><\/strong> (qui assure les \u00e9changes gazeux entre l\u2019air contenu dans les alv\u00e9oles pulmonaires et le sang) et la <strong><span style=\"color: #008080;\">respiration interne<\/span><\/strong> (qui fait r\u00e9f\u00e9rence aux \u00e9changes gazeux entre le sang et les cellules des tissus).<\/p>\n<ul>\n<li><a href=\"http:\/\/ekongkar.yoga\/?page_id=846\">Anatomie du syst\u00e8me respiratoire<\/a><\/li>\n<li><a href=\"http:\/\/ekongkar.yoga\/?page_id=850\">Ventilation pulmonaire<\/a><\/li>\n<li><a href=\"http:\/\/ekongkar.yoga\/?page_id=4875\">Les volumes et capacit\u00e9s pulmonaires<\/a><\/li>\n<li><a href=\"http:\/\/ekongkar.yoga\/?page_id=855\">Perturbateurs du syst\u00e8me respiratoire<\/a><\/li>\n<li><a href=\"http:\/\/ekongkar.yoga\/?page_id=857\">Yoga et syst\u00e8me respiratoire<\/a><\/li>\n<\/ul>\n<p>En plus de r\u00e9aliser les \u00e9changes gazeux, ce syst\u00e8me participe \u00e0 diverses autres fonctions, il contient des r\u00e9cepteurs qui servent \u00e0 l&rsquo;olfaction, il participe \u00e0 la r\u00e9gulation du caract\u00e8re acide ou basique du sang (PH), il filtre l&rsquo;air inspir\u00e9, d\u00e9barrasse l&rsquo;organisme d&rsquo;une certaine quantit\u00e9 d&rsquo;eau et de chaleur, et bien s\u00fbr, participe \u00e0 la production des sons (la parole).<\/p>\n","protected":false},"excerpt":{"rendered":"<p>Le syst\u00e8me respiratoire Le syst\u00e8me respiratoire regroupe l&rsquo;ensemble des organes qui interviennent dans la respiration, c&rsquo;est \u00e0 dire dans les \u00e9changes gazeux entre l&rsquo;organisme et l&rsquo;environnement. Il permet d&rsquo;aspirer de l&rsquo;air frais, pour d\u00e9livrer de l&rsquo;oxyg\u00e8ne aux organes et aux tissus, puis de rejeter l&rsquo;air vici\u00e9, charg\u00e9 de gaz carbonique&#8230;.<\/p>\n<p> <a class=\"continue-reading-link\" href=\"https:\/\/ekongkar.yoga\/?page_id=844\"><span>Lire la suite&#8230;<\/span><i class=\"crycon-right-dir\"><\/i><\/a> <\/p>\n","protected":false},"author":1,"featured_media":541,"parent":725,"menu_order":1,"comment_status":"closed","ping_status":"closed","template":"","meta":{"footnotes":""},"class_list":["post-844","page","type-page","status-publish","has-post-thumbnail","hentry"],"_links":{"self":[{"href":"https:\/\/ekongkar.yoga\/index.php?rest_route=\/wp\/v2\/pages\/844","targetHints":{"allow":["GET"]}}],"collection":[{"href":"https:\/\/ekongkar.yoga\/index.php?rest_route=\/wp\/v2\/pages"}],"about":[{"href":"https:\/\/ekongkar.yoga\/index.php?rest_route=\/wp\/v2\/types\/page"}],"author":[{"embeddable":true,"href":"https:\/\/ekongkar.yoga\/index.php?rest_route=\/wp\/v2\/users\/1"}],"replies":[{"embeddable":true,"href":"https:\/\/ekongkar.yoga\/index.php?rest_route=%2Fwp%2Fv2%2Fcomments&post=844"}],"version-history":[{"count":0,"href":"https:\/\/ekongkar.yoga\/index.php?rest_route=\/wp\/v2\/pages\/844\/revisions"}],"up":[{"embeddable":true,"href":"https:\/\/ekongkar.yoga\/index.php?rest_route=\/wp\/v2\/pages\/725"}],"wp:featuredmedia":[{"embeddable":true,"href":"https:\/\/ekongkar.yoga\/index.php?rest_route=\/wp\/v2\/media\/541"}],"wp:attachment":[{"href":"https:\/\/ekongkar.yoga\/index.php?rest_route=%2Fwp%2Fv2%2Fmedia&parent=844"}],"curies":[{"name":"wp","href":"https:\/\/api.w.org\/{rel}","templated":true}]}}