{"id":725,"date":"2016-06-04T12:01:53","date_gmt":"2016-06-04T10:01:53","guid":{"rendered":"http:\/\/ekongkar.yoga\/?page_id=725"},"modified":"2016-06-04T12:01:53","modified_gmt":"2016-06-04T10:01:53","slug":"anatomie-physiologie-etc","status":"publish","type":"page","link":"https:\/\/ekongkar.yoga\/?page_id=725","title":{"rendered":"Mieux connaitre le corps&#8230;"},"content":{"rendered":"<p><span style=\"color: #8c282c;\"><span style=\"font-size: 18pt;\"><img loading=\"lazy\" decoding=\"async\" src=\"http:\/\/ekongkar.yoga\/wp-content\/uploads\/2016\/07\/CP-1200.jpg\" alt=\"\" width=\"1200\" height=\"245\" \/><br \/>\n<span style=\"font-size: 16pt;\">Mieux connaitre le corps&#8230; anatomie, physiologie, biom\u00e9canique, pathologie, etc<\/span><\/span><\/span><\/p>\n<ul>\n<li><span style=\"font-size: 14pt;\"><a href=\"http:\/\/ekongkar.yoga\/?page_id=886\">Le syst\u00e8me musculosquelettique<\/a><\/span><\/li>\n<li><span style=\"font-size: 14pt;\"><a href=\"http:\/\/ekongkar.yoga\/?page_id=685\">Le syst\u00e8me endocrinien (hormonal)<\/a><\/span><\/li>\n<li><span style=\"font-size: 14pt;\"><a href=\"http:\/\/ekongkar.yoga\/?page_id=844\">Le syst\u00e8me respiratoire<\/a><\/span><br \/>\n<span style=\"font-size: 14pt;\">La colonne vert\u00e9brale (en pr\u00e9paration)<\/span><\/li>\n<li><span style=\"font-size: 14pt;\"><a href=\"http:\/\/ekongkar.yoga\/?page_id=311\">Le yoga pour des probl\u00e8mes de sant\u00e9 particuliers<\/a> (<a href=\"http:\/\/ekongkar.yoga\/?page_id=313\">1. La d\u00e9pression<\/a>,\u00a0<a href=\"http:\/\/ekongkar.yoga\/?page_id=315\">2. Les lombalgies<\/a>)<\/span><\/li>\n<\/ul>\n<p style=\"text-align: center;\">\n","protected":false},"excerpt":{"rendered":"<p>Mieux connaitre le corps&#8230; anatomie, physiologie, biom\u00e9canique, pathologie, etc Le syst\u00e8me musculosquelettique Le syst\u00e8me endocrinien (hormonal) Le syst\u00e8me respiratoire La colonne vert\u00e9brale (en pr\u00e9paration) Le yoga pour des probl\u00e8mes de sant\u00e9 particuliers (1. La d\u00e9pression,\u00a02. Les lombalgies)<\/p>\n<p> <a class=\"continue-reading-link\" href=\"https:\/\/ekongkar.yoga\/?page_id=725\"><span>Lire la suite&#8230;<\/span><i class=\"crycon-right-dir\"><\/i><\/a> <\/p>\n","protected":false},"author":1,"featured_media":0,"parent":0,"menu_order":21,"comment_status":"closed","ping_status":"closed","template":"templates\/template-onecolumn.php","meta":{"footnotes":""},"class_list":["post-725","page","type-page","status-publish","hentry"],"_links":{"self":[{"href":"https:\/\/ekongkar.yoga\/index.php?rest_route=\/wp\/v2\/pages\/725","targetHints":{"allow":["GET"]}}],"collection":[{"href":"https:\/\/ekongkar.yoga\/index.php?rest_route=\/wp\/v2\/pages"}],"about":[{"href":"https:\/\/ekongkar.yoga\/index.php?rest_route=\/wp\/v2\/types\/page"}],"author":[{"embeddable":true,"href":"https:\/\/ekongkar.yoga\/index.php?rest_route=\/wp\/v2\/users\/1"}],"replies":[{"embeddable":true,"href":"https:\/\/ekongkar.yoga\/index.php?rest_route=%2Fwp%2Fv2%2Fcomments&post=725"}],"version-history":[{"count":0,"href":"https:\/\/ekongkar.yoga\/index.php?rest_route=\/wp\/v2\/pages\/725\/revisions"}],"wp:attachment":[{"href":"https:\/\/ekongkar.yoga\/index.php?rest_route=%2Fwp%2Fv2%2Fmedia&parent=725"}],"curies":[{"name":"wp","href":"https:\/\/api.w.org\/{rel}","templated":true}]}}