{"id":722,"date":"2016-06-16T20:36:47","date_gmt":"2016-06-16T18:36:47","guid":{"rendered":"http:\/\/ekongkar.yoga\/?page_id=722"},"modified":"2024-10-18T10:18:15","modified_gmt":"2024-10-18T08:18:15","slug":"corps-energetique-versus-corps-physique","status":"publish","type":"page","link":"https:\/\/ekongkar.yoga\/?page_id=722","title":{"rendered":"Corps \u00e9nerg\u00e9tique versus corps physique"},"content":{"rendered":"<p><span style=\"color: #8c282c;\"><span style=\"font-size: 18pt;\">Corps \u00e9nerg\u00e9tique versus corps physique (orient versus occident)<\/span><\/span><\/p>\n<p>Les regards pos\u00e9s sur le corps et la maladie par la tradition yogique et par la m\u00e9decine occidentale divergent et refl\u00e8tent l&rsquo;\u00e9laboration de <strong><span style=\"color: #008080;\">deux intelligences diff\u00e9rentes du monde<\/span><\/strong>.<\/p>\n<p><strong><span style=\"color: #008080;\">Est-il possible d&rsquo;\u00e9tablir des corr\u00e9lations <\/span><\/strong>assur\u00e9es entre le corps \u00e9nerg\u00e9tique (prana, chakra, nadis, couleurs, syllabes germes, etc) que certaines traditions d\u00e9crivent avec force d\u00e9tails accompagn\u00e9s d\u2019une riche iconographie, et la physiologie et les \u00e9l\u00e9ments anatomiques qui dans la pens\u00e9e occidentale sont devenus les points de d\u00e9part de la r\u00e9flexion m\u00e9dicale?<\/p>\n<p><strong><span style=\"color: #008080;\">Les corr\u00e9lations \u00e9ventuelles doivent \u00eatre regard\u00e9es avec prudence.<\/span><\/strong> On doit se garder d&rsquo;une identification simple entre ces deux syst\u00e8mes d&rsquo;autant plus que beaucoup des correspondances propos\u00e9es par les ouvrages occidentaux (et que l&rsquo;on retrouve encore plus abondamment sur le web) rel\u00e8vent souvent de la pure fantaisie individuelle, qui sous pr\u00e9texte de moderniser la tradition ancestrale et de lui donner une apparence moderne et scientifique, ne fait que m\u00e9langer les cultures les plus disparates, les pillant et les d\u00e9naturant sans scrupule.<\/p>\n<p>Et s\u2019il n\u2019est pas ill\u00e9gitime de s\u2019efforcer de chercher et d\u2019\u00e9tablir des connections entre par exemple tel chakra et tel glande endocrine ou tel plexus nerveux, il convient de garder \u00e0 l\u2019esprit qu\u2019il s\u2019agit de <strong><span style=\"color: #008080;\">deux univers distincts<\/span><\/strong>, trouvant leur origine dans deux r\u00e9f\u00e9rentiels diff\u00e9rents et apportant deux approches \u00e9toff\u00e9es de la r\u00e9alit\u00e9. Deux plans de manifestation qui n\u2019ont pas besoin d\u2019\u00eatre amalgam\u00e9s pour \u00eatre, tous deux, <strong><span style=\"color: #008080;\">riches d\u2019enseignement<\/span><\/strong> et op\u00e9ratoires aujourd&rsquo;hui.<\/p>\n<p style=\"text-align: center;\"><iframe loading=\"lazy\" src=\"https:\/\/www.youtube.com\/embed\/6zLYHW9uaeM\" width=\"560\" height=\"315\" frameborder=\"0\" allowfullscreen=\"allowfullscreen\"><\/iframe><\/p>\n<p style=\"text-align: center;\"><span style=\"color: #800000;\"><strong>A lire \u00e9galement:<\/strong><\/span><br \/>\n<a href=\"http:\/\/ekongkar.yoga\/?page_id=685\">Le syst\u00e8me endocrinien (hormonal)<\/a>\u00a0\/\u00a0<a href=\"http:\/\/ekongkar.yoga\/?page_id=689\">Le r\u00f4le des hormones<\/a>\u00a0\/\u00a0<a href=\"http:\/\/ekongkar.yoga\/?page_id=696\">Les glandes endocrines<\/a>\u00a0\/\u00a0<a href=\"http:\/\/ekongkar.yoga\/?page_id=715\">Complexe hypothalamo-hypophysaire<\/a>\u00a0\/\u00a0<a href=\"http:\/\/ekongkar.yoga\/?page_id=718\">Perturbations du syst\u00e8me endocrinien<\/a>\u00a0\/\u00a0<a href=\"http:\/\/ekongkar.yoga\/?page_id=720\">Le Yoga et le syst\u00e8me endocrinien<\/a>\u00a0\/\u00a0Corps \u00e9nerg\u00e9tique versus corps physique<\/p>\n","protected":false},"excerpt":{"rendered":"<p>Corps \u00e9nerg\u00e9tique versus corps physique (orient versus occident) Les regards pos\u00e9s sur le corps et la maladie par la tradition yogique et par la m\u00e9decine occidentale divergent et refl\u00e8tent l&rsquo;\u00e9laboration de deux intelligences diff\u00e9rentes du monde. Est-il possible d&rsquo;\u00e9tablir des corr\u00e9lations assur\u00e9es entre le corps \u00e9nerg\u00e9tique (prana, chakra, nadis, couleurs,&#8230;<\/p>\n<p> <a class=\"continue-reading-link\" href=\"https:\/\/ekongkar.yoga\/?page_id=722\"><span>Lire la suite&#8230;<\/span><i class=\"crycon-right-dir\"><\/i><\/a> <\/p>\n","protected":false},"author":1,"featured_media":839,"parent":685,"menu_order":4,"comment_status":"closed","ping_status":"closed","template":"","meta":{"footnotes":""},"class_list":["post-722","page","type-page","status-publish","has-post-thumbnail","hentry"],"_links":{"self":[{"href":"https:\/\/ekongkar.yoga\/index.php?rest_route=\/wp\/v2\/pages\/722","targetHints":{"allow":["GET"]}}],"collection":[{"href":"https:\/\/ekongkar.yoga\/index.php?rest_route=\/wp\/v2\/pages"}],"about":[{"href":"https:\/\/ekongkar.yoga\/index.php?rest_route=\/wp\/v2\/types\/page"}],"author":[{"embeddable":true,"href":"https:\/\/ekongkar.yoga\/index.php?rest_route=\/wp\/v2\/users\/1"}],"replies":[{"embeddable":true,"href":"https:\/\/ekongkar.yoga\/index.php?rest_route=%2Fwp%2Fv2%2Fcomments&post=722"}],"version-history":[{"count":2,"href":"https:\/\/ekongkar.yoga\/index.php?rest_route=\/wp\/v2\/pages\/722\/revisions"}],"predecessor-version":[{"id":38474,"href":"https:\/\/ekongkar.yoga\/index.php?rest_route=\/wp\/v2\/pages\/722\/revisions\/38474"}],"up":[{"embeddable":true,"href":"https:\/\/ekongkar.yoga\/index.php?rest_route=\/wp\/v2\/pages\/685"}],"wp:featuredmedia":[{"embeddable":true,"href":"https:\/\/ekongkar.yoga\/index.php?rest_route=\/wp\/v2\/media\/839"}],"wp:attachment":[{"href":"https:\/\/ekongkar.yoga\/index.php?rest_route=%2Fwp%2Fv2%2Fmedia&parent=722"}],"curies":[{"name":"wp","href":"https:\/\/api.w.org\/{rel}","templated":true}]}}