{"id":718,"date":"2016-07-17T20:28:08","date_gmt":"2016-07-17T18:28:08","guid":{"rendered":"http:\/\/ekongkar.yoga\/?page_id=718"},"modified":"2024-10-18T10:18:25","modified_gmt":"2024-10-18T08:18:25","slug":"perturbations-du-systeme-endocrinien","status":"publish","type":"page","link":"https:\/\/ekongkar.yoga\/?page_id=718","title":{"rendered":"Perturbations du syst\u00e8me endocrinien"},"content":{"rendered":"<p><span style=\"color: #8c282c;\"><span style=\"font-size: 18pt;\">Perturbations du syst\u00e8me endocrinien<\/span><\/span><\/p>\n<p>Le syst\u00e8me endocrinien (en synergie avec le syst\u00e8me nerveux) est le plus important syst\u00e8me de communication de l\u2019organisme, <strong><span style=\"color: #008080;\">il est indispensable au maintien des \u00e9quilibres biologiques n\u00e9cessaires \u00e0 la vie.<\/span><\/strong> Il est impliqu\u00e9 dans la plupart des processus physiologiques et r\u00e9gule l&rsquo;activit\u00e9 de nombreux organes dont il modifie le comportement et les interactions.<\/p>\n<p><strong><span style=\"color: #008080;\">Toute perturbation de ce syst\u00e8me peut avoir des r\u00e9percussions \u00e9tendues<\/span><\/strong> sur le d\u00e9veloppement sexuel et la reproduction, la croissance et la diff\u00e9renciation cellulaire, l&rsquo;hom\u00e9ostasie (processus permettant de maintenir certaines constantes: PH, temp\u00e9rature, concentration d&rsquo;eau, d&rsquo;\u00e9l\u00e9ments nutritifs, d&rsquo;\u00e9lectrolytes, etc), la r\u00e9gulation des rythmes chronobiologiques, le m\u00e9tabolisme \u00e9nerg\u00e9tique et cellulaire et \u00e0 bien d&rsquo;autres niveaux encore.<\/p>\n<p>Aujourd&rsquo;hui, on s&rsquo;interroge beaucoup sur les cons\u00e9quences d&rsquo;une \u00e9ventuelle rupture de cet \u00e9quilibre par diff\u00e9rents <strong><span style=\"color: #008080;\">contaminants de l&rsquo;environnement.<\/span><\/strong> Car de tr\u00e8s nombreux compos\u00e9s chimiques peuvent prendre la place des hormones, avec des r\u00e9sultats divers et encore peu connus.<\/p>\n<p>Les perturbateurs endocriniens peuvent agir \u00e0 de tr\u00e8s <strong><span style=\"color: #008080;\">faibles doses<\/span><\/strong>, comme le font naturellement les hormones. Dans certains cas, les effets n\u00e9fastes peuvent se voir directement sur les personnes expos\u00e9es. Mais pour d\u2019autres mol\u00e9cules l\u2019effet peut sauter une g\u00e9n\u00e9ration. Un des exemples les plus marquants est le distilb\u00e8ne (di\u00e9thylstilbestrol), prescrit pendant une trentaine d&rsquo;ann\u00e9es aux femmes pendant la grossesse pour pr\u00e9venir les fausses couches, et qui s\u2019est r\u00e9v\u00e9l\u00e9 nocif, surtout pour les filles, provoquant des malformations g\u00e9nitales chez les enfants des femmes concern\u00e9es.<\/p>\n<p><iframe loading=\"lazy\" style=\"border: none; overflow: hidden;\" src=\"https:\/\/www.facebook.com\/plugins\/video.php?href=https%3A%2F%2Fwww.facebook.com%2Flemonde.fr%2Fvideos%2F10155779175162590%2F&amp;show_text=0&amp;width=560\" width=\"560\" height=\"315\" frameborder=\"0\" scrolling=\"no\" allowfullscreen=\"allowfullscreen\"><\/iframe><\/p>\n<p>Les perturbateurs endocriniens dans l&rsquo;environnement ont <strong><span style=\"color: #008080;\">plusieurs sources<\/span><\/strong>. On distingue:<\/p>\n<ul>\n<li><strong><span style=\"color: #008080;\">Les substances produites intentionnellement pour leur effet hormonal.<\/span> <\/strong>Par exemple les contraceptifs ou les mol\u00e9cules utilis\u00e9es dans le traitement de la st\u00e9rilit\u00e9, mais \u00e9galement des substances absorb\u00e9es indirectement, principalement les r\u00e9sidus hormonaux dans la viande.<\/li>\n<li><strong><span style=\"color: #008080;\">Les substances chimiques de synth\u00e8se fabriqu\u00e9es avec des objectifs vari\u00e9s<\/span><\/strong>, sans que l\u2019effet sur le syst\u00e8me hormonal ait \u00e9t\u00e9 recherch\u00e9. Elles sont employ\u00e9es dans l\u2019industrie, l\u2019agriculture et les biens de consommation, ou utilis\u00e9es comme sous-produits: les pesticides, les herbicides, certains plastifiants, les dioxines, certains hydrocarbures, etc.<\/li>\n<li><strong><span style=\"color: #008080;\">Les compos\u00e9s naturels pr\u00e9sents dans une grande vari\u00e9t\u00e9 de plantes<\/span><\/strong>, comme les phyto-\u0153strog\u00e8nes que l&rsquo;on retrouve dans les noix et les ol\u00e9agineux (dont le soja), les c\u00e9r\u00e9ales, la viande, etc.<\/li>\n<\/ul>\n<p>Parmi <strong><span style=\"color: #008080;\">les probl\u00e8mes les plus important<\/span><\/strong> observ\u00e9s depuis deux d\u00e9cennies et imputables aux perturbateurs endocriniens, on peut citer:<\/p>\n<ul>\n<li>La diminution du nombre de naissances de gar\u00e7ons.<\/li>\n<li>Les malformations g\u00e9nitales.<\/li>\n<li>La baisse de la fertilit\u00e9.<\/li>\n<li>La pubert\u00e9 pr\u00e9coce.<\/li>\n<li>L\u2019augmentation du nombre de certains cancers (prostate et testicules chez les jeunes hommes).<\/li>\n<li>L\u2019ob\u00e9sit\u00e9.<\/li>\n<\/ul>\n<p style=\"text-align: left;\"><strong><span style=\"color: #008080;\">Devant la gravit\u00e9 de cette probl\u00e9matique,<\/span><\/strong> de nombreuses organisations nationales et internationales, ainsi que des scientifiques et des groupes d&rsquo;int\u00e9r\u00eat public ont depuis quelques ann\u00e9es lanc\u00e9 des programmes de recherche qui permettront de pr\u00e9ciser l&rsquo;impact r\u00e9el de la plupart des perturbateurs endocriniens sur la sant\u00e9 humaine et d&rsquo;en \u00e9tablir une liste plus exhaustive.<\/p>\n<p style=\"text-align: center;\"><span style=\"color: #800000;\"><strong>A lire \u00e9galement:<\/strong><\/span><br \/>\n<a href=\"http:\/\/ekongkar.yoga\/?page_id=685\">Le syst\u00e8me endocrinien (hormonal)<\/a>\u00a0\/ <a href=\"http:\/\/ekongkar.yoga\/?page_id=689\">Le r\u00f4le des hormones<\/a>\u00a0\/\u00a0<a href=\"http:\/\/ekongkar.yoga\/?page_id=696\">Les glandes endocrines<\/a>\u00a0\/\u00a0<a href=\"http:\/\/ekongkar.yoga\/?page_id=715\">Complexe hypothalamo-hypophysaire<\/a>\u00a0\/\u00a0Perturbations du syst\u00e8me endocrinien\u00a0\/\u00a0<a href=\"http:\/\/ekongkar.yoga\/?page_id=720\">Le Yoga et le syst\u00e8me endocrinien<\/a>\u00a0\/\u00a0<a href=\"http:\/\/ekongkar.yoga\/?page_id=722\">Corps \u00e9nerg\u00e9tique versus corps physique<\/a><\/p>\n<hr \/>\n<p><span style=\"font-size: 24pt;\">En vid\u00e9os, sur la cha\u00eene YouTube <span style=\"text-decoration: underline; color: #008080;\"><a style=\"color: #008080; text-decoration: underline;\" href=\"https:\/\/www.youtube.com\/channel\/UC6JVXwM88DsvYA7kf4RxFSg\" target=\"_blank\" rel=\"noopener noreferrer\">Yoga Ekongkar<\/a><\/span>\u00a0:<\/span><\/p>\n<div class=\"mks_col \">\n<div class=\"mks_one_half \"><iframe loading=\"lazy\" style=\"border: none; overflow: hidden;\" src=\"https:\/\/www.facebook.com\/plugins\/video.php?href=https%3A%2F%2Fwww.facebook.com%2Fjeanpierre.rajindersingh%2Fvideos%2F1265427553592815%2F&amp;show_text=0&amp;width=560\" width=\"560\" height=\"238\" frameborder=\"0\" scrolling=\"no\" allowfullscreen=\"allowfullscreen\"><\/iframe><\/div>\n<div class=\"mks_one_half \"><iframe loading=\"lazy\" src=\"https:\/\/www.youtube.com\/embed\/Af_ka491iO4?rel=0&amp;showinfo=0\" width=\"560\" height=\"238\" frameborder=\"0\" allowfullscreen=\"allowfullscreen\"><\/iframe><\/div>\n<\/div>\n<div class=\"mks_col \">\n<div class=\"mks_one_half \"><iframe loading=\"lazy\" src=\"https:\/\/www.youtube.com\/embed\/LvTJ4IqUsKY?rel=0&amp;showinfo=0\" width=\"560\" height=\"238\" frameborder=\"0\" allowfullscreen=\"allowfullscreen\"><\/iframe><\/div>\n<div class=\"mks_one_half \"><iframe loading=\"lazy\" src=\"https:\/\/www.youtube.com\/embed\/ThhZ4d9b9Cw?rel=0&amp;showinfo=0\" width=\"560\" height=\"238\" frameborder=\"0\" allowfullscreen=\"allowfullscreen\"><\/iframe><\/div>\n<\/div>\n","protected":false},"excerpt":{"rendered":"<p>Perturbations du syst\u00e8me endocrinien Le syst\u00e8me endocrinien (en synergie avec le syst\u00e8me nerveux) est le plus important syst\u00e8me de communication de l\u2019organisme, il est indispensable au maintien des \u00e9quilibres biologiques n\u00e9cessaires \u00e0 la vie. Il est impliqu\u00e9 dans la plupart des processus physiologiques et r\u00e9gule l&rsquo;activit\u00e9 de nombreux organes dont&#8230;<\/p>\n<p> <a class=\"continue-reading-link\" href=\"https:\/\/ekongkar.yoga\/?page_id=718\"><span>Lire la suite&#8230;<\/span><i class=\"crycon-right-dir\"><\/i><\/a> <\/p>\n","protected":false},"author":1,"featured_media":834,"parent":685,"menu_order":3,"comment_status":"closed","ping_status":"closed","template":"","meta":{"footnotes":""},"class_list":["post-718","page","type-page","status-publish","has-post-thumbnail","hentry"],"_links":{"self":[{"href":"https:\/\/ekongkar.yoga\/index.php?rest_route=\/wp\/v2\/pages\/718","targetHints":{"allow":["GET"]}}],"collection":[{"href":"https:\/\/ekongkar.yoga\/index.php?rest_route=\/wp\/v2\/pages"}],"about":[{"href":"https:\/\/ekongkar.yoga\/index.php?rest_route=\/wp\/v2\/types\/page"}],"author":[{"embeddable":true,"href":"https:\/\/ekongkar.yoga\/index.php?rest_route=\/wp\/v2\/users\/1"}],"replies":[{"embeddable":true,"href":"https:\/\/ekongkar.yoga\/index.php?rest_route=%2Fwp%2Fv2%2Fcomments&post=718"}],"version-history":[{"count":1,"href":"https:\/\/ekongkar.yoga\/index.php?rest_route=\/wp\/v2\/pages\/718\/revisions"}],"predecessor-version":[{"id":38475,"href":"https:\/\/ekongkar.yoga\/index.php?rest_route=\/wp\/v2\/pages\/718\/revisions\/38475"}],"up":[{"embeddable":true,"href":"https:\/\/ekongkar.yoga\/index.php?rest_route=\/wp\/v2\/pages\/685"}],"wp:featuredmedia":[{"embeddable":true,"href":"https:\/\/ekongkar.yoga\/index.php?rest_route=\/wp\/v2\/media\/834"}],"wp:attachment":[{"href":"https:\/\/ekongkar.yoga\/index.php?rest_route=%2Fwp%2Fv2%2Fmedia&parent=718"}],"curies":[{"name":"wp","href":"https:\/\/api.w.org\/{rel}","templated":true}]}}