{"id":685,"date":"2016-07-28T19:35:26","date_gmt":"2016-07-28T17:35:26","guid":{"rendered":"http:\/\/ekongkar.yoga\/?page_id=685"},"modified":"2016-07-28T19:35:26","modified_gmt":"2016-07-28T17:35:26","slug":"le-systeme-endocrinien","status":"publish","type":"page","link":"https:\/\/ekongkar.yoga\/?page_id=685","title":{"rendered":"Le syst\u00e8me endocrinien"},"content":{"rendered":"<p><span style=\"color: #8c282c;\"><span style=\"font-size: 18pt;\">Le syst\u00e8me endocrinien (hormonal)<\/span><\/span><\/p>\n<p>Le syst\u00e8me endocrinien (hormonal) est l\u2019un des 2 syst\u00e8mes de communication et de r\u00e9gulation de l\u2019organisme, travaillant en association \u00e9troite (synergie) avec le syst\u00e8me nerveux. Le syst\u00e8me endocrinien regroupe toutes les glandes qui secr\u00e8tent des hormones (glandes endocrines).<\/p>\n<ul>\n<li><a href=\"http:\/\/ekongkar.yoga\/?page_id=689\">Le r\u00f4le des hormones<\/a><\/li>\n<li><a href=\"http:\/\/ekongkar.yoga\/?page_id=696\">Les glandes endocrines<\/a>\n<ul>\n<li><a href=\"http:\/\/ekongkar.yoga\/?page_id=699\">L\u2019hypophyse<\/a>&nbsp;\/&nbsp;<a href=\"http:\/\/ekongkar.yoga\/?page_id=701\">L\u2019\u00e9piphyse<\/a>&nbsp;\/&nbsp;<a href=\"http:\/\/ekongkar.yoga\/?page_id=705\">La thyro\u00efde et les parathyro\u00efdes<\/a>&nbsp; \/&nbsp;<a href=\"http:\/\/ekongkar.yoga\/?page_id=707\">Les surr\u00e9nales<\/a>&nbsp;\/&nbsp;<a href=\"http:\/\/ekongkar.yoga\/?page_id=709\">Le pancr\u00e9as<\/a>&nbsp;\/&nbsp;<a href=\"http:\/\/ekongkar.yoga\/?page_id=711\">Le thymus<\/a>&nbsp;\/&nbsp;<a href=\"http:\/\/ekongkar.yoga\/?page_id=713\">Les gonades<\/a><\/li>\n<\/ul>\n<\/li>\n<li><a href=\"http:\/\/ekongkar.yoga\/?page_id=715\">Complexe hypothalamo-hypophysaire<\/a><\/li>\n<li><a href=\"http:\/\/ekongkar.yoga\/?page_id=718\">Perturbations du syst\u00e8me endocrinien<\/a><\/li>\n<li><a href=\"http:\/\/ekongkar.yoga\/?page_id=720\">Le Yoga et le syst\u00e8me endocrinien<\/a><\/li>\n<li><a href=\"http:\/\/ekongkar.yoga\/?page_id=722\">Corps \u00e9nerg\u00e9tique versus corps physique (orient versus occident)<\/a><\/li>\n<\/ul>\n<p style=\"text-align: center;\"><img loading=\"lazy\" decoding=\"async\" class=\"alignleft\" src=\"http:\/\/ekongkar.yoga\/wp-content\/uploads\/2016\/06\/systeme-endocrinien.gif\" alt=\"\" width=\"840\" height=\"400\"><\/p>\n<hr>\n<p><span style=\"font-size: 24pt;\">En vid\u00e9os, sur la cha\u00eene YouTube <span style=\"text-decoration: underline; color: #008080;\"><a style=\"color: #008080; text-decoration: underline;\" href=\"https:\/\/www.youtube.com\/channel\/UC6JVXwM88DsvYA7kf4RxFSg\" target=\"_blank\" rel=\"noopener noreferrer\">Yoga Ekongkar<\/a><\/span>&nbsp;:<\/span><\/p>\n<div class=\"mks_col \">\n<div class=\"mks_one_half \"><iframe loading=\"lazy\" style=\"border: none; overflow: hidden;\" src=\"https:\/\/www.facebook.com\/plugins\/video.php?href=https%3A%2F%2Fwww.facebook.com%2Fjeanpierre.rajindersingh%2Fvideos%2F1265427553592815%2F&amp;show_text=0&amp;width=560\" width=\"560\" height=\"238\" frameborder=\"0\" scrolling=\"no\" allowfullscreen=\"allowfullscreen\"><\/iframe><\/div>\n<div class=\"mks_one_half \"><iframe loading=\"lazy\" src=\"https:\/\/www.youtube.com\/embed\/Af_ka491iO4?rel=0&amp;showinfo=0\" width=\"560\" height=\"238\" frameborder=\"0\" allowfullscreen=\"allowfullscreen\"><\/iframe><\/div>\n<\/div>\n<div class=\"mks_col \">\n<div class=\"mks_one_half \"><iframe loading=\"lazy\" src=\"https:\/\/www.youtube.com\/embed\/LvTJ4IqUsKY?rel=0&amp;showinfo=0\" width=\"560\" height=\"238\" frameborder=\"0\" allowfullscreen=\"allowfullscreen\"><\/iframe><\/div>\n<div class=\"mks_one_half \"><iframe loading=\"lazy\" src=\"https:\/\/www.youtube.com\/embed\/ThhZ4d9b9Cw?rel=0&amp;showinfo=0\" width=\"560\" height=\"238\" frameborder=\"0\" allowfullscreen=\"allowfullscreen\"><\/iframe><\/div>\n<\/div>\n","protected":false},"excerpt":{"rendered":"<p>Le syst\u00e8me endocrinien (hormonal) Le syst\u00e8me endocrinien (hormonal) est l\u2019un des 2 syst\u00e8mes de communication et de r\u00e9gulation de l\u2019organisme, travaillant en association \u00e9troite (synergie) avec le syst\u00e8me nerveux. Le syst\u00e8me endocrinien regroupe toutes les glandes qui secr\u00e8tent des hormones (glandes endocrines). Le r\u00f4le des hormones Les glandes endocrines L\u2019hypophyse&nbsp;\/&nbsp;L\u2019\u00e9piphyse&nbsp;\/&nbsp;La&#8230;<\/p>\n<p> <a class=\"continue-reading-link\" href=\"https:\/\/ekongkar.yoga\/?page_id=685\"><span>Lire la suite&#8230;<\/span><i class=\"crycon-right-dir\"><\/i><\/a> <\/p>\n","protected":false},"author":1,"featured_media":799,"parent":725,"menu_order":2,"comment_status":"closed","ping_status":"closed","template":"","meta":{"footnotes":""},"class_list":["post-685","page","type-page","status-publish","has-post-thumbnail","hentry"],"_links":{"self":[{"href":"https:\/\/ekongkar.yoga\/index.php?rest_route=\/wp\/v2\/pages\/685","targetHints":{"allow":["GET"]}}],"collection":[{"href":"https:\/\/ekongkar.yoga\/index.php?rest_route=\/wp\/v2\/pages"}],"about":[{"href":"https:\/\/ekongkar.yoga\/index.php?rest_route=\/wp\/v2\/types\/page"}],"author":[{"embeddable":true,"href":"https:\/\/ekongkar.yoga\/index.php?rest_route=\/wp\/v2\/users\/1"}],"replies":[{"embeddable":true,"href":"https:\/\/ekongkar.yoga\/index.php?rest_route=%2Fwp%2Fv2%2Fcomments&post=685"}],"version-history":[{"count":0,"href":"https:\/\/ekongkar.yoga\/index.php?rest_route=\/wp\/v2\/pages\/685\/revisions"}],"up":[{"embeddable":true,"href":"https:\/\/ekongkar.yoga\/index.php?rest_route=\/wp\/v2\/pages\/725"}],"wp:featuredmedia":[{"embeddable":true,"href":"https:\/\/ekongkar.yoga\/index.php?rest_route=\/wp\/v2\/media\/799"}],"wp:attachment":[{"href":"https:\/\/ekongkar.yoga\/index.php?rest_route=%2Fwp%2Fv2%2Fmedia&parent=685"}],"curies":[{"name":"wp","href":"https:\/\/api.w.org\/{rel}","templated":true}]}}