{"id":311,"date":"2016-07-27T18:06:54","date_gmt":"2016-07-27T16:06:54","guid":{"rendered":"http:\/\/ekongkar.yoga\/?page_id=311"},"modified":"2016-07-27T18:06:54","modified_gmt":"2016-07-27T16:06:54","slug":"yoga-et-maladies","status":"publish","type":"page","link":"https:\/\/ekongkar.yoga\/?page_id=311","title":{"rendered":"Yoga et maladies"},"content":{"rendered":"<p><span style=\"color: #8c282c;\"><span style=\"font-size: 18pt;\"><img loading=\"lazy\" decoding=\"async\" class=\"alignright\" src=\"http:\/\/ekongkar.yoga\/wp-content\/uploads\/2018\/02\/yoka-kundalini-ffky-maladies.jpg\" width=\"370\" height=\"246\">Le Kundalini Yoga pour des probl\u00e8mes de sant\u00e9 particuliers<\/span><\/span><\/p>\n<p><a href=\"http:\/\/ekongkar.yoga\/?page_id=313\">1. La d\u00e9pression<\/a><br \/>\n<a href=\"http:\/\/ekongkar.yoga\/?page_id=315\">2. Les lombalgies<\/a><br \/>\n3. La fatigue chronique&nbsp;(en pr\u00e9paration)<br \/>\n4. Les troubles digestifs&nbsp;(en pr\u00e9paration)<br \/>\n5. L\u2019insomnie&nbsp;(en pr\u00e9paration)<\/p>\n","protected":false},"excerpt":{"rendered":"<p>Le Kundalini Yoga pour des probl\u00e8mes de sant\u00e9 particuliers 1. La d\u00e9pression 2. Les lombalgies 3. La fatigue chronique&nbsp;(en pr\u00e9paration) 4. Les troubles digestifs&nbsp;(en pr\u00e9paration) 5. L\u2019insomnie&nbsp;(en pr\u00e9paration)<\/p>\n<p> <a class=\"continue-reading-link\" href=\"https:\/\/ekongkar.yoga\/?page_id=311\"><span>Lire la suite&#8230;<\/span><i class=\"crycon-right-dir\"><\/i><\/a> <\/p>\n","protected":false},"author":1,"featured_media":0,"parent":725,"menu_order":3,"comment_status":"closed","ping_status":"closed","template":"","meta":{"footnotes":""},"class_list":["post-311","page","type-page","status-publish","hentry"],"_links":{"self":[{"href":"https:\/\/ekongkar.yoga\/index.php?rest_route=\/wp\/v2\/pages\/311","targetHints":{"allow":["GET"]}}],"collection":[{"href":"https:\/\/ekongkar.yoga\/index.php?rest_route=\/wp\/v2\/pages"}],"about":[{"href":"https:\/\/ekongkar.yoga\/index.php?rest_route=\/wp\/v2\/types\/page"}],"author":[{"embeddable":true,"href":"https:\/\/ekongkar.yoga\/index.php?rest_route=\/wp\/v2\/users\/1"}],"replies":[{"embeddable":true,"href":"https:\/\/ekongkar.yoga\/index.php?rest_route=%2Fwp%2Fv2%2Fcomments&post=311"}],"version-history":[{"count":0,"href":"https:\/\/ekongkar.yoga\/index.php?rest_route=\/wp\/v2\/pages\/311\/revisions"}],"up":[{"embeddable":true,"href":"https:\/\/ekongkar.yoga\/index.php?rest_route=\/wp\/v2\/pages\/725"}],"wp:attachment":[{"href":"https:\/\/ekongkar.yoga\/index.php?rest_route=%2Fwp%2Fv2%2Fmedia&parent=311"}],"curies":[{"name":"wp","href":"https:\/\/api.w.org\/{rel}","templated":true}]}}