{"id":286,"date":"2016-04-14T17:58:29","date_gmt":"2016-04-14T15:58:29","guid":{"rendered":"http:\/\/ekongkar.yoga\/?page_id=286"},"modified":"2016-04-14T17:58:29","modified_gmt":"2016-04-14T15:58:29","slug":"developper-lenergie-interieure","status":"publish","type":"page","link":"https:\/\/ekongkar.yoga\/?page_id=286","title":{"rendered":"D\u00e9velopper l\u2019\u00e9nergie int\u00e9rieure"},"content":{"rendered":"<p><span style=\"color: #8c282c;\"><span style=\"font-size: 18pt;\">Le Kundalini Yoga pour d\u00e9velopper l\u2019\u00e9nergie int\u00e9rieure<\/span><\/span><\/p>\n<p><img loading=\"lazy\" decoding=\"async\" class=\"alignleft\" src=\"http:\/\/ekongkar.yoga\/wp-content\/uploads\/2016\/04\/1e-870.jpg\" alt=\"\" width=\"351\" height=\"210\">Le Kundalini Yoga fut transmit pendant des si\u00e8cles au sein de lign\u00e9es de yogis qui, voyant en lui un tr\u00e9sor inestimable, le partageaient en secret, d\u2019initi\u00e9 \u00e0 initi\u00e9. Cependant, dans le contexte de cette transition vers l&rsquo;\u00e8re du Verseau, et les d\u00e9fis qu&rsquo;elle impose, <strong><span style=\"color: #008080;\">YB jugea que chacun pouvait profiter de cette science<\/span><\/strong>. Il d\u00e9cida de briser ce mode de transmission \u00e9litiste, et contre l&rsquo;avis de ses pairs, <strong><span style=\"color: #008080;\">il introduisit les outils et les techniques du Kundalini Yoga dans le monde occidental et les transmit \u00e0 un large public.<\/span><\/strong><\/p>\n<blockquote><p>\u00ab <em>Dans cette nouvelle \u00e8re, chacun sera autonome \u00bb, et pour se faire, \u00ab les individus doivent avoir un enseignement yogique, c&rsquo;est le besoin du temps nouveau<\/em> \u00bb.<\/p><\/blockquote>\n<p>Les techniques puissantes propos\u00e9es par le Kundalini Yoga sont particuli\u00e8rement <strong><span style=\"color: #008080;\">adapt\u00e9es \u00e0 notre vie moderne,<\/span><\/strong> elles permettent d\u2019harmoniser et de d\u00e9velopper tous les aspects de l\u2019\u00eatre humain, ce dont nous avons besoin pour faire face aux diff\u00e9rentes causes de stress et de d\u00e9pression. En particulier, ces outils proposent de d\u00e9velopper l\u2019\u00e9nergie int\u00e9rieure n\u00e9cessaire pour traverser et d\u00e9passer les moments difficiles de cette transition. <strong><span style=\"color: #008080;\">Elles offrent la possibilit\u00e9 de diriger consciemment le pouvoir du \u00ab mental m\u00e9ditatif \u00bb<\/span><\/strong>, ce mental vaste, englobant toute chose, ce mental qui n\u2019est plus le jouet de l\u2019\u00e9go, auquel nous ne sommes plus identifi\u00e9s, ce mental qui s\u2019exprime par l\u2019\u00e9lan intuitif.<\/p>\n<p><strong><span style=\"color: #008080;\">Le Kundalini Yoga est constitu\u00e9 d\u2019un large \u00e9ventail de techniques<\/span><\/strong> corporelles, mentales et spirituelles qui nous apportent la sant\u00e9, l\u2019\u00e9quilibre, l\u2019harmonie et l\u2019\u00e9nergie, nous offrent la capacit\u00e9 \u00e9lev\u00e9e \u00e0 faire des choix, cultive le syst\u00e8me auto-sensoriel en nous reliant consciemment \u00e0 notre respiration, en renfor\u00e7ant notre syst\u00e8me nerveux,&nbsp;en activant notre syst\u00e8me glandulaire, en \u00e9quilibrant nos \u00e9motions, et en canalisant notre \u00e9nergie mentale.<\/p>\n<p><strong><span style=\"color: #008080;\">Le Kundalini Yoga active la circulation de cette \u00e9nergie primitive et vitale, appel\u00e9e Kundalini<\/span><\/strong> par les yogis, cette \u00e9nergie qui n\u2019est rien d\u2019autre que notre conscience ensommeill\u00e9e et qui nous \u00e9l\u00e8ve au fil des 7 marches du bonheur.<\/p>\n<p><strong><span style=\"color: #008080;\">Les sept marches vers le bonheur<\/span><\/strong><br \/>\n1. L\u2019engagement<br \/>\n2. Le caract\u00e8re<br \/>\n3. La dignit\u00e9<br \/>\n4. La divinit\u00e9<br \/>\n5. La gr\u00e2ce<br \/>\n6. Le pouvoir de sacrifice<br \/>\n7. Le bonheur<\/p>\n<blockquote><p>\u00ab <em>La puissance du Kundalini Yoga repose sur l\u2019exp\u00e9rience. Elle va droit au c\u0153ur et \u00e9largit votre conscience pour vous donner gr\u00e2ce et connaissance de la v\u00e9rit\u00e9. \u00c0 la fin vous comprenez que vous \u00eates en relation avec l\u2019univers<\/em> \u00bb<\/p><\/blockquote>\n<p style=\"text-align: center;\"><span style=\"color: #008080;\"><strong><span style=\"color: #800000;\">A lire \u00e9galement:<\/span><br \/>\n<\/strong><\/span><a href=\"http:\/\/ekongkar.yoga\/?page_id=280\">Un peu d\u2019astronomie et d\u2019astrologie : que sont les \u00e8res ?<\/a>&nbsp;&#8211;&nbsp;<a href=\"http:\/\/ekongkar.yoga\/?page_id=282\">La transition du Poisson au Verseau<\/a>&nbsp;&#8211; <a href=\"http:\/\/ekongkar.yoga\/?page_id=284\">Le syst\u00e8me auto-sensoriel<\/a>&nbsp;&#8211;&nbsp;Le Kundalini Yoga pour d\u00e9velopper l\u2019\u00e9nergie int\u00e9rieure<\/p>\n<hr>\n<p><span style=\"font-size: 24pt;\">En vid\u00e9os, sur la cha\u00eene YouTube <span style=\"text-decoration: underline; color: #008080;\"><a style=\"color: #008080; text-decoration: underline;\" href=\"https:\/\/www.youtube.com\/channel\/UC6JVXwM88DsvYA7kf4RxFSg\" target=\"_blank\" rel=\"noopener noreferrer\">Yoga Ekongkar<\/a><\/span>&nbsp;:<\/span><\/p>\n<div class=\"mks_col \">\n<div class=\"mks_one_half \"><iframe loading=\"lazy\" src=\"https:\/\/www.youtube.com\/embed\/suTuQPMTy5Y?rel=0&amp;showinfo=0\" width=\"560\" height=\"238\" frameborder=\"0\" allowfullscreen=\"allowfullscreen\"><\/iframe><\/div>\n<div class=\"mks_one_half \"><iframe loading=\"lazy\" src=\"https:\/\/www.youtube.com\/embed\/OG4JpEUoWrY?rel=0&amp;showinfo=0\" width=\"560\" height=\"238\" frameborder=\"0\" allowfullscreen=\"allowfullscreen\"><\/iframe><\/div>\n<\/div>\n","protected":false},"excerpt":{"rendered":"<p>Le Kundalini Yoga pour d\u00e9velopper l\u2019\u00e9nergie int\u00e9rieure Le Kundalini Yoga fut transmit pendant des si\u00e8cles au sein de lign\u00e9es de yogis qui, voyant en lui un tr\u00e9sor inestimable, le partageaient en secret, d\u2019initi\u00e9 \u00e0 initi\u00e9. Cependant, dans le contexte de cette transition vers l&rsquo;\u00e8re du Verseau, et les d\u00e9fis qu&rsquo;elle&#8230;<\/p>\n<p> <a class=\"continue-reading-link\" href=\"https:\/\/ekongkar.yoga\/?page_id=286\"><span>Lire la suite&#8230;<\/span><i class=\"crycon-right-dir\"><\/i><\/a> <\/p>\n","protected":false},"author":1,"featured_media":0,"parent":278,"menu_order":3,"comment_status":"closed","ping_status":"closed","template":"","meta":{"footnotes":""},"class_list":["post-286","page","type-page","status-publish","hentry"],"_links":{"self":[{"href":"https:\/\/ekongkar.yoga\/index.php?rest_route=\/wp\/v2\/pages\/286","targetHints":{"allow":["GET"]}}],"collection":[{"href":"https:\/\/ekongkar.yoga\/index.php?rest_route=\/wp\/v2\/pages"}],"about":[{"href":"https:\/\/ekongkar.yoga\/index.php?rest_route=\/wp\/v2\/types\/page"}],"author":[{"embeddable":true,"href":"https:\/\/ekongkar.yoga\/index.php?rest_route=\/wp\/v2\/users\/1"}],"replies":[{"embeddable":true,"href":"https:\/\/ekongkar.yoga\/index.php?rest_route=%2Fwp%2Fv2%2Fcomments&post=286"}],"version-history":[{"count":0,"href":"https:\/\/ekongkar.yoga\/index.php?rest_route=\/wp\/v2\/pages\/286\/revisions"}],"up":[{"embeddable":true,"href":"https:\/\/ekongkar.yoga\/index.php?rest_route=\/wp\/v2\/pages\/278"}],"wp:attachment":[{"href":"https:\/\/ekongkar.yoga\/index.php?rest_route=%2Fwp%2Fv2%2Fmedia&parent=286"}],"curies":[{"name":"wp","href":"https:\/\/api.w.org\/{rel}","templated":true}]}}