{"id":284,"date":"2016-04-15T17:57:28","date_gmt":"2016-04-15T15:57:28","guid":{"rendered":"http:\/\/ekongkar.yoga\/?page_id=284"},"modified":"2016-04-15T17:57:28","modified_gmt":"2016-04-15T15:57:28","slug":"le-systeme-auto-sensoriel","status":"publish","type":"page","link":"https:\/\/ekongkar.yoga\/?page_id=284","title":{"rendered":"Le syst\u00e8me auto-sensoriel"},"content":{"rendered":"<p><span style=\"color: #8c282c;\"><span style=\"font-size: 18pt;\">Le syst\u00e8me auto-sensoriel<\/span><\/span><\/p>\n<p><img loading=\"lazy\" decoding=\"async\" class=\"alignleft\" src=\"http:\/\/ekongkar.yoga\/wp-content\/uploads\/2016\/05\/Le-systeme-auto-sensoriel.jpg\" alt=\"\" width=\"350\" height=\"350\">Dans le Kundalini Yoga, de nombreux enseignements portent sur&nbsp;la <strong><span style=\"color: #008080;\">transmutation de l&rsquo;humain<\/span><\/strong> de l&rsquo;\u00e8re du Poisson \u00e0 l&rsquo;humain qu&rsquo;il qualifiait d&rsquo;\u00ab&nbsp;auto-sensoriel&nbsp;\u00bb de l&rsquo;\u00e8re du Verseau. Dans l&rsquo;\u00e8re du Poisson, le principal besoin \u00e9tait le savoir. Elle \u00e9tait \u00e9galement marqu\u00e9e par un profond d\u00e9s\u00e9quilibre entre les \u00e9nergies masculines et f\u00e9minines, la femme \u00e9tait traditionnellement arrach\u00e9e \u00e0 ses racines et exploit\u00e9e par l&rsquo;homme, engendrant des relations sans saveur, sans compl\u00e9mentarit\u00e9, sans vitalit\u00e9.<\/p>\n<p>Actuellement, les gens se tournent vers la r\u00e9alisation d&rsquo;eux-m\u00eames, vers une forme de puret\u00e9, et c&rsquo;est dans ce cadre que se d\u00e9veloppe le syst\u00e8me auto-sensoriel (syst\u00e8me de guidance), un nouveau syst\u00e8me par lequel <strong><span style=\"color: #008080;\">chacun peu trouver sa globalit\u00e9 d&rsquo;homme ou de femme<\/span><\/strong>, chacun \u00e9tant ouvert, direct, simple. C&rsquo;est la beaut\u00e9 int\u00e9rieure et non ext\u00e9rieure qui est mise \u00e0 l&rsquo;honneur. De m\u00eame, par ce syst\u00e8me, Dieu ne se cherche plus \u00e0 l&rsquo;ext\u00e9rieur, il se trouve et se vit \u00e0 l&rsquo;int\u00e9rieur, il respire en chacun, et de la sorte chacun peut se relier au tout, se voir en tout, faire l&rsquo;exp\u00e9rience de l&rsquo;unit\u00e9.<\/p>\n<p style=\"text-align: center;\"><span style=\"color: #008080;\"><strong><span style=\"color: #800000;\">A lire \u00e9galement:<\/span><br \/>\n<\/strong><\/span><a href=\"http:\/\/ekongkar.yoga\/?page_id=280\">Un peu d\u2019astronomie et d\u2019astrologie : que sont les \u00e8res ?<\/a>&nbsp;&#8211;&nbsp;<a href=\"http:\/\/ekongkar.yoga\/?page_id=282\">La transition du Poisson au Verseau<\/a>&nbsp;&#8211; Le syst\u00e8me auto-sensoriel&nbsp;&#8211;&nbsp;<a href=\"http:\/\/ekongkar.yoga\/?page_id=286\">Le Kundalini Yoga pour d\u00e9velopper l\u2019\u00e9nergie int\u00e9rieure<\/a><\/p>\n<hr>\n<p><span style=\"font-size: 24pt;\">En vid\u00e9os, sur la cha\u00eene YouTube <span style=\"text-decoration: underline; color: #008080;\"><a style=\"color: #008080; text-decoration: underline;\" href=\"https:\/\/www.youtube.com\/channel\/UC6JVXwM88DsvYA7kf4RxFSg\" target=\"_blank\" rel=\"noopener noreferrer\">Yoga Ekongkar<\/a><\/span><\/span><\/p>\n<div class=\"mks_col \">\n<div class=\"mks_one_half \"><iframe loading=\"lazy\" src=\"https:\/\/www.youtube.com\/embed\/suTuQPMTy5Y?rel=0&amp;showinfo=0\" width=\"560\" height=\"238\" frameborder=\"0\" allowfullscreen=\"allowfullscreen\"><\/iframe><\/div>\n<div class=\"mks_one_half \"><iframe loading=\"lazy\" src=\"https:\/\/www.youtube.com\/embed\/n_q3ksoi_0E?rel=0&amp;showinfo=0\" width=\"560\" height=\"238\" frameborder=\"0\" allowfullscreen=\"allowfullscreen\"><\/iframe><\/div>\n<\/div>\n","protected":false},"excerpt":{"rendered":"<p>Le syst\u00e8me auto-sensoriel Dans le Kundalini Yoga, de nombreux enseignements portent sur&nbsp;la transmutation de l&rsquo;humain de l&rsquo;\u00e8re du Poisson \u00e0 l&rsquo;humain qu&rsquo;il qualifiait d&rsquo;\u00ab&nbsp;auto-sensoriel&nbsp;\u00bb de l&rsquo;\u00e8re du Verseau. Dans l&rsquo;\u00e8re du Poisson, le principal besoin \u00e9tait le savoir. Elle \u00e9tait \u00e9galement marqu\u00e9e par un profond d\u00e9s\u00e9quilibre entre les \u00e9nergies masculines&#8230;<\/p>\n<p> <a class=\"continue-reading-link\" href=\"https:\/\/ekongkar.yoga\/?page_id=284\"><span>Lire la suite&#8230;<\/span><i class=\"crycon-right-dir\"><\/i><\/a> <\/p>\n","protected":false},"author":1,"featured_media":541,"parent":278,"menu_order":2,"comment_status":"closed","ping_status":"closed","template":"","meta":{"footnotes":""},"class_list":["post-284","page","type-page","status-publish","has-post-thumbnail","hentry"],"_links":{"self":[{"href":"https:\/\/ekongkar.yoga\/index.php?rest_route=\/wp\/v2\/pages\/284","targetHints":{"allow":["GET"]}}],"collection":[{"href":"https:\/\/ekongkar.yoga\/index.php?rest_route=\/wp\/v2\/pages"}],"about":[{"href":"https:\/\/ekongkar.yoga\/index.php?rest_route=\/wp\/v2\/types\/page"}],"author":[{"embeddable":true,"href":"https:\/\/ekongkar.yoga\/index.php?rest_route=\/wp\/v2\/users\/1"}],"replies":[{"embeddable":true,"href":"https:\/\/ekongkar.yoga\/index.php?rest_route=%2Fwp%2Fv2%2Fcomments&post=284"}],"version-history":[{"count":0,"href":"https:\/\/ekongkar.yoga\/index.php?rest_route=\/wp\/v2\/pages\/284\/revisions"}],"up":[{"embeddable":true,"href":"https:\/\/ekongkar.yoga\/index.php?rest_route=\/wp\/v2\/pages\/278"}],"wp:featuredmedia":[{"embeddable":true,"href":"https:\/\/ekongkar.yoga\/index.php?rest_route=\/wp\/v2\/media\/541"}],"wp:attachment":[{"href":"https:\/\/ekongkar.yoga\/index.php?rest_route=%2Fwp%2Fv2%2Fmedia&parent=284"}],"curies":[{"name":"wp","href":"https:\/\/api.w.org\/{rel}","templated":true}]}}