{"id":282,"date":"2016-04-17T17:55:59","date_gmt":"2016-04-17T15:55:59","guid":{"rendered":"http:\/\/ekongkar.yoga\/?page_id=282"},"modified":"2016-04-17T17:55:59","modified_gmt":"2016-04-17T15:55:59","slug":"du-poisson-au-verseau","status":"publish","type":"page","link":"https:\/\/ekongkar.yoga\/?page_id=282","title":{"rendered":"Du Poisson au Verseau"},"content":{"rendered":"<p><span style=\"color: #8c282c;\"><span style=\"font-size: 18pt;\">La transition du Poisson au Verseau<\/span><\/span><\/p>\n<p><strong><span style=\"color: #008080;\"><img loading=\"lazy\" decoding=\"async\" class=\"alignleft\" src=\"http:\/\/ekongkar.yoga\/wp-content\/uploads\/2016\/05\/La-transition-du-Poisson-au-Verseau.jpg\" alt=\"\" width=\"350\" height=\"266\">Dans l\u2019\u00e8re du poisson<\/span><\/strong>, les machines et les hi\u00e9rarchies dominaient, c&rsquo;\u00e9tait l&rsquo;\u00e8re de la recherche, de la foi et des croyances. <strong><span style=\"color: #008080;\">Durant l&rsquo;\u00e8re du Verseau<\/span><\/strong>, c\u2019est la communication, l\u2019information, les r\u00e9seaux et la conscience qui dominent. Les id\u00e9es traversent le monde \u00e0 la vitesse de l&rsquo;\u00e9clair, les fronti\u00e8res identitaires sont bris\u00e9es.<\/p>\n<p>Durant l&rsquo;\u00e8re du Poisson, <strong><span style=\"color: #008080;\">la connaissance \u00e9tait difficile d&rsquo;acc\u00e8s<\/span><\/strong>, la conqu\u00e9rir faisait partie du d\u00e9fit. Vous deviez prendre votre b\u00e2ton de p\u00e8lerin, parcourir de grandes distances et affronter de nombreux dangers pour rejoindre des monast\u00e8res et des ma\u00eetres qualifi\u00e9s et avoir acc\u00e8s \u00e0 des enseignements dissimul\u00e9s. De nos jours, dans l\u2019\u00e8re du Verseau, <strong><span style=\"color: #008080;\">l\u2019information ne tient qu\u2019\u00e0 un clic sur Internet<\/span><\/strong>. Les secrets sont pratiquement impossibles \u00e0 garder. Tous les domaines de connaissances sont \u00e9tal\u00e9s au grand jour, nos vies \u00e9galement sont rendues publiques, entre autres par les r\u00e9seaux sociaux. Ce n\u2019est plus \u00ab conna\u00eetre \u00bb qui importe mais \u00ab exp\u00e9rimenter \u00bb et mettre en \u0153uvre.<\/p>\n<p><span style=\"color: #008080;\"><strong>Le d\u00e9fit de la transition<\/strong><\/span><br \/>\nCes changements requi\u00e8rent un v\u00e9ritable pouvoir d&rsquo;adaptation. G\u00e9rer cette surcharge d&rsquo;informations n\u00e9cessite des capacit\u00e9s toutes particuli\u00e8res. <strong><span style=\"color: #008080;\">Il est n\u00e9cessaire d\u2019\u00e9lever notre niveau de conscience<\/span><\/strong>, il nous faut de la r\u00e9sistance, des \u00ab nerfs solides \u00bb, une intelligence et une sagesse renouvel\u00e9es. Il importe de n\u00e9gocier avec le stress g\u00e9n\u00e9ral et d\u2019\u00eatre en mesure de prendre des d\u00e9cisions malgr\u00e9 la multitude des probl\u00e8mes qui se succ\u00e8dent. Les risques&nbsp;d\u2019\u00e9puisement, d&rsquo;\u00eatre d\u00e9pass\u00e9 et de se perdre sont nombreux. Les forces dominantes de l&rsquo;\u00e8re du Poisson ne d\u00e9clinent que lentement et la transition n&rsquo;est pas sans bouleversements, insurrections et douleurs (int\u00e9rieures et ext\u00e9rieures).<\/p>\n<p style=\"text-align: center;\"><span style=\"color: #008080;\"><strong><span style=\"color: #800000;\">A lire \u00e9galement:<\/span><br \/>\n<\/strong><\/span><a href=\"http:\/\/ekongkar.yoga\/?page_id=280\">Un peu d\u2019astronomie et d\u2019astrologie : que sont les \u00e8res ?<\/a>&nbsp;&#8211;&nbsp;La transition du Poisson au Verseau&nbsp;&#8211; <a href=\"http:\/\/ekongkar.yoga\/?page_id=284\">Le syst\u00e8me auto-sensoriel<\/a>&nbsp;&#8211;&nbsp;<a href=\"http:\/\/ekongkar.yoga\/?page_id=286\">Le Kundalini Yoga pour d\u00e9velopper l\u2019\u00e9nergie int\u00e9rieure<\/a><\/p>\n<hr>\n<p><span style=\"font-size: 24pt;\">En vid\u00e9os, sur la cha\u00eene YouTube <span style=\"text-decoration: underline; color: #008080;\"><a style=\"color: #008080; text-decoration: underline;\" href=\"https:\/\/www.youtube.com\/channel\/UC6JVXwM88DsvYA7kf4RxFSg\" target=\"_blank\" rel=\"noopener noreferrer\">Yoga Ekongkar<\/a><\/span>&nbsp;:<\/span><\/p>\n<div class=\"mks_col \">\n<div class=\"mks_one_half \"><iframe loading=\"lazy\" src=\"https:\/\/www.youtube.com\/embed\/suTuQPMTy5Y?rel=0&amp;showinfo=0\" width=\"560\" height=\"238\" frameborder=\"0\" allowfullscreen=\"allowfullscreen\"><\/iframe><\/div>\n<div class=\"mks_one_half \"><iframe loading=\"lazy\" src=\"https:\/\/www.youtube.com\/embed\/KPEV0q_W3ZA?rel=0&amp;showinfo=0\" width=\"560\" height=\"238\" frameborder=\"0\" allowfullscreen=\"allowfullscreen\"><\/iframe><\/div>\n<\/div>\n","protected":false},"excerpt":{"rendered":"<p>La transition du Poisson au Verseau Dans l\u2019\u00e8re du poisson, les machines et les hi\u00e9rarchies dominaient, c&rsquo;\u00e9tait l&rsquo;\u00e8re de la recherche, de la foi et des croyances. Durant l&rsquo;\u00e8re du Verseau, c\u2019est la communication, l\u2019information, les r\u00e9seaux et la conscience qui dominent. Les id\u00e9es traversent le monde \u00e0 la vitesse&#8230;<\/p>\n<p> <a class=\"continue-reading-link\" href=\"https:\/\/ekongkar.yoga\/?page_id=282\"><span>Lire la suite&#8230;<\/span><i class=\"crycon-right-dir\"><\/i><\/a> <\/p>\n","protected":false},"author":1,"featured_media":537,"parent":278,"menu_order":1,"comment_status":"closed","ping_status":"closed","template":"","meta":{"footnotes":""},"class_list":["post-282","page","type-page","status-publish","has-post-thumbnail","hentry"],"_links":{"self":[{"href":"https:\/\/ekongkar.yoga\/index.php?rest_route=\/wp\/v2\/pages\/282","targetHints":{"allow":["GET"]}}],"collection":[{"href":"https:\/\/ekongkar.yoga\/index.php?rest_route=\/wp\/v2\/pages"}],"about":[{"href":"https:\/\/ekongkar.yoga\/index.php?rest_route=\/wp\/v2\/types\/page"}],"author":[{"embeddable":true,"href":"https:\/\/ekongkar.yoga\/index.php?rest_route=\/wp\/v2\/users\/1"}],"replies":[{"embeddable":true,"href":"https:\/\/ekongkar.yoga\/index.php?rest_route=%2Fwp%2Fv2%2Fcomments&post=282"}],"version-history":[{"count":0,"href":"https:\/\/ekongkar.yoga\/index.php?rest_route=\/wp\/v2\/pages\/282\/revisions"}],"up":[{"embeddable":true,"href":"https:\/\/ekongkar.yoga\/index.php?rest_route=\/wp\/v2\/pages\/278"}],"wp:featuredmedia":[{"embeddable":true,"href":"https:\/\/ekongkar.yoga\/index.php?rest_route=\/wp\/v2\/media\/537"}],"wp:attachment":[{"href":"https:\/\/ekongkar.yoga\/index.php?rest_route=%2Fwp%2Fv2%2Fmedia&parent=282"}],"curies":[{"name":"wp","href":"https:\/\/api.w.org\/{rel}","templated":true}]}}