{"id":278,"date":"2016-04-18T17:56:16","date_gmt":"2016-04-18T15:56:16","guid":{"rendered":"http:\/\/ekongkar.yoga\/?page_id=278"},"modified":"2016-04-18T17:56:16","modified_gmt":"2016-04-18T15:56:16","slug":"lere-du-verseau","status":"publish","type":"page","link":"https:\/\/ekongkar.yoga\/?page_id=278","title":{"rendered":"L\u2019\u00e8re du Verseau"},"content":{"rendered":"<p><span style=\"color: #8c282c;\"><span style=\"font-size: 18pt;\">L\u2019\u00e8re du Verseau<\/span><\/span><\/p>\n<p><a href=\"http:\/\/ekongkar.yoga\/?page_id=280\">1. Un peu d\u2019astronomie et d\u2019astrologie : que sont les \u00e8res ?<\/a><br \/>\n<a href=\"http:\/\/ekongkar.yoga\/?page_id=282\">2. La transition du Poisson au Verseau<\/a><br \/>\n<a href=\"http:\/\/ekongkar.yoga\/?page_id=284\">3. Le syst\u00e8me auto-sensoriel<\/a><br \/>\n<a href=\"http:\/\/ekongkar.yoga\/?page_id=286\">4. Le Kundalini Yoga pour d\u00e9velopper l\u2019\u00e9nergie int\u00e9rieure<\/a><\/p>\n<p style=\"text-align: center;\"><img loading=\"lazy\" decoding=\"async\" src=\"http:\/\/ekongkar.yoga\/wp-content\/uploads\/2016\/04\/1-870.jpg\" alt=\"\" width=\"870\" height=\"585\"><\/p>\n","protected":false},"excerpt":{"rendered":"<p>L\u2019\u00e8re du Verseau 1. Un peu d\u2019astronomie et d\u2019astrologie : que sont les \u00e8res ? 2. La transition du Poisson au Verseau 3. Le syst\u00e8me auto-sensoriel 4. Le Kundalini Yoga pour d\u00e9velopper l\u2019\u00e9nergie int\u00e9rieure<\/p>\n<p> <a class=\"continue-reading-link\" href=\"https:\/\/ekongkar.yoga\/?page_id=278\"><span>Lire la suite&#8230;<\/span><i class=\"crycon-right-dir\"><\/i><\/a> <\/p>\n","protected":false},"author":1,"featured_media":345,"parent":235,"menu_order":5,"comment_status":"closed","ping_status":"closed","template":"","meta":{"footnotes":""},"class_list":["post-278","page","type-page","status-publish","has-post-thumbnail","hentry"],"_links":{"self":[{"href":"https:\/\/ekongkar.yoga\/index.php?rest_route=\/wp\/v2\/pages\/278","targetHints":{"allow":["GET"]}}],"collection":[{"href":"https:\/\/ekongkar.yoga\/index.php?rest_route=\/wp\/v2\/pages"}],"about":[{"href":"https:\/\/ekongkar.yoga\/index.php?rest_route=\/wp\/v2\/types\/page"}],"author":[{"embeddable":true,"href":"https:\/\/ekongkar.yoga\/index.php?rest_route=\/wp\/v2\/users\/1"}],"replies":[{"embeddable":true,"href":"https:\/\/ekongkar.yoga\/index.php?rest_route=%2Fwp%2Fv2%2Fcomments&post=278"}],"version-history":[{"count":0,"href":"https:\/\/ekongkar.yoga\/index.php?rest_route=\/wp\/v2\/pages\/278\/revisions"}],"up":[{"embeddable":true,"href":"https:\/\/ekongkar.yoga\/index.php?rest_route=\/wp\/v2\/pages\/235"}],"wp:featuredmedia":[{"embeddable":true,"href":"https:\/\/ekongkar.yoga\/index.php?rest_route=\/wp\/v2\/media\/345"}],"wp:attachment":[{"href":"https:\/\/ekongkar.yoga\/index.php?rest_route=%2Fwp%2Fv2%2Fmedia&parent=278"}],"curies":[{"name":"wp","href":"https:\/\/api.w.org\/{rel}","templated":true}]}}