{"id":1900,"date":"2016-07-23T08:48:28","date_gmt":"2016-07-23T06:48:28","guid":{"rendered":"http:\/\/ekongkar.yoga\/?page_id=1900"},"modified":"2016-07-23T08:48:28","modified_gmt":"2016-07-23T06:48:28","slug":"recettes","status":"publish","type":"page","link":"https:\/\/ekongkar.yoga\/?page_id=1900","title":{"rendered":"Recettes v\u00e9g\u00e9tariennes"},"content":{"rendered":"<p><span style=\"color: #8c282c;\"><span style=\"font-size: 18pt;\"><img loading=\"lazy\" decoding=\"async\" class=\"alignleft\" src=\"http:\/\/ekongkar.yoga\/wp-content\/uploads\/2016\/11\/Recettes-vegetariennes-Plouray-Kundalini-Yoga-e1478689055414.jpg\" alt=\"\" width=\"370\" height=\"221\">Recettes v\u00e9g\u00e9tariennes<\/span><\/span><\/p>\n<p>Contrairement \u00e0 ce que l\u2019on pense habituellement, <strong><span style=\"color: #008080;\">manger&nbsp;100 % v\u00e9g\u00e9tal <\/span><\/strong>ne revient pas \u00e0 se priver mais plut\u00f4t&nbsp;\u00e0 concevoir diff\u00e9remment son assiette tout en conservant le <strong><span style=\"color: #008080;\">plaisir de manger<\/span><\/strong>.<\/p>\n<p><strong><span style=\"color: #993300;\">De nombreux Ebooks gratuits<\/span><\/strong> sont disponibles au t\u00e9l\u00e9chargement et vous offrent des centaines de recettes <strong><span style=\"color: #008080;\">100 % v\u00e9g\u00e9tales<\/span><\/strong> plus all\u00e9chantes les unes que les autres&#8230;&nbsp;Voici une s\u00e9lections de post \u00e0 ce sujet sur le blog&nbsp;<strong><span style=\"color: #008080;\"><a style=\"color: #008080;\" href=\"http:\/\/ekongkar.yoga\/?cat=115\"><span style=\"color: #008080;\">&gt;&gt;&gt; <\/span><span style=\"text-decoration: underline;\">cliquez ici<\/span><\/a>&nbsp;<\/span><\/strong>o\u00f9 vous pourrez <strong><span style=\"color: #008080;\">t\u00e9l\u00e9charger ces diff\u00e9rentes ouvrages<\/span><\/strong>.<\/p>\n<p><strong><span style=\"color: #993300;\">De tr\u00e8s nombreux &nbsp;blogs et sites<\/span><\/strong> \u00e9galement vous proposent des recettes et encore des recettes. Pour une liste plus ou moins exaustives, voyez cette page de <strong><span style=\"color: #008080;\">VegOuest:&nbsp;<span style=\"text-decoration: underline;\"><a style=\"color: #008080; text-decoration: underline;\" href=\"http:\/\/www.vegouest.com\/cuisiner-vegan\/\" target=\"_blank\" rel=\"noopener noreferrer\">www.vegouest.com\/cuisiner-vegan<\/a><\/span><\/span><\/strong>.<\/p>\n<p>Et pour suivre <strong><span style=\"color: #993300;\">en vid\u00e9os<\/span><\/strong> la pr\u00e9paration de recettes v\u00e9g\u00e9tariennes, voici 2&nbsp;chaines Youtubes&nbsp;:&nbsp;\u00ab <span style=\"text-decoration: underline;\"><a href=\"https:\/\/www.youtube.com\/user\/CherryPepperMagazine\/playlists\" target=\"_blank\" rel=\"noopener noreferrer\"><span style=\"color: #008080; text-decoration: underline;\">Cherry Pepper magazine<\/span><\/a><\/span> \u00bb et&nbsp;\u00ab <span style=\"text-decoration: underline; color: #008080;\"><a style=\"color: #008080; text-decoration: underline;\" href=\"https:\/\/www.youtube.com\/user\/julianafrugivore\/videos\" target=\"_blank\" rel=\"noopener noreferrer\">Cuisiner Vegan<\/a><\/span> \u00bb. Et enfin, ci-dessous, la&nbsp;playlist de VegOuest (<a href=\"https:\/\/www.youtube.com\/playlist?list=PLfyLHHX53SeSfE2tFDROgv3XeMXJ3gX_w\" target=\"_blank\" rel=\"noopener noreferrer\"><span style=\"text-decoration: underline;\"><span style=\"color: #008080; text-decoration: underline;\">en acc\u00e8s direct ici<\/span><\/span><\/a>) qui rassemble d\u00e9j\u00e0 pr\u00e8s de 200 recettes&#8230; <strong><span style=\"color: #008080;\">Bon app\u00e9tit<\/span><\/strong>.<\/p>\n<p><iframe loading=\"lazy\" src=\"https:\/\/www.youtube.com\/embed\/X58TK-l3b0k\" width=\"560\" height=\"315\" frameborder=\"0\" allowfullscreen=\"allowfullscreen\"><\/iframe><\/p>\n<p style=\"text-align: center;\"><strong><span style=\"color: #800000;\">A lire \u00e9galement:<\/span><\/strong><a href=\"http:\/\/ekongkar.yoga\/?page_id=1894\"><br \/>\nAyurv\u00e9da<\/a>&nbsp;\/&nbsp;<a href=\"http:\/\/ekongkar.yoga\/?page_id=1896\">Nourriture adapt\u00e9e<\/a>&nbsp;\/ <a href=\"http:\/\/ekongkar.yoga\/?page_id=1898\">Nourriture de qualit\u00e9<\/a>&nbsp;\/&nbsp;<a href=\"http:\/\/ekongkar.yoga\/?page_id=1899\">S&rsquo;abstenir de viande<\/a>&nbsp;\/&nbsp;<a href=\"http:\/\/ekongkar.yoga\/?page_id=2009\">Avantages du&nbsp;v\u00e9g\u00e9tarisme<\/a>&nbsp;\/&nbsp;Recettes&nbsp;\/&nbsp;<a href=\"http:\/\/ekongkar.yoga\/?page_id=1892\">Hygi\u00e8ne yogique<\/a>&nbsp;\/&nbsp;<a href=\"http:\/\/ekongkar.yoga\/?page_id=1890\">Humanologie<\/a>&nbsp;\/&nbsp;<a href=\"http:\/\/ekongkar.yoga\/?page_id=1934\">Douche froide<\/a>&nbsp;\/&nbsp;<a href=\"http:\/\/ekongkar.yoga\/?page_id=1935\">Sadhana<\/a>&nbsp;\/&nbsp;<a href=\"http:\/\/ekongkar.yoga\/?page_id=1936\">Manger consciemment<\/a><\/p>\n<hr>\n<p><span style=\"font-size: 24pt;\">En vid\u00e9os, sur la cha\u00eene YouTube <span style=\"text-decoration: underline; color: #008080;\"><a style=\"color: #008080; text-decoration: underline;\" href=\"https:\/\/www.youtube.com\/channel\/UC6JVXwM88DsvYA7kf4RxFSg\" target=\"_blank\" rel=\"noopener noreferrer\">Yoga Ekongkar<\/a><\/span>&nbsp;:<\/span><\/p>\n<div class=\"mks_col \">\n<div class=\"mks_one_half \"><iframe loading=\"lazy\" width=\"560\" height=\"238\" src=\"https:\/\/www.youtube.com\/embed\/ZCm0G__P_hI?rel=0&amp;showinfo=0\" frameborder=\"0\" allow=\"autoplay; encrypted-media\" allowfullscreen><\/iframe><\/div>\n<div class=\"mks_one_half \"><iframe loading=\"lazy\" width=\"560\" height=\"238\" src=\"https:\/\/www.youtube.com\/embed\/VGc3N1o0_zg?rel=0&amp;showinfo=0\" frameborder=\"0\" allow=\"autoplay; encrypted-media\" allowfullscreen><\/iframe><\/div>\n<\/div>\n<div class=\"mks_col \">\n<div class=\"mks_one_half \"><iframe loading=\"lazy\" width=\"560\" height=\"238\" src=\"https:\/\/www.youtube.com\/embed\/Y34_ruRs5CM?rel=0&amp;showinfo=0\" frameborder=\"0\" allow=\"autoplay; encrypted-media\" allowfullscreen><\/iframe><\/div>\n<div class=\"mks_one_half \"><iframe loading=\"lazy\" width=\"560\" height=\"238\" src=\"https:\/\/www.youtube.com\/embed\/9veGRMbCBCw?rel=0&amp;showinfo=0\" frameborder=\"0\" allow=\"autoplay; encrypted-media\" allowfullscreen><\/iframe><\/div>\n<\/div>\n","protected":false},"excerpt":{"rendered":"<p>Recettes v\u00e9g\u00e9tariennes Contrairement \u00e0 ce que l\u2019on pense habituellement, manger&nbsp;100 % v\u00e9g\u00e9tal ne revient pas \u00e0 se priver mais plut\u00f4t&nbsp;\u00e0 concevoir diff\u00e9remment son assiette tout en conservant le plaisir de manger. De nombreux Ebooks gratuits sont disponibles au t\u00e9l\u00e9chargement et vous offrent des centaines de recettes 100 % v\u00e9g\u00e9tales plus&#8230;<\/p>\n<p> <a class=\"continue-reading-link\" href=\"https:\/\/ekongkar.yoga\/?page_id=1900\"><span>Lire la suite&#8230;<\/span><i class=\"crycon-right-dir\"><\/i><\/a> <\/p>\n","protected":false},"author":1,"featured_media":2643,"parent":1893,"menu_order":5,"comment_status":"closed","ping_status":"closed","template":"","meta":{"footnotes":""},"class_list":["post-1900","page","type-page","status-publish","has-post-thumbnail","hentry"],"_links":{"self":[{"href":"https:\/\/ekongkar.yoga\/index.php?rest_route=\/wp\/v2\/pages\/1900","targetHints":{"allow":["GET"]}}],"collection":[{"href":"https:\/\/ekongkar.yoga\/index.php?rest_route=\/wp\/v2\/pages"}],"about":[{"href":"https:\/\/ekongkar.yoga\/index.php?rest_route=\/wp\/v2\/types\/page"}],"author":[{"embeddable":true,"href":"https:\/\/ekongkar.yoga\/index.php?rest_route=\/wp\/v2\/users\/1"}],"replies":[{"embeddable":true,"href":"https:\/\/ekongkar.yoga\/index.php?rest_route=%2Fwp%2Fv2%2Fcomments&post=1900"}],"version-history":[{"count":0,"href":"https:\/\/ekongkar.yoga\/index.php?rest_route=\/wp\/v2\/pages\/1900\/revisions"}],"up":[{"embeddable":true,"href":"https:\/\/ekongkar.yoga\/index.php?rest_route=\/wp\/v2\/pages\/1893"}],"wp:featuredmedia":[{"embeddable":true,"href":"https:\/\/ekongkar.yoga\/index.php?rest_route=\/wp\/v2\/media\/2643"}],"wp:attachment":[{"href":"https:\/\/ekongkar.yoga\/index.php?rest_route=%2Fwp%2Fv2%2Fmedia&parent=1900"}],"curies":[{"name":"wp","href":"https:\/\/api.w.org\/{rel}","templated":true}]}}