{"id":1893,"date":"2016-07-29T18:49:08","date_gmt":"2016-07-29T16:49:08","guid":{"rendered":"http:\/\/ekongkar.yoga\/?page_id=1893"},"modified":"2016-07-29T18:49:08","modified_gmt":"2016-07-29T16:49:08","slug":"regime-alimentaire","status":"publish","type":"page","link":"https:\/\/ekongkar.yoga\/?page_id=1893","title":{"rendered":"Le r\u00e9gime alimentaire yogique"},"content":{"rendered":"<p><span style=\"color: #8c282c;\"><span style=\"font-size: 18pt;\"><img loading=\"lazy\" decoding=\"async\" class=\"alignright\" src=\"http:\/\/ekongkar.yoga\/wp-content\/uploads\/2018\/02\/regime-vegetarisme-ffky-kunfalini-yoga-e1519773643838.jpg\" width=\"447\" height=\"260\">Le r\u00e9gime alimentaire yogique<\/span><\/span><\/p>\n<ul>\n<li><a href=\"http:\/\/ekongkar.yoga\/?page_id=1894\">L&rsquo;ayurv\u00e9da (m\u00e9decine indienne)<\/a><\/li>\n<li><a href=\"http:\/\/ekongkar.yoga\/?page_id=1896\">Une nourriture adapt\u00e9e \u00e0 chaque constitution (dosha)<\/a><\/li>\n<li><a href=\"http:\/\/ekongkar.yoga\/?page_id=1898\">Les qualit\u00e9s de la nourriture<\/a><\/li>\n<li><a href=\"http:\/\/ekongkar.yoga\/?page_id=1899\">Pourquoi s&rsquo;abstenir de viande<\/a><\/li>\n<li><a href=\"http:\/\/ekongkar.yoga\/?page_id=2009\">Les avantages d\u2019une alimentation v\u00e9g\u00e9tarienne pour la sant\u00e9<\/a><\/li>\n<li><a href=\"http:\/\/ekongkar.yoga\/?page_id=1900\">Les recettes<\/a><\/li>\n<\/ul>\n<hr>\n<p><span style=\"font-size: 24pt;\">En vid\u00e9os, sur la cha\u00eene YouTube <span style=\"text-decoration: underline; color: #008080;\"><a style=\"color: #008080; text-decoration: underline;\" href=\"https:\/\/www.youtube.com\/channel\/UC6JVXwM88DsvYA7kf4RxFSg\" target=\"_blank\" rel=\"noopener noreferrer\">Yoga Ekongkar<\/a><\/span>&nbsp;:<\/span><\/p>\n<div class=\"mks_col \">\n<div class=\"mks_one_half \"><iframe loading=\"lazy\" width=\"560\" height=\"238\" src=\"https:\/\/www.youtube.com\/embed\/ZCm0G__P_hI?rel=0&amp;showinfo=0\" frameborder=\"0\" allow=\"autoplay; encrypted-media\" allowfullscreen><\/iframe><\/div>\n<div class=\"mks_one_half \"><iframe loading=\"lazy\" width=\"560\" height=\"238\" src=\"https:\/\/www.youtube.com\/embed\/VGc3N1o0_zg?rel=0&amp;showinfo=0\" frameborder=\"0\" allow=\"autoplay; encrypted-media\" allowfullscreen><\/iframe><\/div>\n<\/div>\n<div class=\"mks_col \">\n<div class=\"mks_one_half \"><iframe loading=\"lazy\" width=\"560\" height=\"238\" src=\"https:\/\/www.youtube.com\/embed\/Y34_ruRs5CM?rel=0&amp;showinfo=0\" frameborder=\"0\" allow=\"autoplay; encrypted-media\" allowfullscreen><\/iframe><\/div>\n<div class=\"mks_one_half \"><iframe loading=\"lazy\" width=\"560\" height=\"238\" src=\"https:\/\/www.youtube.com\/embed\/9veGRMbCBCw?rel=0&amp;showinfo=0\" frameborder=\"0\" allow=\"autoplay; encrypted-media\" allowfullscreen><\/iframe><\/div>\n<\/div>\n","protected":false},"excerpt":{"rendered":"<p>Le r\u00e9gime alimentaire yogique L&rsquo;ayurv\u00e9da (m\u00e9decine indienne) Une nourriture adapt\u00e9e \u00e0 chaque constitution (dosha) Les qualit\u00e9s de la nourriture Pourquoi s&rsquo;abstenir de viande Les avantages d\u2019une alimentation v\u00e9g\u00e9tarienne pour la sant\u00e9 Les recettes En vid\u00e9os, sur la cha\u00eene YouTube Yoga Ekongkar&nbsp;:<\/p>\n<p> <a class=\"continue-reading-link\" href=\"https:\/\/ekongkar.yoga\/?page_id=1893\"><span>Lire la suite&#8230;<\/span><i class=\"crycon-right-dir\"><\/i><\/a> <\/p>\n","protected":false},"author":1,"featured_media":5637,"parent":1889,"menu_order":2,"comment_status":"closed","ping_status":"closed","template":"","meta":{"footnotes":""},"class_list":["post-1893","page","type-page","status-publish","has-post-thumbnail","hentry"],"_links":{"self":[{"href":"https:\/\/ekongkar.yoga\/index.php?rest_route=\/wp\/v2\/pages\/1893","targetHints":{"allow":["GET"]}}],"collection":[{"href":"https:\/\/ekongkar.yoga\/index.php?rest_route=\/wp\/v2\/pages"}],"about":[{"href":"https:\/\/ekongkar.yoga\/index.php?rest_route=\/wp\/v2\/types\/page"}],"author":[{"embeddable":true,"href":"https:\/\/ekongkar.yoga\/index.php?rest_route=\/wp\/v2\/users\/1"}],"replies":[{"embeddable":true,"href":"https:\/\/ekongkar.yoga\/index.php?rest_route=%2Fwp%2Fv2%2Fcomments&post=1893"}],"version-history":[{"count":0,"href":"https:\/\/ekongkar.yoga\/index.php?rest_route=\/wp\/v2\/pages\/1893\/revisions"}],"up":[{"embeddable":true,"href":"https:\/\/ekongkar.yoga\/index.php?rest_route=\/wp\/v2\/pages\/1889"}],"wp:featuredmedia":[{"embeddable":true,"href":"https:\/\/ekongkar.yoga\/index.php?rest_route=\/wp\/v2\/media\/5637"}],"wp:attachment":[{"href":"https:\/\/ekongkar.yoga\/index.php?rest_route=%2Fwp%2Fv2%2Fmedia&parent=1893"}],"curies":[{"name":"wp","href":"https:\/\/api.w.org\/{rel}","templated":true}]}}