{"id":1795,"date":"2016-07-24T14:33:08","date_gmt":"2016-07-24T12:33:08","guid":{"rendered":"http:\/\/ekongkar.yoga\/?page_id=1795"},"modified":"2016-07-24T14:33:08","modified_gmt":"2016-07-24T12:33:08","slug":"i-am-happy","status":"publish","type":"page","link":"https:\/\/ekongkar.yoga\/?page_id=1795","title":{"rendered":"I am happy"},"content":{"rendered":"<p><strong><span style=\"color: #008080;\">I am happy, I am happy, I am good, I am good,<br \/>\nsat(\u00e9) nam, sat(\u00e9) nam, sat(\u00e9) nam dji,<br \/>\nwah\u00e9 gourou, wah\u00e9 gourou, wah\u00e9 gourou dji.<\/span><\/strong><\/p>\n<table>\n<tbody>\n<tr>\n<td><iframe loading=\"lazy\" src=\"https:\/\/www.youtube.com\/embed\/UxskFL5mcMI?rel=0&amp;showinfo=0\" width=\"420\" height=\"236\" frameborder=\"0\" allowfullscreen=\"allowfullscreen\"><\/iframe><\/td>\n<td>&nbsp;<\/td>\n<\/tr>\n<tr>\n<td>&nbsp;<\/td>\n<td>&nbsp;<\/td>\n<\/tr>\n<\/tbody>\n<\/table>\n<p style=\"text-align: center;\"><span style=\"color: #800000;\"><strong>A lire \u00e9galement:<\/strong><\/span><br \/>\n<a href=\"http:\/\/ekongkar.yoga\/?page_id=1034\">La science du Naad<\/a>&nbsp;\/&nbsp;<a href=\"http:\/\/ekongkar.yoga\/?page_id=1031\">Les mantras<\/a>&nbsp;\/&nbsp;<a href=\"http:\/\/ekongkar.yoga\/?page_id=1036\">Bij et Ashtang mantras<\/a>&nbsp;\/&nbsp;<a href=\"http:\/\/ekongkar.yoga\/?page_id=1037\">Les mantras et le livre Saint des Sikhs<\/a>&nbsp;\/&nbsp;<a href=\"http:\/\/ekongkar.yoga\/?page_id=1039\">Mantrath\u00e8que<\/a><\/p>\n","protected":false},"excerpt":{"rendered":"<p>I am happy, I am happy, I am good, I am good, sat(\u00e9) nam, sat(\u00e9) nam, sat(\u00e9) nam dji, wah\u00e9 gourou, wah\u00e9 gourou, wah\u00e9 gourou dji. &nbsp; &nbsp; &nbsp; A lire \u00e9galement: La science du Naad&nbsp;\/&nbsp;Les mantras&nbsp;\/&nbsp;Bij et Ashtang mantras&nbsp;\/&nbsp;Les mantras et le livre Saint des Sikhs&nbsp;\/&nbsp;Mantrath\u00e8que<\/p>\n<p> <a class=\"continue-reading-link\" href=\"https:\/\/ekongkar.yoga\/?page_id=1795\"><span>Lire la suite&#8230;<\/span><i class=\"crycon-right-dir\"><\/i><\/a> <\/p>\n","protected":false},"author":1,"featured_media":0,"parent":1039,"menu_order":28,"comment_status":"closed","ping_status":"closed","template":"templates\/template-twocolumns-left.php","meta":{"footnotes":""},"class_list":["post-1795","page","type-page","status-publish","hentry"],"_links":{"self":[{"href":"https:\/\/ekongkar.yoga\/index.php?rest_route=\/wp\/v2\/pages\/1795","targetHints":{"allow":["GET"]}}],"collection":[{"href":"https:\/\/ekongkar.yoga\/index.php?rest_route=\/wp\/v2\/pages"}],"about":[{"href":"https:\/\/ekongkar.yoga\/index.php?rest_route=\/wp\/v2\/types\/page"}],"author":[{"embeddable":true,"href":"https:\/\/ekongkar.yoga\/index.php?rest_route=\/wp\/v2\/users\/1"}],"replies":[{"embeddable":true,"href":"https:\/\/ekongkar.yoga\/index.php?rest_route=%2Fwp%2Fv2%2Fcomments&post=1795"}],"version-history":[{"count":0,"href":"https:\/\/ekongkar.yoga\/index.php?rest_route=\/wp\/v2\/pages\/1795\/revisions"}],"up":[{"embeddable":true,"href":"https:\/\/ekongkar.yoga\/index.php?rest_route=\/wp\/v2\/pages\/1039"}],"wp:attachment":[{"href":"https:\/\/ekongkar.yoga\/index.php?rest_route=%2Fwp%2Fv2%2Fmedia&parent=1795"}],"curies":[{"name":"wp","href":"https:\/\/api.w.org\/{rel}","templated":true}]}}