{"id":1788,"date":"2016-07-24T14:26:06","date_gmt":"2016-07-24T12:26:06","guid":{"rendered":"http:\/\/ekongkar.yoga\/?page_id=1788"},"modified":"2016-07-24T14:26:06","modified_gmt":"2016-07-24T12:26:06","slug":"har-har-moukande","status":"publish","type":"page","link":"https:\/\/ekongkar.yoga\/?page_id=1788","title":{"rendered":"Har har moukand\u00e9"},"content":{"rendered":"<p><strong><span style=\"color: #008080;\">Har har moukand\u00e9.<\/span><\/strong><\/p>\n<p><em>Har est l\u2019aspect cr\u00e9atif de l\u2019Infini, Moukand\u00e9 est l\u2019aspect lib\u00e9rateur de soi. Ce mantra transforme les difficult\u00e9s en opportunit\u00e9s, et enl\u00e8ve la peur.<\/em><\/p>\n<table>\n<tbody>\n<tr>\n<td><iframe loading=\"lazy\" src=\"https:\/\/www.youtube.com\/embed\/jD5RptXVAh8?rel=0&amp;showinfo=0\" width=\"420\" height=\"236\" frameborder=\"0\" allowfullscreen=\"allowfullscreen\"><\/iframe><\/td>\n<td><iframe loading=\"lazy\" src=\"https:\/\/www.youtube.com\/embed\/ZIydTaT1WT8?rel=0&amp;showinfo=0\" width=\"420\" height=\"236\" frameborder=\"0\" allowfullscreen=\"allowfullscreen\"><\/iframe><\/td>\n<\/tr>\n<tr>\n<td><iframe loading=\"lazy\" src=\"https:\/\/www.youtube.com\/embed\/vdUheOqPTHs?rel=0&amp;showinfo=0\" width=\"420\" height=\"315\" frameborder=\"0\" allowfullscreen=\"allowfullscreen\"><\/iframe><\/td>\n<td><\/td>\n<\/tr>\n<\/tbody>\n<\/table>\n<p style=\"text-align: center;\"><span style=\"color: #800000;\"><strong>A lire \u00e9galement:<\/strong><\/span><br \/>\n<a href=\"http:\/\/ekongkar.yoga\/?page_id=1034\">La science du Naad<\/a>\u00a0\/\u00a0<a href=\"http:\/\/ekongkar.yoga\/?page_id=1031\">Les mantras<\/a>\u00a0\/\u00a0<a href=\"http:\/\/ekongkar.yoga\/?page_id=1036\">Bij et Ashtang mantras<\/a>\u00a0\/\u00a0<a href=\"http:\/\/ekongkar.yoga\/?page_id=1037\">Les mantras et le livre Saint des Sikhs<\/a>\u00a0\/\u00a0<a href=\"http:\/\/ekongkar.yoga\/?page_id=1039\">Mantrath\u00e8que<\/a><\/p>\n","protected":false},"excerpt":{"rendered":"<p>Har har moukand\u00e9. Har est l\u2019aspect cr\u00e9atif de l\u2019Infini, Moukand\u00e9 est l\u2019aspect lib\u00e9rateur de soi. Ce mantra transforme les difficult\u00e9s en opportunit\u00e9s, et enl\u00e8ve la peur. A lire \u00e9galement: La science du Naad\u00a0\/\u00a0Les mantras\u00a0\/\u00a0Bij et Ashtang mantras\u00a0\/\u00a0Les mantras et le livre Saint des Sikhs\u00a0\/\u00a0Mantrath\u00e8que<\/p>\n<p> <a class=\"continue-reading-link\" href=\"https:\/\/ekongkar.yoga\/?page_id=1788\"><span>Lire la suite&#8230;<\/span><i class=\"crycon-right-dir\"><\/i><\/a> <\/p>\n","protected":false},"author":1,"featured_media":0,"parent":1039,"menu_order":20,"comment_status":"closed","ping_status":"closed","template":"templates\/template-twocolumns-left.php","meta":{"footnotes":""},"class_list":["post-1788","page","type-page","status-publish","hentry"],"_links":{"self":[{"href":"https:\/\/ekongkar.yoga\/index.php?rest_route=\/wp\/v2\/pages\/1788","targetHints":{"allow":["GET"]}}],"collection":[{"href":"https:\/\/ekongkar.yoga\/index.php?rest_route=\/wp\/v2\/pages"}],"about":[{"href":"https:\/\/ekongkar.yoga\/index.php?rest_route=\/wp\/v2\/types\/page"}],"author":[{"embeddable":true,"href":"https:\/\/ekongkar.yoga\/index.php?rest_route=\/wp\/v2\/users\/1"}],"replies":[{"embeddable":true,"href":"https:\/\/ekongkar.yoga\/index.php?rest_route=%2Fwp%2Fv2%2Fcomments&post=1788"}],"version-history":[{"count":0,"href":"https:\/\/ekongkar.yoga\/index.php?rest_route=\/wp\/v2\/pages\/1788\/revisions"}],"up":[{"embeddable":true,"href":"https:\/\/ekongkar.yoga\/index.php?rest_route=\/wp\/v2\/pages\/1039"}],"wp:attachment":[{"href":"https:\/\/ekongkar.yoga\/index.php?rest_route=%2Fwp%2Fv2%2Fmedia&parent=1788"}],"curies":[{"name":"wp","href":"https:\/\/api.w.org\/{rel}","templated":true}]}}