{"id":1623,"date":"2016-04-25T18:23:15","date_gmt":"2016-04-25T16:23:15","guid":{"rendered":"http:\/\/ekongkar.yoga\/?page_id=1623"},"modified":"2016-04-25T18:23:15","modified_gmt":"2016-04-25T16:23:15","slug":"les-10-corps","status":"publish","type":"page","link":"https:\/\/ekongkar.yoga\/?page_id=1623","title":{"rendered":"Les dix corps"},"content":{"rendered":"<p><span style=\"color: #8c282c;\"><span style=\"font-size: 18pt;\">Les dix corps<\/span><\/span><\/p>\n<p><img loading=\"lazy\" decoding=\"async\" class=\"alignleft\" src=\"http:\/\/ekongkar.yoga\/wp-content\/uploads\/2018\/03\/Les-dix-corps-Kundalini-Yoga-Bretagne-ffky.jpg\" width=\"371\" height=\"334\">Les humains ont une forte propension \u00e0 s&rsquo;identifier au <strong><span style=\"color: #008080;\">corps physique<\/span><\/strong> d&rsquo;une part et \u00e0 l&rsquo;<strong><span style=\"color: #008080;\">esprit pensant (mental)<\/span><\/strong> qui \u00ab anime \u00bb ce corps d&rsquo;autre part. Pour certains, leur constitution g\u00e9n\u00e9rale inclut \u00e9galement une part immat\u00e9rielle, \u00e9tiquet\u00e9e comme <strong><span style=\"color: #008080;\">l&rsquo;\u00e2me ou la conscience<\/span><\/strong>.<\/p>\n<p>Ces acceptations communes indiquent d\u00e9j\u00e0 que beaucoup sont ceux qui se voient comme constitu\u00e9 de <strong><span style=\"color: #008080;\">diff\u00e9rentes entit\u00e9s<\/span><\/strong>, \u00e9tablies d&rsquo;une fa\u00e7on \u00e9chelonn\u00e9 allant du dense au moins dense, voir au subtil.<\/p>\n<p>Dans la philosophie du Kundalini Yoga, on retrouve cette composition de l&rsquo;humain selon des plans distincts de \u00ab substances vibratoires \u00bb, que l&rsquo;on peut traduire par enveloppe ou corps. Cependant, cette distinction est plus fine. Les enseignements font r\u00e9f\u00e9rence \u00e0 <strong><span style=\"color: #008080;\">dix corps<\/span><\/strong>: un corps physique, trois corps mentaux et six corps d&rsquo;\u00e9nergie.<\/p>\n<p style=\"padding-left: 30px;\">1) Le corps de l\u2019\u00e2me<br \/>\n<a href=\"http:\/\/ekongkar.yoga\/?page_id=1867\">2) Le mental n\u00e9gatif<\/a><br \/>\n<a href=\"http:\/\/ekongkar.yoga\/?page_id=1867\">3) Le mental positif<\/a><br \/>\n<a href=\"http:\/\/ekongkar.yoga\/?page_id=1867\">4) Le mental neutre<\/a><br \/>\n<strong><span style=\"color: #800000;\">&nbsp; &nbsp; &nbsp; &nbsp; Pour en savoir plus, lire \u00e9galement:<\/span><\/strong> <a href=\"http:\/\/ekongkar.yoga\/?page_id=1867\">Les trois corps mentaux<\/a><br \/>\n5) Le corps physique<br \/>\n6) La ligne de l\u2019arc<br \/>\n7) L\u2019aura<br \/>\n8) Le corps pranique<br \/>\n9) Le corps subtil<br \/>\n10) Le corps radiant<\/p>\n<p>\u00ab<em>Si vous comprenez que vous \u00eates dix corps, que vous \u00eates conscient de ces dix corps et que vous les maintenez \u00e9quilibr\u00e9s, tout l\u2019univers sera en harmonie avec vous.<\/em>\u00bb (Kundalini Yoga)<\/p>\n<p><iframe loading=\"lazy\" src=\"https:\/\/www.youtube.com\/embed\/gJGEPsOcZi4?rel=0\" width=\"560\" height=\"315\" frameborder=\"0\" allowfullscreen=\"allowfullscreen\"><\/iframe><\/p>\n<p><strong><span style=\"color: #008080;\">Chacun de ces corps poss\u00e8dent ses caract\u00e9ristiques propres<\/span><\/strong>, ses aptitudes, ses faiblesses et ses dysfonctionnements. Les dix corps forment ainsi un ensemble plus ou moins \u00e9quilibr\u00e9 et harmonieux sur lequel le pratiquant peut travailler.<\/p>\n<p>Le Kundalini Yoga offre les outils pour<strong><span style=\"color: #008080;\"> identifier les d\u00e9s\u00e9quilibres<\/span><\/strong> ainsi que les moyens de <strong><span style=\"color: #008080;\">corriger les anomalies<\/span><\/strong> de fonctionnement. Des s\u00e9ries d\u2019exercices, des m\u00e9ditations ou des r\u00e9citations de mantras sp\u00e9cifiques permettent d\u2019activer et d\u2019\u00e9quilibrer les dix corps, ou en particulier de renforcer et d\u00e9velopper n\u2019importe lequel d\u2019entre eux.<\/p>\n<p><strong><span style=\"color: #008080;\">Les caract\u00e9ristiques d\u2019\u00e9quilibre ou de d\u00e9s\u00e9quilibre<\/span> <\/strong>de ces dix corps sont r\u00e9capitul\u00e9es dans le tableau ci-dessous (inspir\u00e9 de : The Aquarian Teacher, p.199 \u00e0 204)<\/p>\n<table style=\"border-color: #140202;\" border=\"2\">\n<tbody>\n<tr>\n<td style=\"border-color: #240303;\">&nbsp;<\/td>\n<td style=\"border-color: #240303;\"><strong><span style=\"color: #800000;\">EQUILIBRE<\/span><\/strong><\/td>\n<td style=\"border-color: #240303;\"><strong><span style=\"color: #800000;\">DESEQUILIBRE<\/span><\/strong><\/td>\n<\/tr>\n<tr>\n<td style=\"border-color: #240303;\"><strong><span style=\"color: #800080;\">\u00c2ME<\/span><\/strong><\/td>\n<td style=\"border-color: #240303;\"><span style=\"color: #800080;\">Est cr\u00e9atif, agit avec le c\u0153ur et l\u2019intuition, est humble<\/span><\/td>\n<td style=\"border-color: #240303;\"><span style=\"color: #800080;\">Est inhib\u00e9 par l\u2019intellect et non-cr\u00e9atif<\/span><\/td>\n<\/tr>\n<tr>\n<td style=\"border-color: #240303;\"><strong><span style=\"color: #800000;\">MENTAL<\/span><\/strong><br \/>\n<strong><span style=\"color: #800000;\"> N\u00c9GATIF<\/span><\/strong><\/td>\n<td style=\"border-color: #240303;\"><span style=\"color: #800000;\">A le sens de la r\u00e9serve et de la convenance, calcule le danger, agit avec discernement, &nbsp;est ob\u00e9issant<\/span><\/td>\n<td style=\"border-color: #240303;\"><span style=\"color: #800000;\">Est incapable d\u2019\u00e9valuer le danger, s\u2019attache \u00e0 de mauvaises relations, est autodestructeur<\/span><\/td>\n<\/tr>\n<tr>\n<td style=\"border-color: #240303;\"><strong><span style=\"color: #800000;\">MENTAL<\/span><\/strong><br \/>\n<strong><span style=\"color: #800000;\"> POSITIF<\/span><\/strong><\/td>\n<td style=\"border-color: #240303;\"><span style=\"color: #800000;\">Voit l\u2019essence positive de toute situation, est expansif, enjou\u00e9, optimiste<\/span><\/td>\n<td style=\"border-color: #240303;\"><span style=\"color: #800000;\">Est submerg\u00e9 par des pens\u00e9es inappropri\u00e9es, n\u2019a pas de limites, est col\u00e9rique et intol\u00e9rant<\/span><\/td>\n<\/tr>\n<tr>\n<td style=\"border-color: #240303;\"><strong><span style=\"color: #800000;\">MENTAL<\/span><\/strong><br \/>\n<strong><span style=\"color: #800000;\"> NEUTRE<\/span><\/strong><\/td>\n<td style=\"border-color: #240303;\"><span style=\"color: #800000;\">A un regard englobant qui \u00e9value tout avec neutralit\u00e9 et compassion<\/span><\/td>\n<td style=\"border-color: #240303;\"><span style=\"color: #800000;\">A des difficult\u00e9s \u00e0 d\u00e9cider et \u00e0 trouver un sens au-del\u00e0 des polarit\u00e9s<\/span><\/td>\n<\/tr>\n<tr>\n<td style=\"border-color: #240303;\"><strong><span style=\"color: #008080;\">CORPS PHYSIQUE<\/span><\/strong><\/td>\n<td style=\"border-color: #240303;\"><span style=\"color: #008080;\">Est harmonieusement incarn\u00e9 et en \u00e9quilibre, a la &nbsp;capacit\u00e9 de sacrifice (= faire du sacr\u00e9)<\/span><\/td>\n<td style=\"border-color: #240303;\"><span style=\"color: #008080;\">Est col\u00e9rique, avide, jaloux, comp\u00e9titif, a des difficult\u00e9s de communication<\/span><\/td>\n<\/tr>\n<tr>\n<td style=\"border-color: #240303;\"><strong><span style=\"color: #800080;\">LIGNE D\u2019ARC<\/span><\/strong><\/td>\n<td style=\"border-color: #240303;\"><span style=\"color: #800080;\">Est capable de se centrer, de se concentrer, de m\u00e9diter, sais ce qu\u2019il veut dans la vie<\/span><\/td>\n<td style=\"border-color: #240303;\"><span style=\"color: #800080;\">Est distrait, inconsistant et &nbsp;influen\u00e7able, protecteur \u00e0 l\u2019exc\u00e8s<\/span><\/td>\n<\/tr>\n<tr>\n<td style=\"border-color: #240303;\"><strong><span style=\"color: #800080;\">AURA<\/span><\/strong><\/td>\n<td style=\"border-color: #240303;\"><span style=\"color: #800080;\">Est fort, confiant, en s\u00e9curit\u00e9 et capable d\u2019\u00e9lever et d\u2019\u00e9difier &nbsp;qui que ce soit. Attire le positif et repousse le n\u00e9gatif<\/span><\/td>\n<td style=\"border-color: #240303;\"><span style=\"color: #800080;\">Manque de confiance, ne se sent pas en s\u00e9curit\u00e9 (parano\u00efaque), est expos\u00e9 \u00e0 la n\u00e9gativit\u00e9<\/span><\/td>\n<\/tr>\n<tr>\n<td style=\"border-color: #240303;\"><strong><span style=\"color: #800080;\">CORPS<\/span><\/strong><br \/>\n<strong><span style=\"color: #800080;\"> PRANIQUE<\/span><\/strong><\/td>\n<td style=\"border-color: #240303;\"><span style=\"color: #800080;\">Se sent vivant, est motiv\u00e9 et intr\u00e9pide<\/span><\/td>\n<td style=\"border-color: #240303;\"><span style=\"color: #800080;\">Est fatigu\u00e9, l\u00e9thargique, anxieux, craintif et sur la d\u00e9fensive<\/span><\/td>\n<\/tr>\n<tr>\n<td style=\"border-color: #240303;\"><strong><span style=\"color: #800080;\">CORPS<\/span><\/strong><br \/>\n<strong><span style=\"color: #800080;\"> SUBTIL<\/span><\/strong><\/td>\n<td style=\"border-color: #240303;\"><span style=\"color: #800080;\">Voit le jeu universel, est calme, gracieux et intuitif, ma\u00eetrise les situations<\/span><\/td>\n<td style=\"border-color: #240303;\"><span style=\"color: #800080;\">Est na\u00eff, involontairement dur ou cruel, agit\u00e9<\/span><\/td>\n<\/tr>\n<tr>\n<td style=\"border-color: #240303;\"><strong><span style=\"color: #800080;\">CORPS<\/span><\/strong><br \/>\n<strong><span style=\"color: #800080;\"> RADIANT<\/span><\/strong><\/td>\n<td style=\"border-color: #240303;\"><span style=\"color: #800080;\">Est \u00ab royal \u00bb, noble, courageux, et d\u00e9vou\u00e9, impose le respect et est sans compromis<\/span><\/td>\n<td style=\"border-color: #240303;\"><span style=\"color: #800080;\">A peur des conflits, est isol\u00e9, ais\u00e9ment intimid\u00e9, a le sentiment d\u2019\u00eatre inefficace et incapable<\/span><\/td>\n<\/tr>\n<\/tbody>\n<\/table>\n<p style=\"text-align: left;\">Dans le Kundalini Yoga, on&nbsp;mentionne \u00e9galement un <strong><span style=\"color: #008080;\">11\u00e8me corps<\/span><\/strong> : \u00ab <em>quant le Dieu en vous et l\u2019humain en vous sont \u00e0 l\u2019unisson, alors vous \u00eates un \u00ab onze \u00bb. Vous n\u2019avez aucune dualit\u00e9, vous avez la vision divine et la v\u00e9rit\u00e9 \u00e9mane de vous. Vous n\u2019avez rien \u00e0 chercher \u00e0 l\u2019ext\u00e9rieur de vous.<\/em> \u00bb Ce 11\u00e8me corps est plut\u00f4t un \u00e9tat de pure conscience qui se traduit par une parfaite ma\u00eetrise sur les dix corps et sur tout \u00e9v\u00e9nement. Car toute chose est vue comme une danse divine : Dieu est reconnu en tout. Ce corps a \u00e9galement son travers : l\u2019absence de compassion, le fanatisme, le paroxysme de l\u2019\u00e9go\u00efsme.<\/p>\n<p style=\"text-align: center;\"><span style=\"color: #008080;\"><strong><span style=\"color: #800000;\">A lire \u00e9galement:<\/span><br \/>\n<\/strong><\/span><strong><a href=\"http:\/\/ekongkar.yoga\/?page_id=1622\">Le corps \u00e9nerg\u00e9tique<\/a><\/strong> &#8211;&nbsp;<a href=\"http:\/\/ekongkar.yoga\/?page_id=446\">L\u2019\u00e9nergie Kundalini<\/a>&nbsp;&#8211;&nbsp;<a href=\"http:\/\/ekongkar.yoga\/?page_id=1576\">D\u00e9ploiement de la Kundalini<\/a>&nbsp;&#8211;&nbsp;<a href=\"http:\/\/ekongkar.yoga\/?page_id=1581\">Les chakras<\/a>&nbsp;&#8211;&nbsp;Les dix corps<\/p>\n<hr>\n<p><span style=\"font-size: 24pt;\">En vid\u00e9os, sur la cha\u00eene YouTube <span style=\"text-decoration: underline; color: #008080;\"><a style=\"color: #008080; text-decoration: underline;\" href=\"https:\/\/www.youtube.com\/channel\/UC6JVXwM88DsvYA7kf4RxFSg\" target=\"_blank\" rel=\"noopener noreferrer\">Yoga Ekongkar<\/a><\/span>&nbsp;:<\/span><\/p>\n<div class=\"mks_col \">\n<div class=\"mks_one_half \"><iframe loading=\"lazy\" src=\"https:\/\/www.youtube.com\/embed\/4y6ZMuGJhQQ?rel=0&amp;showinfo=0\" width=\"560\" height=\"238\" frameborder=\"0\" allowfullscreen=\"allowfullscreen\"><\/iframe><\/div>\n<div class=\"mks_one_half \"><iframe loading=\"lazy\" src=\"https:\/\/www.youtube.com\/embed\/SYJfASr3eqk?rel=0&amp;showinfo=0\" width=\"560\" height=\"238\" frameborder=\"0\" allowfullscreen=\"allowfullscreen\"><\/iframe><\/div>\n<\/div>\n<div class=\"mks_col \">\n<div class=\"mks_one_half \"><iframe loading=\"lazy\" src=\"https:\/\/www.youtube.com\/embed\/fH4-HcdQtfI?rel=0&amp;showinfo=0\" width=\"560\" height=\"238\" frameborder=\"0\" allowfullscreen=\"allowfullscreen\"><\/iframe><\/div>\n<div class=\"mks_one_half \"><iframe loading=\"lazy\" src=\"https:\/\/www.youtube.com\/embed\/60X26BjiRdk?rel=0&amp;showinfo=0\" width=\"560\" height=\"238\" frameborder=\"0\" allowfullscreen=\"allowfullscreen\"><\/iframe><\/div>\n<\/div>\n<div class=\"mks_col \">\n<div class=\"mks_one_half \"><iframe loading=\"lazy\" src=\"https:\/\/www.youtube.com\/embed\/5shZO2s6WdM?rel=0&amp;showinfo=0\" width=\"560\" height=\"238\" frameborder=\"0\" allowfullscreen=\"allowfullscreen\"><\/iframe><\/div>\n<div class=\"mks_one_half \"><iframe loading=\"lazy\" src=\"https:\/\/www.youtube.com\/embed\/suTuQPMTy5Y?rel=0&amp;showinfo=0\" width=\"560\" height=\"238\" frameborder=\"0\" allowfullscreen=\"allowfullscreen\"><\/iframe><\/div>\n<\/div>\n","protected":false},"excerpt":{"rendered":"<p>Les dix corps Les humains ont une forte propension \u00e0 s&rsquo;identifier au corps physique d&rsquo;une part et \u00e0 l&rsquo;esprit pensant (mental) qui \u00ab anime \u00bb ce corps d&rsquo;autre part. Pour certains, leur constitution g\u00e9n\u00e9rale inclut \u00e9galement une part immat\u00e9rielle, \u00e9tiquet\u00e9e comme l&rsquo;\u00e2me ou la conscience. Ces acceptations communes indiquent d\u00e9j\u00e0&#8230;<\/p>\n<p> <a class=\"continue-reading-link\" href=\"https:\/\/ekongkar.yoga\/?page_id=1623\"><span>Lire la suite&#8230;<\/span><i class=\"crycon-right-dir\"><\/i><\/a> <\/p>\n","protected":false},"author":1,"featured_media":0,"parent":1622,"menu_order":3,"comment_status":"closed","ping_status":"closed","template":"","meta":{"footnotes":""},"class_list":["post-1623","page","type-page","status-publish","hentry"],"_links":{"self":[{"href":"https:\/\/ekongkar.yoga\/index.php?rest_route=\/wp\/v2\/pages\/1623","targetHints":{"allow":["GET"]}}],"collection":[{"href":"https:\/\/ekongkar.yoga\/index.php?rest_route=\/wp\/v2\/pages"}],"about":[{"href":"https:\/\/ekongkar.yoga\/index.php?rest_route=\/wp\/v2\/types\/page"}],"author":[{"embeddable":true,"href":"https:\/\/ekongkar.yoga\/index.php?rest_route=\/wp\/v2\/users\/1"}],"replies":[{"embeddable":true,"href":"https:\/\/ekongkar.yoga\/index.php?rest_route=%2Fwp%2Fv2%2Fcomments&post=1623"}],"version-history":[{"count":0,"href":"https:\/\/ekongkar.yoga\/index.php?rest_route=\/wp\/v2\/pages\/1623\/revisions"}],"up":[{"embeddable":true,"href":"https:\/\/ekongkar.yoga\/index.php?rest_route=\/wp\/v2\/pages\/1622"}],"wp:attachment":[{"href":"https:\/\/ekongkar.yoga\/index.php?rest_route=%2Fwp%2Fv2%2Fmedia&parent=1623"}],"curies":[{"name":"wp","href":"https:\/\/api.w.org\/{rel}","templated":true}]}}