{"id":152,"date":"2016-04-09T09:18:33","date_gmt":"2016-04-09T07:18:33","guid":{"rendered":"http:\/\/ekongkar.yoga\/?page_id=152"},"modified":"2016-04-09T09:18:33","modified_gmt":"2016-04-09T07:18:33","slug":"stages-2","status":"publish","type":"page","link":"https:\/\/ekongkar.yoga\/?page_id=152","title":{"rendered":"Stages \u00e0 Plouray (Centre Bretagne)"},"content":{"rendered":"<p><span style=\"color: #8c282c; font-size: 18pt;\"><img loading=\"lazy\" decoding=\"async\" class=\"alignleft\" src=\"http:\/\/ekongkar.yoga\/wp-content\/uploads\/2016\/07\/Stages-samedi-Plouray-Yoga.jpg\" alt=\"\" width=\"350\" height=\"230\">Les stages \u00e0 Plouray<\/span><\/p>\n<p>Durant cette&nbsp;ann\u00e9e acad\u00e9mique 2022-2023 (reprise apr\u00e8s 2 ans d&rsquo;interruption Covid), contrairement aux ann\u00e9es pr\u00e9c\u00e9dentes,&nbsp;<strong><span style=\"color: #008080;\">peu de stages seront organis\u00e9s \u00e0 Plouray<\/span><\/strong>.&nbsp;&nbsp;<\/p>\n<p>Si cependant vous \u00eates int\u00e9ress\u00e9 pour travailler sur une th\u00e9matique particuli\u00e8re, venez nous en parler et nous proposerons un atelier, comme par le pass\u00e9, le&nbsp;<strong><span style=\"color: #008080;\">samedi&nbsp;<\/span><\/strong>(en matin\u00e9e ou toute la journ\u00e9e).<\/p>\n<p>Le programme finalis\u00e9 avec les dates pr\u00e9cises et le contenu d\u00e9taill\u00e9 des stages\/ateliers est publi\u00e9 ici quelques semaines avant l&rsquo;\u00e9v\u00e9nement. <strong><span style=\"color: #ff6600;\">Th\u00e9matiques :<\/span> <\/strong>Yoga Nidra, Yoga et anatomie, Pranayama, Yoga de l&rsquo;union des polarit\u00e9s, Yoga du froid, Yoga et ayurveda, etc<\/p>\n<p style=\"text-align: center;\"><strong><span style=\"color: #008080;\">Actuellement sont propos\u00e9es, des dates (samedi ou dimanche) pour les formations de massage de tradition indienne (niveau g\u00e9n\u00e9ral&nbsp; ou niveau perfectionnement):<\/span><\/strong><\/p>\n<p style=\"text-align: left;\"><span style=\"font-size: 14pt;\"><strong><span style=\"color: #993300;\"><a href=\"http:\/\/ekongkar.yoga\/?p=6808\"><img loading=\"lazy\" decoding=\"async\" class=\"alignleft\" src=\"http:\/\/ekongkar.yoga\/wp-content\/uploads\/2019\/05\/massage-M1.jpg\" width=\"320\" height=\"168\"><\/a>Formation au massage&nbsp;de tradition indienne<br \/>\n<\/span><\/strong><\/span><strong><span style=\"color: #008000; font-size: 14pt;\">(niveau g\u00e9n\u00e9ral)<\/span><span style=\"color: #008000;\"><br \/>\n<\/span><span style=\"color: #ff0000;\">Ouvert \u00e0 tous<\/span><\/strong>, particuliers et professionnels, sans pr\u00e9-requis&nbsp;<strong><span style=\"color: #008000;\"><br \/>\n<\/span><\/strong>&gt;&gt;&gt;&nbsp;<span style=\"text-decoration: underline;\"><a href=\"http:\/\/ekongkar.yoga\/?p=6808\">pour en savoir plus et inscription<\/a><\/span><strong><span style=\"color: #ff6600;\"><br \/>\n<em><span style=\"color: #008000;\">Journ\u00e9e enti\u00e8re<\/span><\/em><\/span><\/strong><\/p>\n<hr>\n<p style=\"text-align: left;\"><span style=\"font-size: 14pt;\"><strong><span style=\"color: #993300;\"><a href=\"http:\/\/ekongkar.yoga\/?p=7362\"><img loading=\"lazy\" decoding=\"async\" class=\"alignleft\" src=\"http:\/\/ekongkar.yoga\/wp-content\/uploads\/2019\/05\/massage-M2.jpg\" width=\"320\" height=\"168\"><\/a>Formation au massage&nbsp;de tradition indienne<br \/>\n<\/span><\/strong><\/span><strong><span style=\"color: #008000; font-size: 14pt;\">(niveau perfectionnement)<\/span><span style=\"color: #008000;\"><br \/>\n<\/span><\/strong><strong><em><span style=\"color: #ff0000;\">Journ\u00e9e r\u00e9serv\u00e9e<\/span><\/em><\/strong><em> aux personnes&nbsp;ayant d\u00e9j\u00e0 r\u00e9alis\u00e9 le stage de formation&nbsp;au massage ayurv\u00e9dique&nbsp;(niveau&nbsp;g\u00e9n\u00e9ral)<\/em><strong><span style=\"color: #ff6600;\"><br \/>\n<\/span><\/strong>&gt;&gt;&gt;&nbsp;<span style=\"text-decoration: underline;\"><a href=\"http:\/\/ekongkar.yoga\/?p=7362\">pour en savoir plus et inscription<\/a><\/span><strong><span style=\"color: #ff6600;\"><br \/>\n<em><span style=\"color: #008000;\">Journ\u00e9e enti\u00e8re<\/span><\/em><\/span><\/strong><\/p>\n","protected":false},"excerpt":{"rendered":"<p>Les stages \u00e0 Plouray Durant cette&nbsp;ann\u00e9e acad\u00e9mique 2022-2023 (reprise apr\u00e8s 2 ans d&rsquo;interruption Covid), contrairement aux ann\u00e9es pr\u00e9c\u00e9dentes,&nbsp;peu de stages seront organis\u00e9s \u00e0 Plouray.&nbsp;&nbsp; Si cependant vous \u00eates int\u00e9ress\u00e9 pour travailler sur une th\u00e9matique particuli\u00e8re, venez nous en parler et nous proposerons un atelier, comme par le pass\u00e9, le&nbsp;samedi&nbsp;(en matin\u00e9e&#8230;<\/p>\n<p> <a class=\"continue-reading-link\" href=\"https:\/\/ekongkar.yoga\/?page_id=152\"><span>Lire la suite&#8230;<\/span><i class=\"crycon-right-dir\"><\/i><\/a> <\/p>\n","protected":false},"author":1,"featured_media":1118,"parent":220,"menu_order":3,"comment_status":"closed","ping_status":"closed","template":"","meta":{"footnotes":""},"class_list":["post-152","page","type-page","status-publish","has-post-thumbnail","hentry"],"_links":{"self":[{"href":"https:\/\/ekongkar.yoga\/index.php?rest_route=\/wp\/v2\/pages\/152","targetHints":{"allow":["GET"]}}],"collection":[{"href":"https:\/\/ekongkar.yoga\/index.php?rest_route=\/wp\/v2\/pages"}],"about":[{"href":"https:\/\/ekongkar.yoga\/index.php?rest_route=\/wp\/v2\/types\/page"}],"author":[{"embeddable":true,"href":"https:\/\/ekongkar.yoga\/index.php?rest_route=\/wp\/v2\/users\/1"}],"replies":[{"embeddable":true,"href":"https:\/\/ekongkar.yoga\/index.php?rest_route=%2Fwp%2Fv2%2Fcomments&post=152"}],"version-history":[{"count":0,"href":"https:\/\/ekongkar.yoga\/index.php?rest_route=\/wp\/v2\/pages\/152\/revisions"}],"up":[{"embeddable":true,"href":"https:\/\/ekongkar.yoga\/index.php?rest_route=\/wp\/v2\/pages\/220"}],"wp:featuredmedia":[{"embeddable":true,"href":"https:\/\/ekongkar.yoga\/index.php?rest_route=\/wp\/v2\/media\/1118"}],"wp:attachment":[{"href":"https:\/\/ekongkar.yoga\/index.php?rest_route=%2Fwp%2Fv2%2Fmedia&parent=152"}],"curies":[{"name":"wp","href":"https:\/\/api.w.org\/{rel}","templated":true}]}}