{"id":1390,"date":"2018-02-25T10:40:47","date_gmt":"2018-02-25T08:40:47","guid":{"rendered":"http:\/\/ekongkar.yoga\/?page_id=1390"},"modified":"2018-02-25T10:40:47","modified_gmt":"2018-02-25T08:40:47","slug":"posture-asana","status":"publish","type":"page","link":"https:\/\/ekongkar.yoga\/?page_id=1390","title":{"rendered":"Posture (asana)"},"content":{"rendered":"<p><span style=\"color: #8c282c;\"><span style=\"font-size: 18pt;\">Posture (asana)<\/span><\/span><\/p>\n<p><img loading=\"lazy\" decoding=\"async\" class=\"alignleft\" src=\"http:\/\/ekongkar.yoga\/wp-content\/uploads\/2016\/07\/asana-kundalini-yoga-plouray-e1468601432835.jpg\" alt=\"\" width=\"350\" height=\"215\">Quant on fait r\u00e9f\u00e9rence au Yoga, l&rsquo;asana (ou \u00ab posture \u00bb) est la partie <strong><span style=\"color: #008080;\">la plus connue<\/span><\/strong> et la plus populaire.<\/p>\n<p><span style=\"color: #800000;\"><strong>Cinq exemples d\u00e9taill\u00e9s:<\/strong><\/span> <a href=\"http:\/\/ekongkar.yoga\/?page_id=1394\">Siddh\u00e2sana<\/a> \/ <a href=\"http:\/\/ekongkar.yoga\/?page_id=1395\">Paschimottan\u00e2sana<\/a> \/ <a href=\"http:\/\/ekongkar.yoga\/?page_id=1396\">Vriksh\u00e2sana<\/a> \/ <a href=\"http:\/\/ekongkar.yoga\/?page_id=1397\">Utras\u00e2sana<\/a> \/ <a href=\"http:\/\/ekongkar.yoga\/?page_id=1398\">Dhanur\u00e2sana<\/a><\/p>\n<p>Cependant, <strong><span style=\"color: #008080;\">Patanjali, dans les Yoga S\u00fbtra<\/span><\/strong>, est tr\u00e8s sobre en ce qui concerne l\u2019asana, il ne lui consacre que 6 mots (en sanskrit) : \u00ab <em>L\u2019assise sera stable et facile. Pour cela il suffit de se rel\u00e2cher et de s\u2019absorber dans l\u2019infini. Nous ne sommes alors plus d\u00e9rang\u00e9s par les paires d\u2019oppos\u00e9s<\/em> \u00bb (II,46-48). En fait, il ne fait pas r\u00e9f\u00e9rence aux nombreuses postures que nous connaissons, mais plut\u00f4t \u00e0 \u00ab la posture \u00bb, \u00e0 savoir la posture assise qui vise \u00e0 \u00ab <em>apaiser les fluctuations du mental et \u00e0 \u00e9tablir la conscience dans sa nature v\u00e9ritable<\/em> \u00bb (I,2-3).<\/p>\n<p>D&rsquo;ailleurs, <strong><span style=\"color: #008080;\">le mot \u00ab asana \u00bb<\/span><\/strong> que l\u2019on traduit commun\u00e9ment par \u00ab posture \u00bb vient de la racine sanskrite \u00ab as \u00bb et signifie exactement \u00ab assise \u00bb et fait r\u00e9f\u00e9rence \u00e0 l\u2019assise physique de la pratique de la m\u00e9ditation, et \u00e0 l\u2019assise int\u00e9rieure de l\u2019\u00e9tat m\u00e9ditatif.<\/p>\n<p>La tradition tantrique pour sa part est prolixe, et d\u2019apr\u00e8s les nombreux trait\u00e9s de Yoga qu\u2019elle a produit, il existerait 84 centaines de milliers d\u2019asanas (8.400.000), indiquant de la sorte que le nombre de postures que le corps peu prendre est innombrable. Parmi celles-ci, <strong><span style=\"color: #008080;\">84 sont s\u00e9lectionn\u00e9es et consid\u00e9r\u00e9es comme fondamentales<\/span><\/strong>. 84 est \u00e9videmment un chiffre symbolique fr\u00e9quemment utilis\u00e9 en orient et qui exprime une totalit\u00e9 (84 = 7 plan\u00e8tes X 12 signes du zodiaque).<\/p>\n<p style=\"padding-left: 30px;\">\u00ab <em>Il existe 84 postures de Yoga, et tout le monde, qu&rsquo;il soit occidental ou oriental, les a toutes faites dans le ventre de la m\u00e8re pendant la gestation. Donc, vous \u00eates de toutes fa\u00e7ons des yogis.<\/em> \u00bb (Kundalini Yoga)<\/p>\n<p>Bien qu&rsquo;en apparence les postures s&rsquo;adressent plut\u00f4t au corps physique et \u00e0 ses capacit\u00e9s, il serait <strong><span style=\"color: #008080;\">une erreur de les consid\u00e9rer comme de simples exercices gymniques<\/span><\/strong> de bien \u00eatre ou de remise en forme. Bien s\u00fbr, elles fa\u00e7onnent le corps en lui donnant \u00e9lasticit\u00e9 et puissance, mais ces bienfaits viennent en quelque sorte \u00ab par surcro\u00eet \u00bb. <strong><span style=\"color: #008080;\">La pratique des postures visent d\u2019autres plans<\/span><\/strong>.<\/p>\n<p>En association avec les bandhas (fermetures), les gestes (moudras), la ma\u00eetrise du souffle (pranayama), la r\u00e9citation des mantras, les concentrations, les visualisations\u2026 les postures (et plus particuli\u00e8rement les s\u00e9ries de postures dans le Kundalini Yoga) <strong><span style=\"color: #008080;\">forment un ensemble<\/span><\/strong>, un tout non-al\u00e9atoire, qui devient un outil efficace au service du yogin pour la r\u00e9alisation de diff\u00e9rents \u00e9tats particuliers.<\/p>\n<p>Les s\u00e9ries de postures sont des <strong><span style=\"color: #008080;\">\u00ab cr\u00e9ations \u00bb dynamiques<\/span><\/strong> qui s\u2019attachent \u00e0 conqu\u00e9rir l&rsquo;\u00e9nergie et \u00e0 discipliner le mental. Ainsi il est dit que telle posture attire le prana vers une partie d\u00e9termin\u00e9e du corps, augmente le pouvoir cr\u00e9atif, ouvre tel chakra, remagn\u00e9tise l\u2019aura, etc.<\/p>\n<p>Dans le Kundalini Yoga en particulier, la pratique des postures vise au d\u00e9ploiement d&rsquo;une conscience m\u00e9ditative, et ultimement, <strong><span style=\"color: #008080;\">transmute la nature tout enti\u00e8re<\/span><\/strong> \u00e0 partir de sa forme la plus grossi\u00e8re, le corps humain.<\/p>\n<p><strong><span style=\"color: #008080;\">Les noms des postures<\/span><\/strong> sont g\u00e9n\u00e9ralement tr\u00e8s \u00e9vocateurs : arc, archer, pont, chaise, cadavre, plateforme, chandelle, charrue, moulin, triangle, etc. D\u2019autres postures font r\u00e9f\u00e9rence au monde v\u00e9g\u00e9tal (arbres, lotus, etc), et de tr\u00e8s nombreuse portent des noms d\u2019animaux et ont \u00e9t\u00e9 ainsi nomm\u00e9es sur base de l\u2019observation des animaux qui les ex\u00e9cutaient spontan\u00e9ment (papillon, chameau, cobra, chat-vache, corbeau, grenouille, poisson, sauterelle, etc).<\/p>\n<p>Les postures peuvent \u00eatre class\u00e9es en <strong><span style=\"color: #008080;\">diff\u00e9rentes \u00ab grandes familles \u00bb<\/span><\/strong> : les postures statiques ou dynamiques\u2026 les postures couch\u00e9es, assises, debouts, \u00e0 quatre pattes, accroupies\u2026 ou encore les postures en flexion, en extension, en torsion, en inclinaison lat\u00e9rale, en inversion, etc.<\/p>\n<p><strong><span style=\"color: #008080;\"><span style=\"color: #800000;\">Voici 5 exemples d\u00e9velopp\u00e9s <\/span>:<\/span><\/strong><\/p>\n<ul>\n<li><a href=\"http:\/\/ekongkar.yoga\/?page_id=1394\">La posture parfaite<\/a><\/li>\n<li><a href=\"http:\/\/ekongkar.yoga\/?page_id=1395\">L\u2019\u00e9tirement du nerf de vie (sciatique)<\/a><\/li>\n<li><a href=\"http:\/\/ekongkar.yoga\/?page_id=1396\">La posture de l\u2019arbre<\/a><\/li>\n<li><a href=\"http:\/\/ekongkar.yoga\/?page_id=1397\">La posture du chameau<\/a><\/li>\n<li><a href=\"http:\/\/ekongkar.yoga\/?page_id=1398\">La posture de la sauterelle<\/a><\/li>\n<\/ul>\n<p style=\"text-align: center;\"><strong><span style=\"color: #800000;\">A lire \u00e9galement:<\/span><br \/>\n<\/strong>&nbsp;<a href=\"http:\/\/ekongkar.yoga\/?page_id=1389\">Techniques du Yoga<\/a> &#8211; Posture (asana) &#8211;&nbsp;<a href=\"http:\/\/ekongkar.yoga\/?page_id=1393\">Ma\u00eetrise du souffle (pranayama)<\/a>&nbsp;&#8211; <a href=\"http:\/\/ekongkar.yoga\/?page_id=1391\">Geste (moudra)<\/a>&nbsp;&#8211; <a href=\"http:\/\/ekongkar.yoga\/?page_id=1392\">Contraction (bandha)<\/a>&nbsp;<\/p>\n<hr>\n<p><span style=\"font-size: 24pt;\">En vid\u00e9os, sur la cha\u00eene YouTube <span style=\"text-decoration: underline;\"><a href=\"https:\/\/www.youtube.com\/channel\/UC6JVXwM88DsvYA7kf4RxFSg\" target=\"_blank\" rel=\"noopener noreferrer\">Yoga Ekongkar<\/a><\/span>&nbsp;:<\/span><\/p>\n<div class=\"mks_col \">\n<div class=\"mks_one_half \"><iframe loading=\"lazy\" src=\"https:\/\/www.youtube.com\/embed\/wVF1gN83_YA?rel=0&amp;showinfo=0\" width=\"560\" height=\"238\" frameborder=\"0\" allowfullscreen=\"allowfullscreen\"><\/iframe><\/div>\n<div class=\"mks_one_half \"><iframe loading=\"lazy\" src=\"https:\/\/www.youtube.com\/embed\/Subk9EY9YuQ?rel=0&amp;showinfo=0\" width=\"560\" height=\"238\" frameborder=\"0\" allowfullscreen=\"allowfullscreen\"><\/iframe><\/div>\n<\/div>\n","protected":false},"excerpt":{"rendered":"<p>Posture (asana) Quant on fait r\u00e9f\u00e9rence au Yoga, l&rsquo;asana (ou \u00ab posture \u00bb) est la partie la plus connue et la plus populaire. Cinq exemples d\u00e9taill\u00e9s: Siddh\u00e2sana \/ Paschimottan\u00e2sana \/ Vriksh\u00e2sana \/ Utras\u00e2sana \/ Dhanur\u00e2sana Cependant, Patanjali, dans les Yoga S\u00fbtra, est tr\u00e8s sobre en ce qui concerne l\u2019asana, il&#8230;<\/p>\n<p> <a class=\"continue-reading-link\" href=\"https:\/\/ekongkar.yoga\/?page_id=1390\"><span>Lire la suite&#8230;<\/span><i class=\"crycon-right-dir\"><\/i><\/a> <\/p>\n","protected":false},"author":1,"featured_media":1444,"parent":1389,"menu_order":0,"comment_status":"closed","ping_status":"closed","template":"","meta":{"footnotes":""},"class_list":["post-1390","page","type-page","status-publish","has-post-thumbnail","hentry"],"_links":{"self":[{"href":"https:\/\/ekongkar.yoga\/index.php?rest_route=\/wp\/v2\/pages\/1390","targetHints":{"allow":["GET"]}}],"collection":[{"href":"https:\/\/ekongkar.yoga\/index.php?rest_route=\/wp\/v2\/pages"}],"about":[{"href":"https:\/\/ekongkar.yoga\/index.php?rest_route=\/wp\/v2\/types\/page"}],"author":[{"embeddable":true,"href":"https:\/\/ekongkar.yoga\/index.php?rest_route=\/wp\/v2\/users\/1"}],"replies":[{"embeddable":true,"href":"https:\/\/ekongkar.yoga\/index.php?rest_route=%2Fwp%2Fv2%2Fcomments&post=1390"}],"version-history":[{"count":0,"href":"https:\/\/ekongkar.yoga\/index.php?rest_route=\/wp\/v2\/pages\/1390\/revisions"}],"up":[{"embeddable":true,"href":"https:\/\/ekongkar.yoga\/index.php?rest_route=\/wp\/v2\/pages\/1389"}],"wp:featuredmedia":[{"embeddable":true,"href":"https:\/\/ekongkar.yoga\/index.php?rest_route=\/wp\/v2\/media\/1444"}],"wp:attachment":[{"href":"https:\/\/ekongkar.yoga\/index.php?rest_route=%2Fwp%2Fv2%2Fmedia&parent=1390"}],"curies":[{"name":"wp","href":"https:\/\/api.w.org\/{rel}","templated":true}]}}