{"id":1389,"date":"2018-02-26T10:31:30","date_gmt":"2018-02-26T08:31:30","guid":{"rendered":"http:\/\/ekongkar.yoga\/?page_id=1389"},"modified":"2018-02-26T10:31:30","modified_gmt":"2018-02-26T08:31:30","slug":"techniques-du-yoga","status":"publish","type":"page","link":"https:\/\/ekongkar.yoga\/?page_id=1389","title":{"rendered":"Techniques du Yoga"},"content":{"rendered":"<p><span style=\"color: #8c282c;\"><span style=\"font-size: 18pt;\">Techniques du Yoga<\/span><\/span><\/p>\n<p><strong><span style=\"color: #008080;\"><img loading=\"lazy\" decoding=\"async\" class=\"alignleft\" src=\"http:\/\/ekongkar.yoga\/wp-content\/uploads\/2016\/07\/asana-bandha-moudra-e1468600726879.gif\" alt=\"\" width=\"350\" height=\"350\">Les techniques propos\u00e9es par le Yoga sont vastes et diversifi\u00e9es.<\/span><\/strong><\/p>\n<p>Cet ensemble est compos\u00e9 d\u2019<a href=\"http:\/\/ekongkar.yoga\/?page_id=1390\">attitudes corporelle<\/a> (postures \/asanas), de <a href=\"http:\/\/ekongkar.yoga\/?page_id=1393\">ma\u00eetrises du souffle<\/a> (pranayamas), de <a href=\"http:\/\/ekongkar.yoga\/?page_id=1392\">contractions <\/a>(bandhas), de <a href=\"http:\/\/ekongkar.yoga\/?page_id=1391\">gestes <\/a>(moudras), de <a href=\"http:\/\/ekongkar.yoga\/?page_id=1391\">concentration oculaires<\/a> (drishti), de l\u2019<a href=\"http:\/\/ekongkar.yoga\/?page_id=1029\">utilisation du pouvoir du son<\/a> (vibration du gong, r\u00e9citation de mantras, etc), de concentrations, de visualisations, de <a href=\"http:\/\/ekongkar.yoga\/?page_id=482\">m\u00e9ditations<\/a>, de l\u2019investigation de diff\u00e9rents \u00e9tats de conscience (veille, r\u00eave, etc), \u2026<\/p>\n<p>A chaque instant de la pratique, <strong><span style=\"color: #008080;\">ces diff\u00e9rentes m\u00e9thodes sont associ\u00e9es<\/span><\/strong>, s\u2019entrem\u00ealent et se soutiennent mutuellement dans la d\u00e9marche d\u2019\u00e9veil de l\u2019\u00e9nergie et de reconnexion \u00e0 la source m\u00eame du Soi et de l\u2019Univers.<\/p>\n<p><strong><span style=\"color: #008080;\">Dans ce chapitre, plusieurs de ces techniques vont \u00eatre d\u00e9velopp\u00e9es :<\/span><\/strong><\/p>\n<p><strong>1. <a href=\"http:\/\/ekongkar.yoga\/?page_id=1390\">Posture (asana) <\/a><\/strong><a href=\"http:\/\/ekongkar.yoga\/?page_id=1390\">&#8211; pr\u00e9sentation g\u00e9n\u00e9rale<\/a><\/p>\n<p style=\"text-align: left; padding-left: 30px;\"><a href=\"http:\/\/ekongkar.yoga\/?page_id=1394\">La posture parfaite<\/a><br \/>\n<a href=\"http:\/\/ekongkar.yoga\/?page_id=1395\">L\u2019\u00e9tirement du nerf de vie (sciatique)<\/a><br \/>\n<a href=\"http:\/\/ekongkar.yoga\/?page_id=1396\">La posture de l\u2019arbre<\/a><br \/>\n<a href=\"http:\/\/ekongkar.yoga\/?page_id=1397\">La posture du chameau<\/a><br \/>\n<a href=\"http:\/\/ekongkar.yoga\/?page_id=1398\">La posture de la sauterelle<\/a><\/p>\n<p><strong>2. <a href=\"http:\/\/ekongkar.yoga\/?page_id=1393\">Ma\u00eetrise du souffle (pranayama)<\/a><\/strong><\/p>\n<p><strong>3. <a href=\"http:\/\/ekongkar.yoga\/?page_id=1391\">Geste (moudra)<\/a><\/strong><\/p>\n<p><strong>4. <a href=\"http:\/\/ekongkar.yoga\/?page_id=1392\">Contraction (bandha) <\/a><\/strong><a href=\"http:\/\/ekongkar.yoga\/?page_id=1392\">&#8211; pr\u00e9sentation g\u00e9n\u00e9rale<\/a><\/p>\n<p style=\"padding-left: 30px;\"><a href=\"http:\/\/ekongkar.yoga\/?page_id=1399\">Fermeture de la racine (Moula bandha)<\/a><br \/>\n<a href=\"http:\/\/ekongkar.yoga\/?page_id=1400\">Fermeture du diaphragme (Ouddiyana bandha)<\/a><br \/>\n<a href=\"http:\/\/ekongkar.yoga\/?page_id=1401\">Fermeture du cou (Djalandhara bandha)<\/a><br \/>\n<a href=\"http:\/\/ekongkar.yoga\/?page_id=1402\">Grande fermeture (Maha bandha)<\/a><\/p>\n","protected":false},"excerpt":{"rendered":"<p>Techniques du Yoga Les techniques propos\u00e9es par le Yoga sont vastes et diversifi\u00e9es. Cet ensemble est compos\u00e9 d\u2019attitudes corporelle (postures \/asanas), de ma\u00eetrises du souffle (pranayamas), de contractions (bandhas), de gestes (moudras), de concentration oculaires (drishti), de l\u2019utilisation du pouvoir du son (vibration du gong, r\u00e9citation de mantras, etc), de&#8230;<\/p>\n<p> <a class=\"continue-reading-link\" href=\"https:\/\/ekongkar.yoga\/?page_id=1389\"><span>Lire la suite&#8230;<\/span><i class=\"crycon-right-dir\"><\/i><\/a> <\/p>\n","protected":false},"author":1,"featured_media":1440,"parent":440,"menu_order":4,"comment_status":"closed","ping_status":"closed","template":"","meta":{"footnotes":""},"class_list":["post-1389","page","type-page","status-publish","has-post-thumbnail","hentry"],"_links":{"self":[{"href":"https:\/\/ekongkar.yoga\/index.php?rest_route=\/wp\/v2\/pages\/1389","targetHints":{"allow":["GET"]}}],"collection":[{"href":"https:\/\/ekongkar.yoga\/index.php?rest_route=\/wp\/v2\/pages"}],"about":[{"href":"https:\/\/ekongkar.yoga\/index.php?rest_route=\/wp\/v2\/types\/page"}],"author":[{"embeddable":true,"href":"https:\/\/ekongkar.yoga\/index.php?rest_route=\/wp\/v2\/users\/1"}],"replies":[{"embeddable":true,"href":"https:\/\/ekongkar.yoga\/index.php?rest_route=%2Fwp%2Fv2%2Fcomments&post=1389"}],"version-history":[{"count":0,"href":"https:\/\/ekongkar.yoga\/index.php?rest_route=\/wp\/v2\/pages\/1389\/revisions"}],"up":[{"embeddable":true,"href":"https:\/\/ekongkar.yoga\/index.php?rest_route=\/wp\/v2\/pages\/440"}],"wp:featuredmedia":[{"embeddable":true,"href":"https:\/\/ekongkar.yoga\/index.php?rest_route=\/wp\/v2\/media\/1440"}],"wp:attachment":[{"href":"https:\/\/ekongkar.yoga\/index.php?rest_route=%2Fwp%2Fv2%2Fmedia&parent=1389"}],"curies":[{"name":"wp","href":"https:\/\/api.w.org\/{rel}","templated":true}]}}