{"id":1286,"date":"2016-07-10T09:22:58","date_gmt":"2016-07-10T07:22:58","guid":{"rendered":"http:\/\/ekongkar.yoga\/?page_id=1286"},"modified":"2016-07-10T09:22:58","modified_gmt":"2016-07-10T07:22:58","slug":"ek-ong-kar-sat-nam-siri-wa-he-gourou","status":"publish","type":"page","link":"https:\/\/ekongkar.yoga\/?page_id=1286","title":{"rendered":"\u00c8k ong kar sat nam siri wa h\u00e9 gourou"},"content":{"rendered":"<p><strong><span style=\"color: #008080;\">\u00c8k ong kar sat nam siri wa h\u00e9 gourou&nbsp;<\/span><\/strong>(Adi shakti mantra)<\/p>\n<p>Cr\u00e9ateur et cr\u00e9ation sont un. C\u2019est notre v\u00e9ritable identit\u00e9. Cette sagesse est grande, au-del\u00e0 des mots.<\/p>\n<table>\n<tbody>\n<tr>\n<td><iframe loading=\"lazy\" src=\"https:\/\/www.youtube.com\/embed\/jckM1XxCrXY\" width=\"420\" height=\"236\" frameborder=\"0\" allowfullscreen=\"allowfullscreen\"><\/iframe><\/td>\n<td><iframe loading=\"lazy\" src=\"https:\/\/www.youtube.com\/embed\/FHNI79CL2Js\" width=\"420\" height=\"236\" frameborder=\"0\" allowfullscreen=\"allowfullscreen\"><\/iframe><\/td>\n<\/tr>\n<tr>\n<td><iframe loading=\"lazy\" src=\"https:\/\/www.youtube.com\/embed\/TM3ENUzUCaA\" width=\"420\" height=\"315\" frameborder=\"0\" allowfullscreen=\"allowfullscreen\"><\/iframe><\/td>\n<td><iframe loading=\"lazy\" src=\"https:\/\/www.youtube.com\/embed\/04uPBa05OKc\" width=\"420\" height=\"236\" frameborder=\"0\" allowfullscreen=\"allowfullscreen\"><\/iframe><\/td>\n<\/tr>\n<\/tbody>\n<\/table>\n<p style=\"text-align: center;\"><span style=\"color: #800000;\"><strong>A lire \u00e9galement:<\/strong><\/span><br \/>\n<a href=\"http:\/\/ekongkar.yoga\/?page_id=1034\">La science du Naad<\/a>&nbsp;\/&nbsp;<a href=\"http:\/\/ekongkar.yoga\/?page_id=1031\">Les mantras<\/a>&nbsp;\/&nbsp;<a href=\"http:\/\/ekongkar.yoga\/?page_id=1036\">Bij et Ashtang mantras<\/a>&nbsp;\/&nbsp;<a href=\"http:\/\/ekongkar.yoga\/?page_id=1037\">Les mantras et le livre Saint des Sikhs<\/a>&nbsp;\/&nbsp;<a href=\"http:\/\/ekongkar.yoga\/?page_id=1039\">Mantrath\u00e8que<\/a><\/p>\n","protected":false},"excerpt":{"rendered":"<p>\u00c8k ong kar sat nam siri wa h\u00e9 gourou&nbsp;(Adi shakti mantra) Cr\u00e9ateur et cr\u00e9ation sont un. C\u2019est notre v\u00e9ritable identit\u00e9. Cette sagesse est grande, au-del\u00e0 des mots. A lire \u00e9galement: La science du Naad&nbsp;\/&nbsp;Les mantras&nbsp;\/&nbsp;Bij et Ashtang mantras&nbsp;\/&nbsp;Les mantras et le livre Saint des Sikhs&nbsp;\/&nbsp;Mantrath\u00e8que<\/p>\n<p> <a class=\"continue-reading-link\" href=\"https:\/\/ekongkar.yoga\/?page_id=1286\"><span>Lire la suite&#8230;<\/span><i class=\"crycon-right-dir\"><\/i><\/a> <\/p>\n","protected":false},"author":1,"featured_media":0,"parent":1039,"menu_order":14,"comment_status":"closed","ping_status":"closed","template":"templates\/template-twocolumns-left.php","meta":{"footnotes":""},"class_list":["post-1286","page","type-page","status-publish","hentry"],"_links":{"self":[{"href":"https:\/\/ekongkar.yoga\/index.php?rest_route=\/wp\/v2\/pages\/1286","targetHints":{"allow":["GET"]}}],"collection":[{"href":"https:\/\/ekongkar.yoga\/index.php?rest_route=\/wp\/v2\/pages"}],"about":[{"href":"https:\/\/ekongkar.yoga\/index.php?rest_route=\/wp\/v2\/types\/page"}],"author":[{"embeddable":true,"href":"https:\/\/ekongkar.yoga\/index.php?rest_route=\/wp\/v2\/users\/1"}],"replies":[{"embeddable":true,"href":"https:\/\/ekongkar.yoga\/index.php?rest_route=%2Fwp%2Fv2%2Fcomments&post=1286"}],"version-history":[{"count":0,"href":"https:\/\/ekongkar.yoga\/index.php?rest_route=\/wp\/v2\/pages\/1286\/revisions"}],"up":[{"embeddable":true,"href":"https:\/\/ekongkar.yoga\/index.php?rest_route=\/wp\/v2\/pages\/1039"}],"wp:attachment":[{"href":"https:\/\/ekongkar.yoga\/index.php?rest_route=%2Fwp%2Fv2%2Fmedia&parent=1286"}],"curies":[{"name":"wp","href":"https:\/\/api.w.org\/{rel}","templated":true}]}}