{"id":1285,"date":"2016-07-10T09:18:18","date_gmt":"2016-07-10T07:18:18","guid":{"rendered":"http:\/\/ekongkar.yoga\/?page_id=1285"},"modified":"2016-07-10T09:18:18","modified_gmt":"2016-07-10T07:18:18","slug":"ek-ong-kar-sat-gour-prasad","status":"publish","type":"page","link":"https:\/\/ekongkar.yoga\/?page_id=1285","title":{"rendered":"\u00c8k ong kar sat gour prasad"},"content":{"rendered":"<p><strong><span style=\"color: #008080;\">\u00c8k ong kar sat gour prasad<\/span><\/strong><\/p>\n<p style=\"padding-left: 30px;\"><em>Ce mantra est un gutka shabad, un shabad qui inverse le mental. C\u2019est l\u2019essence du Siri Gourou. Lorsque ce mantra est chant\u00e9, ne serait-ce que 5X, il interrompt l\u2019activit\u00e9 du mental et entrave toute n\u00e9gativit\u00e9.<\/em><\/p>\n<table>\n<tbody>\n<tr>\n<td><iframe loading=\"lazy\" src=\"https:\/\/www.youtube.com\/embed\/B2XkzZR4R0U\" width=\"420\" height=\"315\" frameborder=\"0\" allowfullscreen=\"allowfullscreen\"><\/iframe><\/td>\n<td><iframe loading=\"lazy\" src=\"https:\/\/www.youtube.com\/embed\/xZoKqs0ieoo\" width=\"420\" height=\"315\" frameborder=\"0\" allowfullscreen=\"allowfullscreen\"><\/iframe><\/td>\n<\/tr>\n<tr>\n<td><iframe loading=\"lazy\" src=\"https:\/\/www.youtube.com\/embed\/FSTOvRfW9yA\" width=\"420\" height=\"236\" frameborder=\"0\" allowfullscreen=\"allowfullscreen\"><\/iframe><\/td>\n<td><iframe loading=\"lazy\" src=\"https:\/\/www.youtube.com\/embed\/9mLwTSbc97w\" width=\"420\" height=\"236\" frameborder=\"0\" allowfullscreen=\"allowfullscreen\"><\/iframe><\/td>\n<\/tr>\n<tr>\n<td><iframe loading=\"lazy\" src=\"https:\/\/www.youtube.com\/embed\/TM3ENUzUCaA\" width=\"420\" height=\"315\" frameborder=\"0\" allowfullscreen=\"allowfullscreen\"><\/iframe><\/td>\n<td>&nbsp;<\/td>\n<\/tr>\n<\/tbody>\n<\/table>\n<p style=\"text-align: center;\"><span style=\"color: #800000;\"><strong>A lire \u00e9galement:<\/strong><\/span><br \/>\n<a href=\"http:\/\/ekongkar.yoga\/?page_id=1034\">La science du Naad<\/a>&nbsp;\/&nbsp;<a href=\"http:\/\/ekongkar.yoga\/?page_id=1031\">Les mantras<\/a>&nbsp;\/&nbsp;<a href=\"http:\/\/ekongkar.yoga\/?page_id=1036\">Bij et Ashtang mantras<\/a>&nbsp;\/&nbsp;<a href=\"http:\/\/ekongkar.yoga\/?page_id=1037\">Les mantras et le livre Saint des Sikhs<\/a>&nbsp;\/&nbsp;<a href=\"http:\/\/ekongkar.yoga\/?page_id=1039\">Mantrath\u00e8que<\/a><\/p>\n","protected":false},"excerpt":{"rendered":"<p>\u00c8k ong kar sat gour prasad Ce mantra est un gutka shabad, un shabad qui inverse le mental. C\u2019est l\u2019essence du Siri Gourou. Lorsque ce mantra est chant\u00e9, ne serait-ce que 5X, il interrompt l\u2019activit\u00e9 du mental et entrave toute n\u00e9gativit\u00e9. &nbsp; A lire \u00e9galement: La science du Naad&nbsp;\/&nbsp;Les mantras&nbsp;\/&nbsp;Bij&#8230;<\/p>\n<p> <a class=\"continue-reading-link\" href=\"https:\/\/ekongkar.yoga\/?page_id=1285\"><span>Lire la suite&#8230;<\/span><i class=\"crycon-right-dir\"><\/i><\/a> <\/p>\n","protected":false},"author":1,"featured_media":0,"parent":1039,"menu_order":13,"comment_status":"closed","ping_status":"closed","template":"templates\/template-twocolumns-left.php","meta":{"footnotes":""},"class_list":["post-1285","page","type-page","status-publish","hentry"],"_links":{"self":[{"href":"https:\/\/ekongkar.yoga\/index.php?rest_route=\/wp\/v2\/pages\/1285","targetHints":{"allow":["GET"]}}],"collection":[{"href":"https:\/\/ekongkar.yoga\/index.php?rest_route=\/wp\/v2\/pages"}],"about":[{"href":"https:\/\/ekongkar.yoga\/index.php?rest_route=\/wp\/v2\/types\/page"}],"author":[{"embeddable":true,"href":"https:\/\/ekongkar.yoga\/index.php?rest_route=\/wp\/v2\/users\/1"}],"replies":[{"embeddable":true,"href":"https:\/\/ekongkar.yoga\/index.php?rest_route=%2Fwp%2Fv2%2Fcomments&post=1285"}],"version-history":[{"count":0,"href":"https:\/\/ekongkar.yoga\/index.php?rest_route=\/wp\/v2\/pages\/1285\/revisions"}],"up":[{"embeddable":true,"href":"https:\/\/ekongkar.yoga\/index.php?rest_route=\/wp\/v2\/pages\/1039"}],"wp:attachment":[{"href":"https:\/\/ekongkar.yoga\/index.php?rest_route=%2Fwp%2Fv2%2Fmedia&parent=1285"}],"curies":[{"name":"wp","href":"https:\/\/api.w.org\/{rel}","templated":true}]}}