{"id":1274,"date":"2016-07-10T09:02:28","date_gmt":"2016-07-10T07:02:28","guid":{"rendered":"http:\/\/ekongkar.yoga\/?page_id=1274"},"modified":"2016-07-10T09:02:28","modified_gmt":"2016-07-10T07:02:28","slug":"bountiful-blissful-and-beautiful","status":"publish","type":"page","link":"https:\/\/ekongkar.yoga\/?page_id=1274","title":{"rendered":"Bountiful, blissful, and beautiful"},"content":{"rendered":"<p><strong><span style=\"color: #008080;\">I am bountiful, blissful, and beautiful, bountiful, blissful and beautiful I am.<\/span><\/strong><\/p>\n<p><strong><span style=\"color: #008080;\">\u00c8k ong kar, sat gour prasad.<\/span><\/strong><\/p>\n<p><strong><span style=\"color: #008080;\">Anand b\u00e8a m\u00e8ri ma\u00e8,<\/span><\/strong><br \/>\n<strong><span style=\"color: #008080;\"> Satigourou m\u00e8 paia,<\/span><\/strong><br \/>\n<strong><span style=\"color: #008080;\"> Satigourou ta paia sahaj s\u00e9ti,<\/span><\/strong><br \/>\n<strong><span style=\"color: #008080;\"> Man vajia vadaia,<\/span><\/strong><br \/>\n<strong><span style=\"color: #008080;\"> Rag ratan parvar paria,<\/span><\/strong><br \/>\n<strong><span style=\"color: #008080;\"> Chabad gavan aia,<\/span><\/strong><br \/>\n<strong><span style=\"color: #008080;\"> Chabado ta gavo hari k\u00e9ra,<\/span><\/strong><br \/>\n<strong><span style=\"color: #008080;\"> Man jini vesaia,<\/span><\/strong><br \/>\n<strong><span style=\"color: #008080;\"> Kah\u00e8 nanak anand hao,<\/span><\/strong><br \/>\n<strong><span style=\"color: #008080;\"> Satigourou m\u00e8 paia.<\/span><\/strong><\/p>\n<p>Je suis bienfaisant, bienheureux et magnifique. Bienfaisant, bienheureux et magnifique, je suis.<\/p>\n<p>Le cr\u00e9ateur et la cr\u00e9ation son un. Je le sais par la gr\u00e2ce du Ma\u00eetre.<\/p>\n<p>Je suis en extase, \u00f4 ma m\u00e8re, car j\u2019ai trouv\u00e9 le vrai Gourou. J\u2019ai rencontr\u00e9 le vrai Gourou, facilement, naturellement. Une merveilleuse musique \u00e9clate dans mon c\u0153ur. Ses rythmes sont semblables \u00e0 des bijoux cosmiques. Et ses m\u00e9lodies donnent tous les pouvoirs. Quand le Ma\u00eetre r\u00e9side en toi, le mental est combl\u00e9 et r\u00e9p\u00e8te la pri\u00e8re. N\u00e2nak dit : je demeure dans la b\u00e9atitude supr\u00eame, car j\u2019ai fusionn\u00e9 avec le vrai Gourou.<\/p>\n<p style=\"padding-left: 30px;\"><em>Ce mantra est pour l\u2019estime de soi et la confiance en soi. Apr\u00e8s l\u2019affirmation \u00ab Je suis bienfaisant,\u2026 \u00bb, dans certaines compositions, on trouve les paroles de la premi\u00e8re partie de l\u2019Anand Sahib, le Chant de l\u2019Extase, ainsi que le mantra \u00ab Ek ong kar satgour prasad \u00bb qui \u00e9l\u00e8ve le Soi au-del\u00e0 de la dualit\u00e9 et \u00e9tablit le courant spirituel.<\/em><\/p>\n<table>\n<tbody>\n<tr>\n<td><iframe loading=\"lazy\" src=\"https:\/\/www.youtube.com\/embed\/LWfl4ttJ7k4\" width=\"420\" height=\"315\" frameborder=\"0\" allowfullscreen=\"allowfullscreen\"><\/iframe><\/td>\n<td>&nbsp;<\/td>\n<\/tr>\n<\/tbody>\n<\/table>\n<p style=\"text-align: center;\"><span style=\"color: #800000;\"><strong>A lire \u00e9galement:<\/strong><\/span><br \/>\n<a href=\"http:\/\/ekongkar.yoga\/?page_id=1034\">La science du Naad<\/a>&nbsp;\/&nbsp;<a href=\"http:\/\/ekongkar.yoga\/?page_id=1031\">Les mantras<\/a>&nbsp;\/&nbsp;<a href=\"http:\/\/ekongkar.yoga\/?page_id=1036\">Bij et Ashtang mantras<\/a>&nbsp;\/&nbsp;<a href=\"http:\/\/ekongkar.yoga\/?page_id=1037\">Les mantras et le livre Saint des Sikhs<\/a>&nbsp;\/&nbsp;<a href=\"http:\/\/ekongkar.yoga\/?page_id=1039\">Mantrath\u00e8que<\/a><\/p>\n","protected":false},"excerpt":{"rendered":"<p>I am bountiful, blissful, and beautiful, bountiful, blissful and beautiful I am. \u00c8k ong kar, sat gour prasad. Anand b\u00e8a m\u00e8ri ma\u00e8, Satigourou m\u00e8 paia, Satigourou ta paia sahaj s\u00e9ti, Man vajia vadaia, Rag ratan parvar paria, Chabad gavan aia, Chabado ta gavo hari k\u00e9ra, Man jini vesaia, Kah\u00e8 nanak&#8230;<\/p>\n<p> <a class=\"continue-reading-link\" href=\"https:\/\/ekongkar.yoga\/?page_id=1274\"><span>Lire la suite&#8230;<\/span><i class=\"crycon-right-dir\"><\/i><\/a> <\/p>\n","protected":false},"author":1,"featured_media":0,"parent":1039,"menu_order":10,"comment_status":"closed","ping_status":"closed","template":"templates\/template-twocolumns-left.php","meta":{"footnotes":""},"class_list":["post-1274","page","type-page","status-publish","hentry"],"_links":{"self":[{"href":"https:\/\/ekongkar.yoga\/index.php?rest_route=\/wp\/v2\/pages\/1274","targetHints":{"allow":["GET"]}}],"collection":[{"href":"https:\/\/ekongkar.yoga\/index.php?rest_route=\/wp\/v2\/pages"}],"about":[{"href":"https:\/\/ekongkar.yoga\/index.php?rest_route=\/wp\/v2\/types\/page"}],"author":[{"embeddable":true,"href":"https:\/\/ekongkar.yoga\/index.php?rest_route=\/wp\/v2\/users\/1"}],"replies":[{"embeddable":true,"href":"https:\/\/ekongkar.yoga\/index.php?rest_route=%2Fwp%2Fv2%2Fcomments&post=1274"}],"version-history":[{"count":0,"href":"https:\/\/ekongkar.yoga\/index.php?rest_route=\/wp\/v2\/pages\/1274\/revisions"}],"up":[{"embeddable":true,"href":"https:\/\/ekongkar.yoga\/index.php?rest_route=\/wp\/v2\/pages\/1039"}],"wp:attachment":[{"href":"https:\/\/ekongkar.yoga\/index.php?rest_route=%2Fwp%2Fv2%2Fmedia&parent=1274"}],"curies":[{"name":"wp","href":"https:\/\/api.w.org\/{rel}","templated":true}]}}