{"id":1273,"date":"2016-07-10T08:55:06","date_gmt":"2016-07-10T06:55:06","guid":{"rendered":"http:\/\/ekongkar.yoga\/?page_id=1273"},"modified":"2016-07-10T08:55:06","modified_gmt":"2016-07-10T06:55:06","slug":"bahouta-karam","status":"publish","type":"page","link":"https:\/\/ekongkar.yoga\/?page_id=1273","title":{"rendered":"Bahouta karam"},"content":{"rendered":"<p><strong><span style=\"color: #008080;\">Bahouta karam likia na dja\u00e8,<br \/>\nVada data til na tama\u00e8,<br \/>\nK\u00e8t\u00e8 mangu\u00e9 djod apar,<br \/>\nK\u00e8tia ganat nahi vitchar,<br \/>\nK\u00e8t\u00e8 kap tout\u00e8 v\u00e8kar,<br \/>\nK\u00e8t\u00e8 l\u00e8 l\u00e8 moukar pa-i,<br \/>\nK\u00e8t\u00e8 mourak kahi ka-i,<br \/>\nK\u00e8tia douk bouk sad mar,<br \/>\nH\u00e8 bi dat t\u00e8ri datar,<br \/>\nBand kalasi ban\u00e8 ho\u00e8,<br \/>\nHor ak na sak\u00e8 ko\u00e8,<br \/>\nDj\u00e8 ko ka-ik akan pa\u00e8,<br \/>\nOh djan\u00e8 j\u00e8ti a mou ka\u00e8,<br \/>\nAp\u00e8 djan\u00e8 ap\u00e8 d\u00e8i,<br \/>\nAk\u00e8 s\u00e9 b\u00e9 k\u00e8i k\u00e8i,<br \/>\nDjis no baks\u00e8 sifat sala,<br \/>\nNan\u00e8k patsahi patsaho<\/span><\/strong><strong><span style=\"color: #008080;\">.<\/span><\/strong><\/p>\n<p>Ses gr\u00e2ces sont si nombreuses qu\u2019on ne peut en tenir le compte. Supr\u00eame dispensateur, Il ne garde rien pour Lui. Combien de h\u00e9ros mendient Sa gr\u00e2ce! Et combien encore, innombrables, plong\u00e9s en m\u00e9ditation! Nombreux ceux qui se d\u00e9truisent en faisant du mal. Nombreux ceux qui re\u00e7oivent et re\u00e7oivent encore, mais se plaignent de ne jamais rien recevoir. Et nombreux les abrutis, ingrats qui se gavent et se gavent sans fin. Nombreux aussi ceux qui endurent la faim et la souffrance perp\u00e9tuelles. \u00d4 toi qui donnes, Tu donne aussi cela. La lib\u00e9ration de ces entraves ne d\u00e9pend que de Sa volont\u00e9. Nul ne peut pr\u00e9tendre qu\u2019il en est autrement. Et s\u2019il en est un qui trouve \u00e0 redire, alors, il comprendra, comme on re\u00e7oit une gifle en plein visage. Le Soi sait, et donne en cons\u00e9quence. Mais encore une fois, rares sont ceux qui reconnaissent cela et qui l\u2019acceptent. Celui \u00e0 qui il est donn\u00e9 de chanter Sa louange, \u00d4 Nanak, celui-l\u00e0 est le Roi des Rois.<\/p>\n<p style=\"padding-left: 30px;\"><em>Extrait du Djapji (25\u00e8me pauri). Il est dit que si vous r\u00e9citez ce passage, tous vos besoins seront combl\u00e9s par avance. La prosp\u00e9rit\u00e9, la vertu, l\u2019abondance et la richesse seront \u00e0 vous, sans m\u00eame que vous la demandiez.<\/em><\/p>\n<table>\n<tbody>\n<tr>\n<td><iframe loading=\"lazy\" src=\"https:\/\/www.youtube.com\/embed\/pcBojEfHBm0\" width=\"420\" height=\"315\" frameborder=\"0\" allowfullscreen=\"allowfullscreen\"><\/iframe><\/td>\n<td><iframe loading=\"lazy\" src=\"https:\/\/www.youtube.com\/embed\/4FXT_4-Wi0Q\" width=\"420\" height=\"315\" frameborder=\"0\" allowfullscreen=\"allowfullscreen\"><\/iframe><\/td>\n<\/tr>\n<\/tbody>\n<\/table>\n<p style=\"text-align: center;\"><span style=\"color: #800000;\"><strong>A lire \u00e9galement:<\/strong><\/span><br \/>\n<a href=\"http:\/\/ekongkar.yoga\/?page_id=1034\">La science du Naad<\/a>&nbsp;\/&nbsp;<a href=\"http:\/\/ekongkar.yoga\/?page_id=1031\">Les mantras<\/a>&nbsp;\/&nbsp;<a href=\"http:\/\/ekongkar.yoga\/?page_id=1036\">Bij et Ashtang mantras<\/a>&nbsp;\/&nbsp;<a href=\"http:\/\/ekongkar.yoga\/?page_id=1037\">Les mantras et le livre Saint des Sikhs<\/a>&nbsp;\/&nbsp;<a href=\"http:\/\/ekongkar.yoga\/?page_id=1039\">Mantrath\u00e8que<\/a><\/p>\n","protected":false},"excerpt":{"rendered":"<p>Bahouta karam likia na dja\u00e8, Vada data til na tama\u00e8, K\u00e8t\u00e8 mangu\u00e9 djod apar, K\u00e8tia ganat nahi vitchar, K\u00e8t\u00e8 kap tout\u00e8 v\u00e8kar, K\u00e8t\u00e8 l\u00e8 l\u00e8 moukar pa-i, K\u00e8t\u00e8 mourak kahi ka-i, K\u00e8tia douk bouk sad mar, H\u00e8 bi dat t\u00e8ri datar, Band kalasi ban\u00e8 ho\u00e8, Hor ak na sak\u00e8 ko\u00e8,&#8230;<\/p>\n<p> <a class=\"continue-reading-link\" href=\"https:\/\/ekongkar.yoga\/?page_id=1273\"><span>Lire la suite&#8230;<\/span><i class=\"crycon-right-dir\"><\/i><\/a> <\/p>\n","protected":false},"author":1,"featured_media":0,"parent":1039,"menu_order":9,"comment_status":"closed","ping_status":"closed","template":"templates\/template-twocolumns-left.php","meta":{"footnotes":""},"class_list":["post-1273","page","type-page","status-publish","hentry"],"_links":{"self":[{"href":"https:\/\/ekongkar.yoga\/index.php?rest_route=\/wp\/v2\/pages\/1273","targetHints":{"allow":["GET"]}}],"collection":[{"href":"https:\/\/ekongkar.yoga\/index.php?rest_route=\/wp\/v2\/pages"}],"about":[{"href":"https:\/\/ekongkar.yoga\/index.php?rest_route=\/wp\/v2\/types\/page"}],"author":[{"embeddable":true,"href":"https:\/\/ekongkar.yoga\/index.php?rest_route=\/wp\/v2\/users\/1"}],"replies":[{"embeddable":true,"href":"https:\/\/ekongkar.yoga\/index.php?rest_route=%2Fwp%2Fv2%2Fcomments&post=1273"}],"version-history":[{"count":0,"href":"https:\/\/ekongkar.yoga\/index.php?rest_route=\/wp\/v2\/pages\/1273\/revisions"}],"up":[{"embeddable":true,"href":"https:\/\/ekongkar.yoga\/index.php?rest_route=\/wp\/v2\/pages\/1039"}],"wp:attachment":[{"href":"https:\/\/ekongkar.yoga\/index.php?rest_route=%2Fwp%2Fv2%2Fmedia&parent=1273"}],"curies":[{"name":"wp","href":"https:\/\/api.w.org\/{rel}","templated":true}]}}