{"id":1039,"date":"2016-07-25T17:57:06","date_gmt":"2016-07-25T15:57:06","guid":{"rendered":"http:\/\/ekongkar.yoga\/?page_id=1039"},"modified":"2016-07-25T17:57:06","modified_gmt":"2016-07-25T15:57:06","slug":"mantratheque","status":"publish","type":"page","link":"https:\/\/ekongkar.yoga\/?page_id=1039","title":{"rendered":"Mantrath\u00e8que"},"content":{"rendered":"<p><span style=\"color: #8c282c;\"><span style=\"font-size: 18pt;\"><img loading=\"lazy\" decoding=\"async\" class=\"alignleft\" src=\"http:\/\/ekongkar.yoga\/wp-content\/uploads\/2016\/07\/mantratheque-350.jpg\" alt=\"\" width=\"350\" height=\"277\">Mantrath\u00e8que<\/span><\/span><\/p>\n<p><strong><span style=\"color: #008080;\">En pr\u00e9paration&#8230;<\/span><\/strong> pr\u00e9sentation des mantras principaux utilis\u00e9s dans le Kundalini Yoga.<\/p>\n<p>Les liens des mantras ci-dessous seront progressivement&nbsp;activ\u00e9s pour vous renvoyer&nbsp;vers des&nbsp;pages rassemblant le texte du mantra complet, une&nbsp;traduction, \u00e9ventuellement des&nbsp;explications, et surtout&#8230; <span style=\"color: #008080;\"><strong>la possibilit\u00e9 d&rsquo;\u00e9couter quelques compositions chant\u00e9es<\/strong><\/span> de ces mantras.<\/p>\n<table class=\" aligncenter\" style=\"width: 780px;\">\n<tbody>\n<tr>\n<td style=\"width: 10px; background-color: #ece1ed;\">&nbsp;<strong><span style=\"color: #800000;\">A<\/span><\/strong><\/td>\n<td><a href=\"http:\/\/ekongkar.yoga\/?page_id=1236\">Ad\u00e8s tis\u00e8 ad\u00e8s<\/a><br \/>\n<a href=\"http:\/\/ekongkar.yoga\/?page_id=1251\">Ad gour\u00e9 nam\u00e8<\/a><br \/>\n<a href=\"http:\/\/ekongkar.yoga\/?page_id=1252\">Adi shakti<\/a><br \/>\n<a href=\"http:\/\/ekongkar.yoga\/?page_id=1253\">Adj\u00e8 al\u00e8<\/a><br \/>\n<a href=\"http:\/\/ekongkar.yoga\/?page_id=1254\">Ad setch<\/a><br \/>\n<a href=\"http:\/\/ekongkar.yoga\/?page_id=1255\">Akan djor<\/a><br \/>\n<a href=\"http:\/\/ekongkar.yoga\/?page_id=1256\">Ang sang wah\u00e9 gourou<\/a><br \/>\n<a href=\"http:\/\/ekongkar.yoga\/?page_id=1257\">Ap saha-i hoa satch\u00e9<\/a><br \/>\n<a href=\"http:\/\/ekongkar.yoga\/?page_id=1258\">Ardas bahi<\/a><\/td>\n<\/tr>\n<tr>\n<td style=\"background-color: #8a2b2b;\"><strong><span style=\"color: #ffffff;\">B<\/span><\/strong><\/td>\n<td><a href=\"http:\/\/ekongkar.yoga\/?page_id=1273\">Bahouta karam<\/a><br \/>\n<a href=\"http:\/\/ekongkar.yoga\/?page_id=1274\">Bountiful, blissful, and beautiful<\/a><\/td>\n<\/tr>\n<tr>\n<td style=\"background-color: #ece1ed;\"><strong>C<\/strong><\/td>\n<td>&nbsp;<\/td>\n<\/tr>\n<tr>\n<td style=\"background-color: #8a2b2b;\"><strong><span style=\"color: #ffffff;\">D<\/span><\/strong><\/td>\n<td><a href=\"http:\/\/ekongkar.yoga\/?page_id=1275\">Dan dan ram das gour<\/a><br \/>\n<a href=\"http:\/\/ekongkar.yoga\/?page_id=1276\">Djap man sat nam<\/a><\/td>\n<\/tr>\n<tr>\n<td style=\"background-color: #ece1ed;\"><strong>E<\/strong><\/td>\n<td><a href=\"http:\/\/ekongkar.yoga\/?page_id=1285\">\u00c8k ong kar sat gour prasad<\/a><br \/>\n<a href=\"http:\/\/ekongkar.yoga\/?page_id=1799\">\u00c8k ong kar, sat nam, karta pourk&#8230;<\/a><br \/>\n<a href=\"http:\/\/ekongkar.yoga\/?page_id=1286\">\u00c8k ong kar sat nam siri wa h\u00e9 gourou<\/a><br \/>\n<a href=\"http:\/\/ekongkar.yoga\/?page_id=1287\">\u00c8k ong kar(a) sat(\u00e9) nam(a) siri wa(ha) h\u00e9 gourou<\/a><\/td>\n<\/tr>\n<tr>\n<td style=\"background-color: #8a2b2b;\"><strong><span style=\"color: #ffffff;\">F<\/span><\/strong><\/td>\n<td>&nbsp;<\/td>\n<\/tr>\n<tr>\n<td style=\"background-color: #ece1ed;\"><strong>G<\/strong><\/td>\n<td><a href=\"http:\/\/ekongkar.yoga\/?page_id=1293\">Gobind\u00e9, moukand\u00e9<\/a><br \/>\n<a href=\"http:\/\/ekongkar.yoga\/?page_id=1294\">Gourou gourou, wah\u00e9 gourou, gourou ramdas gourou<\/a><\/td>\n<\/tr>\n<tr>\n<td style=\"background-color: #8a2b2b;\"><strong><span style=\"color: #ffffff;\">H<\/span><\/strong><\/td>\n<td>Har<br \/>\n<a href=\"http:\/\/ekongkar.yoga\/?page_id=1296\">Har har\u00e9 hari wah\u00e9 gourou<\/a><br \/>\n<a href=\"http:\/\/ekongkar.yoga\/?page_id=1788\">Har har moukand\u00e9<\/a><br \/>\n<a href=\"http:\/\/ekongkar.yoga\/?page_id=1800\">Har har wah\u00e9 gourou<\/a><br \/>\n<a href=\"http:\/\/ekongkar.yoga\/?page_id=1789\">Har har har har gobind\u00e9<\/a><br \/>\nHari<br \/>\n<a href=\"http:\/\/ekongkar.yoga\/?page_id=1791\">Har sing nar sing<\/a><br \/>\nHealthy am I, happy am I, holy am I<br \/>\n<a href=\"http:\/\/ekongkar.yoga\/?page_id=1793\">Heumi heum bram heum<\/a><br \/>\n<a href=\"http:\/\/ekongkar.yoga\/?page_id=1794\">Heumi heum tou hi tou wah\u00e9 gourou<\/a><\/td>\n<\/tr>\n<tr>\n<td style=\"background-color: #ece1ed;\"><strong>I<\/strong><\/td>\n<td><a href=\"http:\/\/ekongkar.yoga\/?page_id=1795\">I am happy<\/a><br \/>\n<a href=\"http:\/\/ekongkar.yoga\/?page_id=1796\">I&nbsp;am the light of my&nbsp;soul<\/a><\/td>\n<\/tr>\n<tr>\n<td style=\"background-color: #8a2b2b;\"><strong><span style=\"color: #ffffff;\">J<\/span><\/strong><\/td>\n<td>&nbsp;<\/td>\n<\/tr>\n<tr>\n<td style=\"background-color: #ece1ed;\"><strong>K<\/strong><\/td>\n<td><a href=\"http:\/\/ekongkar.yoga\/?page_id=1797\">Kal akal<\/a><\/td>\n<\/tr>\n<tr>\n<td style=\"background-color: #8a2b2b;\"><strong><span style=\"color: #ffffff;\">L<\/span><\/strong><\/td>\n<td>&nbsp;<\/td>\n<\/tr>\n<tr>\n<td style=\"background-color: #ece1ed;\"><strong>M<\/strong><\/td>\n<td><a href=\"http:\/\/ekongkar.yoga\/?page_id=1798\">May the long time sun shine<\/a><br \/>\n<a href=\"http:\/\/ekongkar.yoga\/?page_id=1799\">(Moul mantra)<\/a><\/td>\n<\/tr>\n<tr>\n<td style=\"background-color: #8a2b2b;\"><strong><span style=\"color: #ffffff;\">N<\/span><\/strong><\/td>\n<td>&nbsp;<\/td>\n<\/tr>\n<tr>\n<td style=\"background-color: #ece1ed;\"><strong>O<\/strong><\/td>\n<td>Ong namo<br \/>\nOng sohang<\/td>\n<\/tr>\n<tr>\n<td style=\"background-color: #8a2b2b;\"><strong><span style=\"color: #ffffff;\">P<\/span><\/strong><\/td>\n<td>Pavan gourou<br \/>\nPritvi h\u00e8<\/td>\n<\/tr>\n<tr>\n<td style=\"background-color: #ece1ed;\"><strong>Q<\/strong><\/td>\n<td>&nbsp;<\/td>\n<\/tr>\n<tr>\n<td style=\"background-color: #8a2b2b;\"><strong><span style=\"color: #ffffff;\">R<\/span><\/strong><\/td>\n<td>Rak\u00e9 rak\u00e9nahar<br \/>\nRa ma da sa<\/td>\n<\/tr>\n<tr>\n<td style=\"background-color: #ece1ed;\"><strong>S<\/strong><\/td>\n<td>Sa r\u00e9 sa sa<br \/>\nSa ta na ma<br \/>\nSat nam<br \/>\nSat narayan<br \/>\nSat siri, siri \u00e8kal<\/td>\n<\/tr>\n<tr>\n<td style=\"background-color: #8a2b2b;\"><strong><span style=\"color: #ffffff;\">T<\/span><\/strong><\/td>\n<td>Tchatra tchakra varti<\/td>\n<\/tr>\n<tr>\n<td style=\"background-color: #ece1ed;\"><strong>U<\/strong><\/td>\n<td>&nbsp;<\/td>\n<\/tr>\n<tr>\n<td style=\"background-color: #8a2b2b;\"><strong><span style=\"color: #ffffff;\">V<\/span><\/strong><\/td>\n<td>&nbsp;<\/td>\n<\/tr>\n<tr>\n<td style=\"background-color: #ece1ed;\"><strong>W<\/strong><\/td>\n<td>Wah\u00e9 gourou<br \/>\nWah\u00e9 gourou, wah\u00e9 djio<br \/>\nWa yanti<\/td>\n<\/tr>\n<tr>\n<td style=\"background-color: #8a2b2b;\"><strong><span style=\"color: #ffffff;\">X<\/span><\/strong><\/td>\n<td>&nbsp;<\/td>\n<\/tr>\n<tr>\n<td style=\"background-color: #ece1ed;\"><strong>Y<\/strong><\/td>\n<td>&nbsp;<\/td>\n<\/tr>\n<tr>\n<td style=\"background-color: #8a2b2b;\"><strong><span style=\"color: #ffffff;\">Z<\/span><\/strong><\/td>\n<td>&nbsp;<\/td>\n<\/tr>\n<\/tbody>\n<\/table>\n<p style=\"text-align: center;\"><span style=\"color: #800000;\"><strong>A lire \u00e9galement:<\/strong><\/span><br \/>\n<a href=\"http:\/\/ekongkar.yoga\/?page_id=1034\">La science du Naad<\/a>&nbsp;\/&nbsp;<a href=\"http:\/\/ekongkar.yoga\/?page_id=1031\">Les mantras<\/a>&nbsp;\/&nbsp;<a href=\"http:\/\/ekongkar.yoga\/?page_id=1036\">Bij et Ashtang mantras<\/a>&nbsp;\/&nbsp;<a href=\"http:\/\/ekongkar.yoga\/?page_id=1037\">Les mantras et le livre Saint des Sikhs<\/a>&nbsp;\/ <a href=\"http:\/\/ekongkar.yoga\/?page_id=1626\">Utilisation du gong<\/a> \/&nbsp;Mantrath\u00e8que<\/p>\n<hr>\n<p><span style=\"font-size: 24pt;\">En vid\u00e9os, sur la cha\u00eene YouTube <span style=\"text-decoration: underline; color: #008080;\"><a style=\"color: #008080; text-decoration: underline;\" href=\"https:\/\/www.youtube.com\/channel\/UC6JVXwM88DsvYA7kf4RxFSg\" target=\"_blank\" rel=\"noopener noreferrer\">Yoga Ekongkar<\/a><\/span>&nbsp;:<\/span><\/p>\n<div class=\"mks_col \">\n<div class=\"mks_one_half \"><iframe loading=\"lazy\" width=\"560\" height=\"238\" src=\"https:\/\/www.youtube.com\/embed\/gQdcZWRWnb4?rel=0&amp;showinfo=0\" frameborder=\"0\" allow=\"autoplay; encrypted-media\" allowfullscreen><\/iframe><\/div>\n<div class=\"mks_one_half \"><iframe loading=\"lazy\" width=\"560\" height=\"238\" src=\"https:\/\/www.youtube.com\/embed\/N1K3IpRFol0?rel=0&amp;showinfo=0\" frameborder=\"0\" allow=\"autoplay; encrypted-media\" allowfullscreen><\/iframe><\/div>\n<\/div>\n<div class=\"mks_col \">\n<div class=\"mks_one_half \"><iframe loading=\"lazy\" width=\"560\" height=\"238\" src=\"https:\/\/www.youtube.com\/embed\/9P5-C2j08Fo?rel=0&amp;showinfo=0\" frameborder=\"0\" allow=\"autoplay; encrypted-media\" allowfullscreen><\/iframe><\/div>\n<div class=\"mks_one_half \"><iframe loading=\"lazy\" width=\"560\" height=\"238\" src=\"https:\/\/www.youtube.com\/embed\/XY_cHuhFK10?rel=0&amp;showinfo=0\" frameborder=\"0\" allow=\"autoplay; encrypted-media\" allowfullscreen><\/iframe><\/div>\n<\/div>\n","protected":false},"excerpt":{"rendered":"<p>Mantrath\u00e8que En pr\u00e9paration&#8230; pr\u00e9sentation des mantras principaux utilis\u00e9s dans le Kundalini Yoga. Les liens des mantras ci-dessous seront progressivement&nbsp;activ\u00e9s pour vous renvoyer&nbsp;vers des&nbsp;pages rassemblant le texte du mantra complet, une&nbsp;traduction, \u00e9ventuellement des&nbsp;explications, et surtout&#8230; la possibilit\u00e9 d&rsquo;\u00e9couter quelques compositions chant\u00e9es de ces mantras. &nbsp;A Ad\u00e8s tis\u00e8 ad\u00e8s Ad gour\u00e9 nam\u00e8&#8230;<\/p>\n<p> <a class=\"continue-reading-link\" href=\"https:\/\/ekongkar.yoga\/?page_id=1039\"><span>Lire la suite&#8230;<\/span><i class=\"crycon-right-dir\"><\/i><\/a> <\/p>\n","protected":false},"author":1,"featured_media":1304,"parent":1029,"menu_order":5,"comment_status":"closed","ping_status":"closed","template":"","meta":{"footnotes":""},"class_list":["post-1039","page","type-page","status-publish","has-post-thumbnail","hentry"],"_links":{"self":[{"href":"https:\/\/ekongkar.yoga\/index.php?rest_route=\/wp\/v2\/pages\/1039","targetHints":{"allow":["GET"]}}],"collection":[{"href":"https:\/\/ekongkar.yoga\/index.php?rest_route=\/wp\/v2\/pages"}],"about":[{"href":"https:\/\/ekongkar.yoga\/index.php?rest_route=\/wp\/v2\/types\/page"}],"author":[{"embeddable":true,"href":"https:\/\/ekongkar.yoga\/index.php?rest_route=\/wp\/v2\/users\/1"}],"replies":[{"embeddable":true,"href":"https:\/\/ekongkar.yoga\/index.php?rest_route=%2Fwp%2Fv2%2Fcomments&post=1039"}],"version-history":[{"count":0,"href":"https:\/\/ekongkar.yoga\/index.php?rest_route=\/wp\/v2\/pages\/1039\/revisions"}],"up":[{"embeddable":true,"href":"https:\/\/ekongkar.yoga\/index.php?rest_route=\/wp\/v2\/pages\/1029"}],"wp:featuredmedia":[{"embeddable":true,"href":"https:\/\/ekongkar.yoga\/index.php?rest_route=\/wp\/v2\/media\/1304"}],"wp:attachment":[{"href":"https:\/\/ekongkar.yoga\/index.php?rest_route=%2Fwp%2Fv2%2Fmedia&parent=1039"}],"curies":[{"name":"wp","href":"https:\/\/api.w.org\/{rel}","templated":true}]}}